{"id":29500,"date":"2023-06-23T08:24:09","date_gmt":"2023-06-23T08:38:12","guid":{"rendered":"https:\/\/factory.sale\/?post_type=product&#038;p=29500"},"modified":"2024-06-26T18:04:46","modified_gmt":"2024-06-26T18:04:46","slug":"jalkatuki-ergo-basic","status":"publish","type":"product","link":"https:\/\/factory.sale\/fi\/tuote\/jalkatuki-ergo-basic\/","title":{"rendered":"Jalkatuki Ergo basic"},"content":{"rendered":"<p><strong>Tuotekoodi: 2062<\/strong><br \/>\n<strong>EAN: 5705831200760<\/strong><\/p>\n<p>&nbsp;<\/p>\n<p>Jalkatuki Ergo Basic on monis\u00e4\u00e4t\u00f6inen, paikallaan pysyv\u00e4 yleisjalkatuki. Jalkatukea k\u00e4ytet\u00e4\u00e4n hyv\u00e4n ty\u00f6asennon aikaansaamiseksi. Tuki on helppo, nopea ja turvallinen k\u00e4ytt\u00e4\u00e4. Etu- ja takareunan korkeuss\u00e4\u00e4t\u00f6mahdollisuus.<\/p>\n<p><strong>Tuotetiedot:<\/strong><\/p>\n<ul>\n<li>450 x 350 mm<\/li>\n<li>korkeus 70\/120 mm<\/li>\n<\/ul>\n","protected":false},"excerpt":{"rendered":"<p>Jalkatuki Ergo Basic on monis\u00e4\u00e4t\u00f6inen, paikallaan pysyv\u00e4 yleisjalkatuki. Jalkatukea k\u00e4ytet\u00e4\u00e4n hyv\u00e4n ty\u00f6asennon aikaansaamiseksi. Tuki on helppo, nopea ja turvallinen k\u00e4ytt\u00e4\u00e4. Etu- ja takareunan korkeuss\u00e4\u00e4t\u00f6mahdollisuus.<\/p>\n","protected":false},"featured_media":29497,"comment_status":"open","ping_status":"closed","template":"","meta":{"_acf_changed":false},"factory":[],"free-shipment":[],"product_brand":[],"product_cat":[2491,1319],"product_tag":[],"class_list":{"0":"post-29500","1":"product","2":"type-product","3":"status-publish","4":"has-post-thumbnail","6":"product_cat-ergonomia","7":"product_cat-huonekalut","9":"first","10":"instock","11":"sale","12":"taxable","13":"shipping-taxable","14":"purchasable","15":"product-type-simple"},"acf":[],"_links":{"self":[{"href":"https:\/\/factory.sale\/fi\/wp-json\/wp\/v2\/product\/29500","targetHints":{"allow":["GET"]}}],"collection":[{"href":"https:\/\/factory.sale\/fi\/wp-json\/wp\/v2\/product"}],"about":[{"href":"https:\/\/factory.sale\/fi\/wp-json\/wp\/v2\/types\/product"}],"replies":[{"embeddable":true,"href":"https:\/\/factory.sale\/fi\/wp-json\/wp\/v2\/comments?post=29500"}],"wp:featuredmedia":[{"embeddable":true,"href":"https:\/\/factory.sale\/fi\/wp-json\/wp\/v2\/media\/29497"}],"wp:attachment":[{"href":"https:\/\/factory.sale\/fi\/wp-json\/wp\/v2\/media?parent=29500"}],"wp:term":[{"taxonomy":"factory","embeddable":true,"href":"https:\/\/factory.sale\/fi\/wp-json\/wp\/v2\/factory?post=29500"},{"taxonomy":"free-shipment","embeddable":true,"href":"https:\/\/factory.sale\/fi\/wp-json\/wp\/v2\/free-shipment?post=29500"},{"taxonomy":"product_brand","embeddable":true,"href":"https:\/\/factory.sale\/fi\/wp-json\/wp\/v2\/product_brand?post=29500"},{"taxonomy":"product_cat","embeddable":true,"href":"https:\/\/factory.sale\/fi\/wp-json\/wp\/v2\/product_cat?post=29500"},{"taxonomy":"product_tag","embeddable":true,"href":"https:\/\/factory.sale\/fi\/wp-json\/wp\/v2\/product_tag?post=29500"}],"curies":[{"name":"wp","href":"https:\/\/api.w.org\/{rel}","templated":true}]}}