{"id":29474,"date":"2023-06-22T17:04:00","date_gmt":"2023-06-22T19:13:12","guid":{"rendered":"https:\/\/factory.sale\/?post_type=product&#038;p=29474"},"modified":"2024-06-27T22:20:23","modified_gmt":"2024-06-27T22:20:23","slug":"flex-tasapainotyyny","status":"publish","type":"product","link":"https:\/\/factory.sale\/fi\/tuote\/flex-tasapainotyyny\/","title":{"rendered":"FLEX -Tasapainotyyny"},"content":{"rendered":"<p><strong>Tuotekoodi: 2687<\/strong><br \/>\n<strong>EAN: 6430054930031<\/strong><\/p>\n<p>Tasapainotyyny on ilmat\u00e4ytteinen istumatyyny. Soveltuu mainiosti tasapaino-,koordinaatio- ja lihasvoimaharjoituksiin. Parantaa ty\u00f6ergonomiaa ja ryhti\u00e4. Tasapainotyyny on helppo ja edullinen tapa itsehoitoon. Istuessasi istuintyynyll\u00e4 vahvistat huomaamattasi keskivartalon lihaksia. Syv\u00e4t vatsa- ja selk\u00e4lihakset aktivoituvat ja saat ergonomisen istuma-asennon. Tasapainotyyny on ihanteellinen ihmisille, jotka joutuvat ty\u00f6ss\u00e4\u00e4n istumaan pitki\u00e4 aikoja ja k\u00e4rsiv\u00e4t selk\u00e4ongelmista.<\/p>\n<ul>\n<li>Tasapainotyynyss\u00e4 on nystyr\u00e4t<\/li>\n<li>halkaisija on 33 cm<\/li>\n<li>v\u00e4ri: harmaa<\/li>\n<li>Toimitus sis\u00e4lt\u00e4\u00e4 ilmat\u00e4ytteisen tasapainotyynyn ja k\u00e4sipumpun.<\/li>\n<\/ul>\n<p>&nbsp;<\/p>\n<p><em>Huom! Flex-tasapainotyynyiss\u00e4 on piikki pumppuun, joka l\u00f6ytyy pumpun p\u00e4\u00e4ss\u00e4 olevasta &#8220;s\u00e4ilytystilasta&#8221;.<\/em><\/p>\n<p><em>Takuu: 1 vuosi<\/em><\/p>\n","protected":false},"excerpt":{"rendered":"<p>Tasapainotyyny on ilmat\u00e4ytteinen istumatyyny. Soveltuu mainiosti tasapaino-,koordinaatio- ja lihasvoimaharjoituksiin. Parantaa ty\u00f6ergonomiaa ja ryhti\u00e4. Tasapainotyyny on helppo ja edullinen tapa itsehoitoon. Istuessasi istuintyynyll\u00e4 vahvistat huomaamattasi keskivartalon lihaksia. Syv\u00e4t vatsa- ja selk\u00e4lihakset aktivoituvat ja saat ergonomisen istuma-asennon. Tasapainotyyny on ihanteellinen ihmisille, jotka joutuvat ty\u00f6ss\u00e4\u00e4n istumaan pitki\u00e4 aikoja ja k\u00e4rsiv\u00e4t selk\u00e4ongelmista.<\/p>\n","protected":false},"featured_media":29470,"comment_status":"open","ping_status":"closed","template":"","meta":{"_acf_changed":false},"factory":[],"free-shipment":[],"product_brand":[],"product_cat":[2491,1319],"product_tag":[],"class_list":{"0":"post-29474","1":"product","2":"type-product","3":"status-publish","4":"has-post-thumbnail","6":"product_cat-ergonomia","7":"product_cat-huonekalut","9":"first","10":"instock","11":"sale","12":"taxable","13":"shipping-taxable","14":"purchasable","15":"product-type-simple"},"acf":[],"_links":{"self":[{"href":"https:\/\/factory.sale\/fi\/wp-json\/wp\/v2\/product\/29474","targetHints":{"allow":["GET"]}}],"collection":[{"href":"https:\/\/factory.sale\/fi\/wp-json\/wp\/v2\/product"}],"about":[{"href":"https:\/\/factory.sale\/fi\/wp-json\/wp\/v2\/types\/product"}],"replies":[{"embeddable":true,"href":"https:\/\/factory.sale\/fi\/wp-json\/wp\/v2\/comments?post=29474"}],"wp:featuredmedia":[{"embeddable":true,"href":"https:\/\/factory.sale\/fi\/wp-json\/wp\/v2\/media\/29470"}],"wp:attachment":[{"href":"https:\/\/factory.sale\/fi\/wp-json\/wp\/v2\/media?parent=29474"}],"wp:term":[{"taxonomy":"factory","embeddable":true,"href":"https:\/\/factory.sale\/fi\/wp-json\/wp\/v2\/factory?post=29474"},{"taxonomy":"free-shipment","embeddable":true,"href":"https:\/\/factory.sale\/fi\/wp-json\/wp\/v2\/free-shipment?post=29474"},{"taxonomy":"product_brand","embeddable":true,"href":"https:\/\/factory.sale\/fi\/wp-json\/wp\/v2\/product_brand?post=29474"},{"taxonomy":"product_cat","embeddable":true,"href":"https:\/\/factory.sale\/fi\/wp-json\/wp\/v2\/product_cat?post=29474"},{"taxonomy":"product_tag","embeddable":true,"href":"https:\/\/factory.sale\/fi\/wp-json\/wp\/v2\/product_tag?post=29474"}],"curies":[{"name":"wp","href":"https:\/\/api.w.org\/{rel}","templated":true}]}}