{"id":29460,"date":"2023-06-22T16:27:29","date_gmt":"2023-06-22T16:55:55","guid":{"rendered":"https:\/\/factory.sale\/?post_type=product&#038;p=29460"},"modified":"2024-06-27T07:39:27","modified_gmt":"2024-06-27T07:39:27","slug":"posture-balance-aktiivi-istuin","status":"publish","type":"product","link":"https:\/\/factory.sale\/fi\/tuote\/posture-balance-aktiivi-istuin\/","title":{"rendered":"Posture Balance aktiivi-istuin"},"content":{"rendered":"<p><strong>Tuotekoodi: 3232<\/strong><br \/>\n<strong>EAN: 7350059826216<\/strong><\/p>\n<p>&nbsp;<\/p>\n<p>Posture Balance aktiivi-istuin antaa sel\u00e4lle t\u00e4rke\u00e4n liikkeen ja harjoittaa samalla keskivartalon lihaksia. Posture Balance aktiivi- istuinta voidaan k\u00e4ytt\u00e4\u00e4 l\u00e4hes kaikilla tuoleilla ja eri alustoilla. Py\u00f6re\u00e4 istuinalusta synnytt\u00e4\u00e4 joka suuntaan keinuvan liikkeen ja tasapainoilu istuimella mahdollistaa liikesarjat kaikkiin suuntiin ja eri lihasryhmiin. Saat terveellist\u00e4 liikuntaa ty\u00f6n lomassa. Posture Balance on suunniteltu siten, ett\u00e4 selk\u00e4 saa kaipaamaansa liikeharjoituksen itsest\u00e4\u00e4n. Istuttaessa selk\u00e4 automaattisesti suoristuu ja istuma-asento pysyy ryhdikk\u00e4\u00e4n\u00e4. Terveysvaikutukset ovat moninaiset: keskivartalon lihakset vahvistuvat, aineenvaihdunta ja verenkierto vilkastuvat, selk\u00e4vaivat helpottavat, vartalo kiinteytyy ja hoikistuu. Sopii kaikenik\u00e4isille, sek\u00e4 miehille ett\u00e4 naisille.<\/p>\n<p>&nbsp;<\/p>\n<p><strong>Tuotetiedot:<\/strong><\/p>\n<ul>\n<li>halkaisija: 31 cm<\/li>\n<li>korkeus: 10 cm<\/li>\n<li>paino: 1,8 kg<\/li>\n<li>painoraja: 130 kg<\/li>\n<li>v\u00e4ri: musta<\/li>\n<li>materiaali mustaksi maalattu MDF levy<\/li>\n<li>pehmuste polyesteria ja puuvillaa<\/li>\n<li>liikkuva nivel metallia ja kumia<\/li>\n<li>Takuu 3 vuotta<\/li>\n<\/ul>\n<p>&nbsp;<\/p>\n","protected":false},"excerpt":{"rendered":"<p>Posture Balance aktiivi-istuin antaa sel\u00e4lle t\u00e4rke\u00e4n liikkeen ja harjoittaa samalla keskivartalon lihaksia. Posture Balance aktiivi- istuinta voidaan k\u00e4ytt\u00e4\u00e4 l\u00e4hes kaikilla tuoleilla ja eri alustoilla. Py\u00f6re\u00e4 istuinalusta synnytt\u00e4\u00e4 joka suuntaan keinuvan liikkeen ja tasapainoilu istuimella mahdollistaa liikesarjat kaikkiin suuntiin ja eri lihasryhmiin. Saat terveellist\u00e4 liikuntaa ty\u00f6n lomassa. Posture Balance on suunniteltu siten, ett\u00e4 selk\u00e4 saa kaipaamaansa liikeharjoituksen itsest\u00e4\u00e4n. Istuttaessa selk\u00e4 automaattisesti suoristuu ja istuma-asento pysyy ryhdikk\u00e4\u00e4n\u00e4. Terveysvaikutukset ovat moninaiset: keskivartalon lihakset vahvistuvat, aineenvaihdunta ja verenkierto vilkastuvat, selk\u00e4vaivat helpottavat, vartalo kiinteytyy ja hoikistuu. Sopii kaikenik\u00e4isille, sek\u00e4 miehille ett\u00e4 naisille.<\/p>\n","protected":false},"featured_media":29454,"comment_status":"open","ping_status":"closed","template":"","meta":{"_acf_changed":false},"factory":[],"free-shipment":[],"product_brand":[],"product_cat":[2491,1319],"product_tag":[],"class_list":{"0":"post-29460","1":"product","2":"type-product","3":"status-publish","4":"has-post-thumbnail","6":"product_cat-ergonomia","7":"product_cat-huonekalut","9":"first","10":"instock","11":"sale","12":"taxable","13":"shipping-taxable","14":"purchasable","15":"product-type-simple"},"acf":[],"_links":{"self":[{"href":"https:\/\/factory.sale\/fi\/wp-json\/wp\/v2\/product\/29460","targetHints":{"allow":["GET"]}}],"collection":[{"href":"https:\/\/factory.sale\/fi\/wp-json\/wp\/v2\/product"}],"about":[{"href":"https:\/\/factory.sale\/fi\/wp-json\/wp\/v2\/types\/product"}],"replies":[{"embeddable":true,"href":"https:\/\/factory.sale\/fi\/wp-json\/wp\/v2\/comments?post=29460"}],"wp:featuredmedia":[{"embeddable":true,"href":"https:\/\/factory.sale\/fi\/wp-json\/wp\/v2\/media\/29454"}],"wp:attachment":[{"href":"https:\/\/factory.sale\/fi\/wp-json\/wp\/v2\/media?parent=29460"}],"wp:term":[{"taxonomy":"factory","embeddable":true,"href":"https:\/\/factory.sale\/fi\/wp-json\/wp\/v2\/factory?post=29460"},{"taxonomy":"free-shipment","embeddable":true,"href":"https:\/\/factory.sale\/fi\/wp-json\/wp\/v2\/free-shipment?post=29460"},{"taxonomy":"product_brand","embeddable":true,"href":"https:\/\/factory.sale\/fi\/wp-json\/wp\/v2\/product_brand?post=29460"},{"taxonomy":"product_cat","embeddable":true,"href":"https:\/\/factory.sale\/fi\/wp-json\/wp\/v2\/product_cat?post=29460"},{"taxonomy":"product_tag","embeddable":true,"href":"https:\/\/factory.sale\/fi\/wp-json\/wp\/v2\/product_tag?post=29460"}],"curies":[{"name":"wp","href":"https:\/\/api.w.org\/{rel}","templated":true}]}}