{"id":29447,"date":"2023-06-21T07:44:26","date_gmt":"2023-06-21T07:57:53","guid":{"rendered":"https:\/\/factory.sale\/?post_type=product&#038;p=29447"},"modified":"2024-07-01T02:54:24","modified_gmt":"2024-07-01T02:54:24","slug":"ergotex-selkatuki-toimistoon-autoon-kotiin","status":"publish","type":"product","link":"https:\/\/factory.sale\/fi\/tuote\/ergotex-selkatuki-toimistoon-autoon-kotiin\/","title":{"rendered":"Ergotex-selk\u00e4tuki toimistoon\/autoon\/kotiin"},"content":{"rendered":"<p><strong>SKU: 2745<\/strong><br \/>\n<strong>EAN: 6430054931748<\/strong><\/p>\n<p>Irrotettava selk\u00e4tukityyny.<\/p>\n<p>Selk\u00e4tuki tukee lannerangaa. Verkko on joustava selk\u00e4nojan mukaan, hengitt\u00e4v\u00e4 ja ilmava. Sopii l\u00e4hes kaikkiin selk\u00e4nojatuoleihin. Sopii k\u00e4ytett\u00e4v\u00e4ksi my\u00f6s autoissa.<\/p>\n","protected":false},"excerpt":{"rendered":"<p>Irrotettava selk\u00e4tukityyny.<\/p>\n<p>Selk\u00e4tuki tukee lannerangaa. Verkko on joustava selk\u00e4nojan mukaan, hengitt\u00e4v\u00e4 ja ilmava. Sopii l\u00e4hes kaikkiin selk\u00e4nojatuoleihin. Sopii k\u00e4ytett\u00e4v\u00e4ksi my\u00f6s autoissa.<\/p>\n","protected":false},"featured_media":29438,"comment_status":"open","ping_status":"closed","template":"","meta":{"_acf_changed":false},"factory":[],"free-shipment":[],"product_brand":[],"product_cat":[2491,1319],"product_tag":[],"class_list":{"0":"post-29447","1":"product","2":"type-product","3":"status-publish","4":"has-post-thumbnail","6":"product_cat-ergonomia","7":"product_cat-huonekalut","9":"first","10":"instock","11":"sale","12":"taxable","13":"shipping-taxable","14":"purchasable","15":"product-type-simple"},"acf":[],"_links":{"self":[{"href":"https:\/\/factory.sale\/fi\/wp-json\/wp\/v2\/product\/29447","targetHints":{"allow":["GET"]}}],"collection":[{"href":"https:\/\/factory.sale\/fi\/wp-json\/wp\/v2\/product"}],"about":[{"href":"https:\/\/factory.sale\/fi\/wp-json\/wp\/v2\/types\/product"}],"replies":[{"embeddable":true,"href":"https:\/\/factory.sale\/fi\/wp-json\/wp\/v2\/comments?post=29447"}],"wp:featuredmedia":[{"embeddable":true,"href":"https:\/\/factory.sale\/fi\/wp-json\/wp\/v2\/media\/29438"}],"wp:attachment":[{"href":"https:\/\/factory.sale\/fi\/wp-json\/wp\/v2\/media?parent=29447"}],"wp:term":[{"taxonomy":"factory","embeddable":true,"href":"https:\/\/factory.sale\/fi\/wp-json\/wp\/v2\/factory?post=29447"},{"taxonomy":"free-shipment","embeddable":true,"href":"https:\/\/factory.sale\/fi\/wp-json\/wp\/v2\/free-shipment?post=29447"},{"taxonomy":"product_brand","embeddable":true,"href":"https:\/\/factory.sale\/fi\/wp-json\/wp\/v2\/product_brand?post=29447"},{"taxonomy":"product_cat","embeddable":true,"href":"https:\/\/factory.sale\/fi\/wp-json\/wp\/v2\/product_cat?post=29447"},{"taxonomy":"product_tag","embeddable":true,"href":"https:\/\/factory.sale\/fi\/wp-json\/wp\/v2\/product_tag?post=29447"}],"curies":[{"name":"wp","href":"https:\/\/api.w.org\/{rel}","templated":true}]}}