{"id":29432,"date":"2023-06-20T16:23:50","date_gmt":"2023-06-21T07:41:33","guid":{"rendered":"https:\/\/factory.sale\/?post_type=product&#038;p=29432"},"modified":"2024-06-29T11:48:44","modified_gmt":"2024-06-29T11:48:44","slug":"muotoutuva-deluxe-selkatukityyny","status":"publish","type":"product","link":"https:\/\/factory.sale\/fi\/tuote\/muotoutuva-deluxe-selkatukityyny\/","title":{"rendered":"Muotoutuva Deluxe selk\u00e4tukityyny"},"content":{"rendered":"<p><strong>SKU: BB6006BK<\/strong><\/p>\n<p><strong>EAN: 83191600620<\/strong><\/p>\n<p>&nbsp;<\/p>\n<p>Mediback-selk\u00e4tuki antaa lis\u00e4tukea selk\u00e4\u00e4n ja v\u00e4hent\u00e4\u00e4 tehokkaasti istumisesta aiheutuvaa rasitusta. Viskoelastinen geelim\u00e4inen materiaali on muotoiltu kehon painon mukaan. Lis\u00e4ksi se seuraa sel\u00e4n liikkeit\u00e4 ja antaa tukea eri asennoissa. Muotoiltu selk\u00e4noja lis\u00e4\u00e4 ergonomiaa ja mukavuutta istumiseen. Se sopii ty\u00f6tuoliin, turvaistuimeen, kokouksiin, lentoihin, luentoihin jne. V\u00e4ri musta, mitat: leveys 350-470 mm, tyynyn mitat: 30 mm &#8211; 70 mm.<\/p>\n<p>&nbsp;<\/p>\n<p><strong>Tuotetiedot:<\/strong><\/p>\n<ul>\n<li>Mitat: leveys 38 cm, korkeus 33 cm<\/li>\n<li>V\u00e4ri musta<\/li>\n<li>Pehmusteen materiaali: Viskoelastinen polyuretaani<\/li>\n<li>Ulkomateriaali: 20 % puuvillaa, 80 % polyesteri\u00e4<\/li>\n<li>P\u00e4\u00e4llinen irrotettava ja pest\u00e4v\u00e4 (k\u00e4sinpesu)<\/li>\n<li>Takuu 1 vuosi<\/li>\n<\/ul>\n","protected":false},"excerpt":{"rendered":"<p>Mediback-selk\u00e4tuki antaa lis\u00e4tukea selk\u00e4\u00e4n ja v\u00e4hent\u00e4\u00e4 tehokkaasti istumisesta aiheutuvaa rasitusta. Viskoelastinen geelim\u00e4inen materiaali on muotoiltu kehon painon mukaan. Lis\u00e4ksi se seuraa sel\u00e4n liikkeit\u00e4 ja antaa tukea eri asennoissa. Muotoiltu selk\u00e4noja lis\u00e4\u00e4 ergonomiaa ja mukavuutta istumiseen. Se sopii ty\u00f6tuoliin, turvaistuimeen, kokouksiin, lentoihin, luentoihin jne. V\u00e4ri musta, mitat: leveys 350-470 mm, tyynyn mitat: 30 mm &#8211; 70 mm.<\/p>\n","protected":false},"featured_media":29423,"comment_status":"open","ping_status":"closed","template":"","meta":{"_acf_changed":false},"factory":[],"free-shipment":[],"product_brand":[],"product_cat":[2491,1319],"product_tag":[],"class_list":{"0":"post-29432","1":"product","2":"type-product","3":"status-publish","4":"has-post-thumbnail","6":"product_cat-ergonomia","7":"product_cat-huonekalut","9":"first","10":"instock","11":"sale","12":"taxable","13":"shipping-taxable","14":"purchasable","15":"product-type-simple"},"acf":[],"_links":{"self":[{"href":"https:\/\/factory.sale\/fi\/wp-json\/wp\/v2\/product\/29432","targetHints":{"allow":["GET"]}}],"collection":[{"href":"https:\/\/factory.sale\/fi\/wp-json\/wp\/v2\/product"}],"about":[{"href":"https:\/\/factory.sale\/fi\/wp-json\/wp\/v2\/types\/product"}],"replies":[{"embeddable":true,"href":"https:\/\/factory.sale\/fi\/wp-json\/wp\/v2\/comments?post=29432"}],"wp:featuredmedia":[{"embeddable":true,"href":"https:\/\/factory.sale\/fi\/wp-json\/wp\/v2\/media\/29423"}],"wp:attachment":[{"href":"https:\/\/factory.sale\/fi\/wp-json\/wp\/v2\/media?parent=29432"}],"wp:term":[{"taxonomy":"factory","embeddable":true,"href":"https:\/\/factory.sale\/fi\/wp-json\/wp\/v2\/factory?post=29432"},{"taxonomy":"free-shipment","embeddable":true,"href":"https:\/\/factory.sale\/fi\/wp-json\/wp\/v2\/free-shipment?post=29432"},{"taxonomy":"product_brand","embeddable":true,"href":"https:\/\/factory.sale\/fi\/wp-json\/wp\/v2\/product_brand?post=29432"},{"taxonomy":"product_cat","embeddable":true,"href":"https:\/\/factory.sale\/fi\/wp-json\/wp\/v2\/product_cat?post=29432"},{"taxonomy":"product_tag","embeddable":true,"href":"https:\/\/factory.sale\/fi\/wp-json\/wp\/v2\/product_tag?post=29432"}],"curies":[{"name":"wp","href":"https:\/\/api.w.org\/{rel}","templated":true}]}}