{"id":29413,"date":"2023-06-20T16:03:46","date_gmt":"2023-06-20T16:22:20","guid":{"rendered":"https:\/\/factory.sale\/?post_type=product&#038;p=29413"},"modified":"2024-06-27T01:14:21","modified_gmt":"2024-06-27T01:14:21","slug":"getupdesk-elite-sahkopoyta","status":"publish","type":"product","link":"https:\/\/factory.sale\/fi\/tuote\/getupdesk-elite-sahkopoyta\/","title":{"rendered":"GetUpDesk Elite s\u00e4hk\u00f6p\u00f6yt\u00e4"},"content":{"rendered":"<p><strong>SKU: 610703 (valkoinen)<\/strong><br \/>\n<strong>EAN: 6430054933667<\/strong><\/p>\n<p><strong>SKU: 610803 (musta)<\/strong><br \/>\n<strong>EAN: 6430054933674<\/strong><\/p>\n<p>&nbsp;<\/p>\n<p>GetUpDesk Elite s\u00e4hk\u00f6p\u00f6yt\u00e4 on laadukas s\u00e4hk\u00f6p\u00f6yt\u00e4 yhdell\u00e4 moottorilla. Paketti sis\u00e4lt\u00e4\u00e4 p\u00f6yt\u00e4levyn esiasennuksen reikineen ja rungon. Nopea asentaa ja helppo k\u00e4ytt\u00e4\u00e4.<br \/>\nMalleja on musta ja valkoinen. T\u00e4ydellinen toimistoihin, kouluihin, kotiin ja useimpiin ty\u00f6ymp\u00e4rist\u00f6ihin. T\u00f6rm\u00e4yksenestoj\u00e4rjestelm\u00e4 parantaa turvallisuutta. Painikeohjain tarjoaa yksil\u00f6llisesti r\u00e4\u00e4t\u00e4l\u00f6ityj\u00e4 muisti- ja ajastintoimintoja, jotka johtavat terveellisemp\u00e4\u00e4n ty\u00f6tottumukseen. Kaikki on pakattu yhteen laatikkoon.<\/p>\n<p>&nbsp;<\/p>\n<p><strong>Tekninen informaatio:<\/strong><\/p>\n<ul>\n<li>P\u00f6yt\u00e4levyn koko 1200 x 600 x 18 mm<\/li>\n<li>P\u00f6yt\u00e4levyn materiaali: Laminaatti\/melamiini<\/li>\n<li>Rungon nostokyky on 70 kg<\/li>\n<li>Korkeuss\u00e4\u00e4t\u00f6: 730-1210 mm (s\u00e4\u00e4t\u00f6v\u00e4li 480 mm)<\/li>\n<li>Yksi moottori Nostonopeus: 38 mm\/s<\/li>\n<li>T\u00f6rm\u00e4yssuoja: Kyll\u00e4<\/li>\n<li>Muistiohjain, kolme muistia<\/li>\n<li>CE hyv\u00e4ksytty<\/li>\n<li>Takuu 5 vuotta<\/li>\n<li>Ajastintoiminto: Kyll\u00e4<\/li>\n<li>Tuotenro: Valkoinen: 610703 \/ Musta: 610803<\/li>\n<li>Mitat: P\u00f6yt\u00e4 1200 x 600 x 15 mm<\/li>\n<li>Materiaalit: Ter\u00e4s, MDF, muovi<\/li>\n<li>Nostokyky, dynaaminen: 80 kg<\/li>\n<li>Korkeuss\u00e4\u00e4t\u00f6: 720\u20131200 mm<\/li>\n<li>Yksi moottori<\/li>\n<li>Nopeus: 38 mm\/s<\/li>\n<li>T\u00f6rm\u00e4yksenesto: Kyll\u00e4, gyropohjainen, pehme\u00e4<\/li>\n<li>Paino: 31,5 kg<\/li>\n<li>Ohjauspaneeli muistitoiminnolla: Kyll\u00e4, vakio (4 muistia)<\/li>\n<li>Sovellusten hallinta: Kyll\u00e4, vakio (lataa App Storesta tai Google Playsta)<\/li>\n<li>CE todistettu<\/li>\n<li>Takuu 5 vuotta<\/li>\n<\/ul>\n","protected":false},"excerpt":{"rendered":"<p>GetUpDesk Elite s\u00e4hk\u00f6p\u00f6yt\u00e4 on laadukas s\u00e4hk\u00f6p\u00f6yt\u00e4 yhdell\u00e4 moottorilla. Paketti sis\u00e4lt\u00e4\u00e4 p\u00f6yt\u00e4levyn esiasennuksen reikineen ja rungon. Nopea asentaa ja helppo k\u00e4ytt\u00e4\u00e4.<br \/>\nMalleja on musta ja valkoinen. T\u00e4ydellinen toimistoihin, kouluihin, kotiin ja useimpiin ty\u00f6ymp\u00e4rist\u00f6ihin. T\u00f6rm\u00e4yksenestoj\u00e4rjestelm\u00e4 parantaa turvallisuutta. Painikeohjain tarjoaa yksil\u00f6llisesti r\u00e4\u00e4t\u00e4l\u00f6ityj\u00e4 muisti- ja ajastintoimintoja, jotka johtavat terveellisemp\u00e4\u00e4n ty\u00f6tottumukseen. Kaikki on pakattu yhteen laatikkoon.<\/p>\n<p>&nbsp;<\/p>\n","protected":false},"featured_media":29403,"comment_status":"open","ping_status":"closed","template":"","meta":{"_acf_changed":false},"factory":[],"free-shipment":[],"product_brand":[],"product_cat":[2491,1319],"product_tag":[],"class_list":{"0":"post-29413","1":"product","2":"type-product","3":"status-publish","4":"has-post-thumbnail","6":"product_cat-ergonomia","7":"product_cat-huonekalut","9":"first","10":"instock","11":"sale","12":"taxable","13":"shipping-taxable","14":"purchasable","15":"product-type-simple"},"acf":[],"_links":{"self":[{"href":"https:\/\/factory.sale\/fi\/wp-json\/wp\/v2\/product\/29413","targetHints":{"allow":["GET"]}}],"collection":[{"href":"https:\/\/factory.sale\/fi\/wp-json\/wp\/v2\/product"}],"about":[{"href":"https:\/\/factory.sale\/fi\/wp-json\/wp\/v2\/types\/product"}],"replies":[{"embeddable":true,"href":"https:\/\/factory.sale\/fi\/wp-json\/wp\/v2\/comments?post=29413"}],"wp:featuredmedia":[{"embeddable":true,"href":"https:\/\/factory.sale\/fi\/wp-json\/wp\/v2\/media\/29403"}],"wp:attachment":[{"href":"https:\/\/factory.sale\/fi\/wp-json\/wp\/v2\/media?parent=29413"}],"wp:term":[{"taxonomy":"factory","embeddable":true,"href":"https:\/\/factory.sale\/fi\/wp-json\/wp\/v2\/factory?post=29413"},{"taxonomy":"free-shipment","embeddable":true,"href":"https:\/\/factory.sale\/fi\/wp-json\/wp\/v2\/free-shipment?post=29413"},{"taxonomy":"product_brand","embeddable":true,"href":"https:\/\/factory.sale\/fi\/wp-json\/wp\/v2\/product_brand?post=29413"},{"taxonomy":"product_cat","embeddable":true,"href":"https:\/\/factory.sale\/fi\/wp-json\/wp\/v2\/product_cat?post=29413"},{"taxonomy":"product_tag","embeddable":true,"href":"https:\/\/factory.sale\/fi\/wp-json\/wp\/v2\/product_tag?post=29413"}],"curies":[{"name":"wp","href":"https:\/\/api.w.org\/{rel}","templated":true}]}}