{"id":29379,"date":"2023-06-19T19:11:35","date_gmt":"2023-06-20T14:54:19","guid":{"rendered":"https:\/\/factory.sale\/?post_type=product&#038;p=29379"},"modified":"2025-03-27T01:22:14","modified_gmt":"2025-03-26T22:22:14","slug":"getupdesk-move","status":"publish","type":"product","link":"https:\/\/factory.sale\/fi\/tuote\/getupdesk-move\/","title":{"rendered":"GetUpDesk Move"},"content":{"rendered":"<p><strong>SKU: MT1080WH (valkoinen)<\/strong><br \/>\n<strong>EAN: 6430054933483<\/strong><\/p>\n<p><strong>SKU: MT1080BL (musta)<\/strong><br \/>\n<strong>EAN: 6430054933490<\/strong><\/p>\n<p>&nbsp;<\/p>\n<p>GetUpDesk Move on manuaalisesti korkeuss\u00e4\u00e4dett\u00e4v\u00e4 p\u00f6yt\u00e4, joka voidaan taittaa ja helposti siirt\u00e4\u00e4, siirt\u00e4\u00e4 ja varastoida. P\u00f6yd\u00e4ss\u00e4 on kaksi rengasta, joiden avulla p\u00f6yt\u00e4 on helppo siirt\u00e4\u00e4 paikasta toiseen. P\u00f6yt\u00e4 on taitettava, joten se vie vain v\u00e4h\u00e4n tilaa s\u00e4ilytykseen. GetUpDesk Move -p\u00f6yt\u00e4 soveltuu k\u00e4ytett\u00e4v\u00e4ksi t\u00f6iss\u00e4, kotona, m\u00f6kill\u00e4, kouluissa jne. P\u00f6yt\u00e4 on saatavana valkoisena ja mustana. P\u00f6yt\u00e4levy on valmistettu kest\u00e4v\u00e4st\u00e4 laminaatista. Runko on valmistettu metallista. P\u00f6yd\u00e4n p\u00e4\u00e4ss\u00e4 on s\u00e4\u00e4t\u00f6kahva, jota k\u00e4\u00e4nt\u00e4m\u00e4ll\u00e4 p\u00f6yd\u00e4n korkeutta voidaan s\u00e4\u00e4t\u00e4\u00e4 askel askeleelta kuuteen eri korkeuteen. P\u00f6yd\u00e4n korkeus mitat: 69,5 cm\/ 79,2 cm\/ 85,8 cm\/ 95,8 cm\/ 102,8 cm\/ 108 cm.<\/p>\n<p>GetUpDesk Move mahdollistaa aktiivisen ty\u00f6skentelyn eri asennoissa.<\/p>\n<p>&nbsp;<\/p>\n<p><strong>Tuotetiedot:<\/strong><\/p>\n<ul>\n<li>Istumiskorkeudesta seisomakorkeuteen k\u00e4tev\u00e4sti<\/li>\n<li>S\u00e4\u00e4dett\u00e4viss\u00e4 yhdeks\u00e4\u00e4n eri korkeuteen<\/li>\n<li>Helppo s\u00e4\u00e4t\u00e4\u00e4 (s\u00e4\u00e4t\u00f6kahva p\u00f6yd\u00e4n p\u00e4\u00e4ss\u00e4)<\/li>\n<li>Suurin s\u00e4\u00e4t\u00f6alue 69,5 &#8211; 108 cm<\/li>\n<li>Paino 16 kg (pakkauksen kanssa 17,2 kg)<\/li>\n<li>Maksimikuormitus 20 kg<\/li>\n<li>P\u00f6yt\u00e4levyn mitat: leveys 90 cm \/ syvyys 45 cm \/ levyn paksuus 20 mm<\/li>\n<li>V\u00e4ri: valkoinen\/musta<\/li>\n<li>Metallirunko, kest\u00e4v\u00e4 laminaattip\u00f6yt\u00e4levy<\/li>\n<li>Kokonaispituus kokoon taitettuna 120 cm<\/li>\n<li>Takuu 5 vuotta<\/li>\n<li>Pakkauksen mitat: 122 cm x 46 cm x 14,5 cm<\/li>\n<\/ul>\n","protected":false},"excerpt":{"rendered":"<p>GetUpDesk Move mahdollistaa aktiivisen ty\u00f6skentelyn eri asennoissa.<\/p>\n<p>GetUpDesk Move on manuaalisesti korkeuss\u00e4\u00e4dett\u00e4v\u00e4 p\u00f6yt\u00e4, joka voidaan taittaa ja helposti siirt\u00e4\u00e4, siirt\u00e4\u00e4 ja varastoida. P\u00f6yd\u00e4ss\u00e4 on kaksi rengasta, joiden avulla p\u00f6yt\u00e4 on helppo siirt\u00e4\u00e4 paikasta toiseen. P\u00f6yt\u00e4 on taitettava, joten se vie vain v\u00e4h\u00e4n tilaa s\u00e4ilytykseen. GetUpDesk Move -p\u00f6yt\u00e4 soveltuu k\u00e4ytett\u00e4v\u00e4ksi t\u00f6iss\u00e4, kotona, m\u00f6kill\u00e4, kouluissa jne.<\/p>\n","protected":false},"featured_media":29370,"comment_status":"open","ping_status":"closed","template":"","meta":{"_acf_changed":false},"factory":[],"free-shipment":[],"product_brand":[],"product_cat":[2491,1319],"product_tag":[],"class_list":{"0":"post-29379","1":"product","2":"type-product","3":"status-publish","4":"has-post-thumbnail","6":"product_cat-ergonomia","7":"product_cat-huonekalut","9":"first","10":"instock","11":"sale","12":"taxable","13":"shipping-taxable","14":"purchasable","15":"product-type-simple"},"acf":[],"_links":{"self":[{"href":"https:\/\/factory.sale\/fi\/wp-json\/wp\/v2\/product\/29379","targetHints":{"allow":["GET"]}}],"collection":[{"href":"https:\/\/factory.sale\/fi\/wp-json\/wp\/v2\/product"}],"about":[{"href":"https:\/\/factory.sale\/fi\/wp-json\/wp\/v2\/types\/product"}],"replies":[{"embeddable":true,"href":"https:\/\/factory.sale\/fi\/wp-json\/wp\/v2\/comments?post=29379"}],"wp:featuredmedia":[{"embeddable":true,"href":"https:\/\/factory.sale\/fi\/wp-json\/wp\/v2\/media\/29370"}],"wp:attachment":[{"href":"https:\/\/factory.sale\/fi\/wp-json\/wp\/v2\/media?parent=29379"}],"wp:term":[{"taxonomy":"factory","embeddable":true,"href":"https:\/\/factory.sale\/fi\/wp-json\/wp\/v2\/factory?post=29379"},{"taxonomy":"free-shipment","embeddable":true,"href":"https:\/\/factory.sale\/fi\/wp-json\/wp\/v2\/free-shipment?post=29379"},{"taxonomy":"product_brand","embeddable":true,"href":"https:\/\/factory.sale\/fi\/wp-json\/wp\/v2\/product_brand?post=29379"},{"taxonomy":"product_cat","embeddable":true,"href":"https:\/\/factory.sale\/fi\/wp-json\/wp\/v2\/product_cat?post=29379"},{"taxonomy":"product_tag","embeddable":true,"href":"https:\/\/factory.sale\/fi\/wp-json\/wp\/v2\/product_tag?post=29379"}],"curies":[{"name":"wp","href":"https:\/\/api.w.org\/{rel}","templated":true}]}}