{"id":29362,"date":"2023-06-19T18:25:49","date_gmt":"2023-06-19T18:48:59","guid":{"rendered":"https:\/\/factory.sale\/?post_type=product&#038;p=29362"},"modified":"2024-06-30T08:14:53","modified_gmt":"2024-06-30T08:14:53","slug":"getupdesk-tilt","status":"publish","type":"product","link":"https:\/\/factory.sale\/fi\/tuote\/getupdesk-tilt\/","title":{"rendered":"GetUpDesk tilt"},"content":{"rendered":"<p><strong>Tuotekoodi: GT1370WH (Valkoinen)<\/strong><br \/>\n<strong>EAN: 6430054932752 (Valkoinen)<\/strong><\/p>\n<p>&nbsp;<\/p>\n<p><strong>Tuotekoodi: GT1370BL (musta)<\/strong><\/p>\n<p><strong>EAN:6430054932790 (musta)<\/strong><\/p>\n<p>&nbsp;<\/p>\n<p>V\u00e4ri: Valkoinen, Musta<\/p>\n<p>GetUpDesk Tilt on kaasujousellisella korkeudens\u00e4\u00e4d\u00f6ll\u00e4 s\u00e4\u00e4dett\u00e4v\u00e4 ty\u00f6p\u00f6yt\u00e4, jossa my\u00f6s kaltevuuden s\u00e4\u00e4t\u00f6. P\u00f6yd\u00e4n etureunassa on stoppari, joka ehk\u00e4isee tavaroiden tippumisen p\u00f6yt\u00e4tason ollessa kallistettuna. P\u00f6yt\u00e4 toimitetaan renkailla, joista kaksi on lukittavissa. P\u00f6yt\u00e4 soveltuu k\u00e4ytett\u00e4v\u00e4ksi t\u00f6iss\u00e4, kotona, m\u00f6kill\u00e4, kouluissa jne. Kansi valkoista melamiini laminaattia, ABS-reunalistalla. S\u00e4\u00e4t\u00f6vara 76,5 &#8211; 113 cm. Helposti s\u00e4\u00e4dett\u00e4v\u00e4 ja siirrett\u00e4v\u00e4 p\u00f6yt\u00e4, mahdollistaa aktiivisen ty\u00f6skentelyn sek\u00e4 istuen ett\u00e4 seisten.<\/p>\n<p>&nbsp;<\/p>\n<p><strong>Tuotetiedot:<\/strong><\/p>\n<ul>\n<li>Istumakorkeudesta seisomakorkeuteen sekunneissa<\/li>\n<li>Portaaton korkeudens\u00e4\u00e4din<\/li>\n<li>Helppo s\u00e4\u00e4t\u00e4\u00e4 (jalkas\u00e4\u00e4din p\u00f6yd\u00e4n pilarin alaosassa)<\/li>\n<li>S\u00e4\u00e4t\u00f6v\u00e4li 76,5 &#8211; 113 cm (renkailla)<\/li>\n<li>Paino 13,2kg (paketin kanssa 14kg)<\/li>\n<li>Maksimi kuormitus 8kg<\/li>\n<li>P\u00f6yt\u00e4tason mitat, leveys 60cm \/ syvyys 52cm \/ levyn paksuus 16mm<\/li>\n<li>Kaltevuuskulman s\u00e4\u00e4t\u00f6, 10 astetta \/ 20 astetta \/ 30 astetta<\/li>\n<li>L\u00e4pp\u00e4rin stopparin leveys n. 24 cm, korkeus 1,4 cm (korkeimmasta kohdasta keskelt\u00e4 mitattuna)<\/li>\n<li>V\u00e4ri musta, renkaat mustat<\/li>\n<li>Reuna stoppari, v\u00e4ri harmaa<\/li>\n<li>Metalli runko, levy melamiini laminaattia<\/li>\n<li>Jalustan leveys edest\u00e4: 56 cm (jalkojen v\u00e4liin j\u00e4\u00e4v\u00e4 leveys), leveys takaa: 37 cm, syvyys: 50,5 cm<\/li>\n<li>Takuu 2 vuotta<\/li>\n<li>Paino 15 kg<\/li>\n<li>Pakkauksen mitat: 70 cm x 70 cm x 13,5 cm<\/li>\n<\/ul>\n","protected":false},"excerpt":{"rendered":"<p>GetUpDesk Tilt on kaasujousellisella korkeudens\u00e4\u00e4d\u00f6ll\u00e4 s\u00e4\u00e4dett\u00e4v\u00e4 ty\u00f6p\u00f6yt\u00e4, jossa my\u00f6s kaltevuuden s\u00e4\u00e4t\u00f6. P\u00f6yd\u00e4n etureunassa on stoppari, joka ehk\u00e4isee tavaroiden tippumisen p\u00f6yt\u00e4tason ollessa kallistettuna. P\u00f6yt\u00e4 toimitetaan renkailla, joista kaksi on lukittavissa. P\u00f6yt\u00e4 soveltuu k\u00e4ytett\u00e4v\u00e4ksi t\u00f6iss\u00e4, kotona, m\u00f6kill\u00e4, kouluissa jne. Kansi valkoista melamiini laminaattia, ABS-reunalistalla. S\u00e4\u00e4t\u00f6vara 76,5 &#8211; 113 cm. Helposti s\u00e4\u00e4dett\u00e4v\u00e4 ja siirrett\u00e4v\u00e4 p\u00f6yt\u00e4, mahdollistaa aktiivisen ty\u00f6skentelyn sek\u00e4 istuen ett\u00e4 seisten.<\/p>\n","protected":false},"featured_media":29353,"comment_status":"open","ping_status":"closed","template":"","meta":{"_acf_changed":false},"factory":[],"free-shipment":[],"product_brand":[],"product_cat":[2491,1319],"product_tag":[],"class_list":{"0":"post-29362","1":"product","2":"type-product","3":"status-publish","4":"has-post-thumbnail","6":"product_cat-ergonomia","7":"product_cat-huonekalut","9":"first","10":"instock","11":"sale","12":"taxable","13":"shipping-taxable","14":"purchasable","15":"product-type-simple"},"acf":[],"_links":{"self":[{"href":"https:\/\/factory.sale\/fi\/wp-json\/wp\/v2\/product\/29362","targetHints":{"allow":["GET"]}}],"collection":[{"href":"https:\/\/factory.sale\/fi\/wp-json\/wp\/v2\/product"}],"about":[{"href":"https:\/\/factory.sale\/fi\/wp-json\/wp\/v2\/types\/product"}],"replies":[{"embeddable":true,"href":"https:\/\/factory.sale\/fi\/wp-json\/wp\/v2\/comments?post=29362"}],"wp:featuredmedia":[{"embeddable":true,"href":"https:\/\/factory.sale\/fi\/wp-json\/wp\/v2\/media\/29353"}],"wp:attachment":[{"href":"https:\/\/factory.sale\/fi\/wp-json\/wp\/v2\/media?parent=29362"}],"wp:term":[{"taxonomy":"factory","embeddable":true,"href":"https:\/\/factory.sale\/fi\/wp-json\/wp\/v2\/factory?post=29362"},{"taxonomy":"free-shipment","embeddable":true,"href":"https:\/\/factory.sale\/fi\/wp-json\/wp\/v2\/free-shipment?post=29362"},{"taxonomy":"product_brand","embeddable":true,"href":"https:\/\/factory.sale\/fi\/wp-json\/wp\/v2\/product_brand?post=29362"},{"taxonomy":"product_cat","embeddable":true,"href":"https:\/\/factory.sale\/fi\/wp-json\/wp\/v2\/product_cat?post=29362"},{"taxonomy":"product_tag","embeddable":true,"href":"https:\/\/factory.sale\/fi\/wp-json\/wp\/v2\/product_tag?post=29362"}],"curies":[{"name":"wp","href":"https:\/\/api.w.org\/{rel}","templated":true}]}}