{"id":29347,"date":"2023-06-19T08:20:19","date_gmt":"2023-06-19T18:20:43","guid":{"rendered":"https:\/\/factory.sale\/?post_type=product&#038;p=29347"},"modified":"2024-06-29T06:44:31","modified_gmt":"2024-06-29T06:44:31","slug":"getupdesk-free-saadettava-poytataso","status":"publish","type":"product","link":"https:\/\/factory.sale\/fi\/tuote\/getupdesk-free-saadettava-poytataso\/","title":{"rendered":"GetUpDesk free s\u00e4\u00e4dett\u00e4v\u00e4 p\u00f6yt\u00e4taso"},"content":{"rendered":"<p><strong>Tuotekoodi: GT368WH<\/strong><br \/>\n<strong>EAN: 6430054932769<\/strong><\/p>\n<p>GetUpDesk Free on tyylik\u00e4s, helppok\u00e4ytt\u00f6inen ja on suunniteltu muuttamaan mik\u00e4 vain taso passiivisesta k\u00e4tev\u00e4sti s\u00e4\u00e4dett\u00e4v\u00e4ksi.<\/p>\n<p>GetUpDesk Free on seisomap\u00f6yt\u00e4 mit\u00e4 olet aina kaivannut!<br \/>\nSe on tyylik\u00e4s, helppok\u00e4ytt\u00f6inen ja on suunniteltu muuttamaan mik\u00e4 vain taso passiivisesta k\u00e4tev\u00e4sti s\u00e4\u00e4dett\u00e4v\u00e4ksi. Portaaton korkeudens\u00e4\u00e4din mahdollistaa jokaiselle juuri sopivan ty\u00f6skentelykorkeuden. Tuote on tukevarakenteinen. Laadukkaat komponentit mahdollistavat tuotteen kovankin k\u00e4yt\u00f6n, niin toimistoissa kuin vaikkapa kotonakin et\u00e4t\u00f6iss\u00e4 ja arjen toiminnoissa.<\/p>\n<p>&nbsp;<\/p>\n<p><strong>Tuotetiedot:<\/strong><\/p>\n<ul>\n<li>Istumakorkeudesta seisomakorkeuteen sekunnissa<\/li>\n<li>Portaaton korkeudens\u00e4\u00e4din<\/li>\n<li>Helppo s\u00e4\u00e4t\u00e4\u00e4<\/li>\n<li>Paksuus 3,5 cm<\/li>\n<li>Maksimikorkeus 40 cm<\/li>\n<li>Paino 10,5kg (paketin kanssa 11,4 kg)<\/li>\n<li>Maksimi kuormitus 10kg<\/li>\n<li>P\u00f6yt\u00e4tason mitat, leveys 79,5 cm \/ syvyys 56 cm<\/li>\n<li>P\u00f6yt\u00e4levyn paksuus: 8 mm<\/li>\n<li>Alumiini jalkakehikon mitat, leveys 64 cm \/ syvyys 52 cm<\/li>\n<li>V\u00e4ri valkoinen, levy\u00e4 ymp\u00e4r\u00f6i musta ABS nauha<\/li>\n<li>Jalat alumiinia<\/li>\n<li>Jalkojen alla liukuesteet<\/li>\n<li>Takuu 2 vuotta<\/li>\n<li>Pakkauksen mitat: 87 cm x 64 cm x 8,2 cm<\/li>\n<\/ul>\n","protected":false},"excerpt":{"rendered":"<p>GetUpDesk Free on seisomap\u00f6yt\u00e4 mit\u00e4 olet aina kaivannut!<br \/>\nSe on tyylik\u00e4s, helppok\u00e4ytt\u00f6inen ja on suunniteltu muuttamaan mik\u00e4 vain taso passiivisesta k\u00e4tev\u00e4sti s\u00e4\u00e4dett\u00e4v\u00e4ksi. Portaaton korkeudens\u00e4\u00e4din mahdollistaa jokaiselle juuri sopivan ty\u00f6skentelykorkeuden. Tuote on tukevarakenteinen. Laadukkaat komponentit mahdollistavat tuotteen kovankin k\u00e4yt\u00f6n, niin toimistoissa kuin vaikkapa kotonakin et\u00e4t\u00f6iss\u00e4 ja arjen toiminnoissa.<\/p>\n","protected":false},"featured_media":29340,"comment_status":"open","ping_status":"closed","template":"","meta":{"_acf_changed":false},"factory":[],"free-shipment":[],"product_brand":[],"product_cat":[2491,1319],"product_tag":[],"class_list":{"0":"post-29347","1":"product","2":"type-product","3":"status-publish","4":"has-post-thumbnail","6":"product_cat-ergonomia","7":"product_cat-huonekalut","9":"first","10":"instock","11":"sale","12":"taxable","13":"shipping-taxable","14":"purchasable","15":"product-type-simple"},"acf":[],"_links":{"self":[{"href":"https:\/\/factory.sale\/fi\/wp-json\/wp\/v2\/product\/29347","targetHints":{"allow":["GET"]}}],"collection":[{"href":"https:\/\/factory.sale\/fi\/wp-json\/wp\/v2\/product"}],"about":[{"href":"https:\/\/factory.sale\/fi\/wp-json\/wp\/v2\/types\/product"}],"replies":[{"embeddable":true,"href":"https:\/\/factory.sale\/fi\/wp-json\/wp\/v2\/comments?post=29347"}],"wp:featuredmedia":[{"embeddable":true,"href":"https:\/\/factory.sale\/fi\/wp-json\/wp\/v2\/media\/29340"}],"wp:attachment":[{"href":"https:\/\/factory.sale\/fi\/wp-json\/wp\/v2\/media?parent=29347"}],"wp:term":[{"taxonomy":"factory","embeddable":true,"href":"https:\/\/factory.sale\/fi\/wp-json\/wp\/v2\/factory?post=29347"},{"taxonomy":"free-shipment","embeddable":true,"href":"https:\/\/factory.sale\/fi\/wp-json\/wp\/v2\/free-shipment?post=29347"},{"taxonomy":"product_brand","embeddable":true,"href":"https:\/\/factory.sale\/fi\/wp-json\/wp\/v2\/product_brand?post=29347"},{"taxonomy":"product_cat","embeddable":true,"href":"https:\/\/factory.sale\/fi\/wp-json\/wp\/v2\/product_cat?post=29347"},{"taxonomy":"product_tag","embeddable":true,"href":"https:\/\/factory.sale\/fi\/wp-json\/wp\/v2\/product_tag?post=29347"}],"curies":[{"name":"wp","href":"https:\/\/api.w.org\/{rel}","templated":true}]}}