{"id":29331,"date":"2023-06-19T07:38:26","date_gmt":"2023-06-19T08:15:10","guid":{"rendered":"https:\/\/factory.sale\/?post_type=product&#038;p=29331"},"modified":"2024-06-26T04:05:26","modified_gmt":"2024-06-26T04:05:26","slug":"getupdesk-rack-kannettavan-teline-tuotteelle-3535l","status":"publish","type":"product","link":"https:\/\/factory.sale\/fi\/tuote\/getupdesk-rack-kannettavan-teline-tuotteelle-3535l\/","title":{"rendered":"GetUpDesk rack kannettavan teline tuotteelle 3535L"},"content":{"rendered":"<p><strong>Tuotekoodi: 3535R<\/strong><br \/>\n<strong>EAN: 6430054931465<\/strong><\/p>\n<p>&nbsp;<\/p>\n<p>GetUpDesk rack on kannettavan tietokoneen teline GetUpDesk light:lle. T\u00e4ll\u00e4 telineell\u00e4 vapautat p\u00f6yt\u00e4tilaa erilliselle n\u00e4pp\u00e4imist\u00f6lle ja hiirelle, samalla kannettavan tietokoneen n\u00e4ytt\u00f6 nousee korkeammalle parantaen ergonomiaa. Rack soveltuu my\u00f6s tabletti- tai konseptitelineeksi. S\u00e4\u00e4dett\u00e4viss\u00e4 yhdeks\u00e4\u00e4n eri korkeuteen.<\/p>\n<p><strong>Valmistettu Suomessa.<\/strong><\/p>\n<p>&nbsp;<\/p>\n<p><strong>Tuotetiedot:<\/strong><\/p>\n<ul>\n<li>Mitat: 220 mm x 160 mm x 27 mm<\/li>\n<li>Materiaali: maalattu alumiini<\/li>\n<li>V\u00e4ri: Valkoinen<\/li>\n<\/ul>\n<p>&nbsp;<\/p>\n","protected":false},"excerpt":{"rendered":"<p>GetUpDesk rack on kannettavan tietokoneen teline GetUpDesk light:lle. T\u00e4ll\u00e4 telineell\u00e4 vapautat p\u00f6yt\u00e4tilaa erilliselle n\u00e4pp\u00e4imist\u00f6lle ja hiirelle, samalla kannettavan tietokoneen n\u00e4ytt\u00f6 nousee korkeammalle parantaen ergonomiaa. Rack soveltuu my\u00f6s tabletti- tai konseptitelineeksi. S\u00e4\u00e4dett\u00e4viss\u00e4 yhdeks\u00e4\u00e4n eri korkeuteen.<\/p>\n<p><strong>Valmistettu Suomessa.<\/strong><\/p>\n<p>&nbsp;<\/p>\n","protected":false},"featured_media":29322,"comment_status":"open","ping_status":"closed","template":"","meta":{"_acf_changed":false},"factory":[],"free-shipment":[],"product_brand":[],"product_cat":[2491,1319],"product_tag":[],"class_list":{"0":"post-29331","1":"product","2":"type-product","3":"status-publish","4":"has-post-thumbnail","6":"product_cat-ergonomia","7":"product_cat-huonekalut","9":"first","10":"instock","11":"sale","12":"taxable","13":"shipping-taxable","14":"purchasable","15":"product-type-simple"},"acf":[],"_links":{"self":[{"href":"https:\/\/factory.sale\/fi\/wp-json\/wp\/v2\/product\/29331","targetHints":{"allow":["GET"]}}],"collection":[{"href":"https:\/\/factory.sale\/fi\/wp-json\/wp\/v2\/product"}],"about":[{"href":"https:\/\/factory.sale\/fi\/wp-json\/wp\/v2\/types\/product"}],"replies":[{"embeddable":true,"href":"https:\/\/factory.sale\/fi\/wp-json\/wp\/v2\/comments?post=29331"}],"wp:featuredmedia":[{"embeddable":true,"href":"https:\/\/factory.sale\/fi\/wp-json\/wp\/v2\/media\/29322"}],"wp:attachment":[{"href":"https:\/\/factory.sale\/fi\/wp-json\/wp\/v2\/media?parent=29331"}],"wp:term":[{"taxonomy":"factory","embeddable":true,"href":"https:\/\/factory.sale\/fi\/wp-json\/wp\/v2\/factory?post=29331"},{"taxonomy":"free-shipment","embeddable":true,"href":"https:\/\/factory.sale\/fi\/wp-json\/wp\/v2\/free-shipment?post=29331"},{"taxonomy":"product_brand","embeddable":true,"href":"https:\/\/factory.sale\/fi\/wp-json\/wp\/v2\/product_brand?post=29331"},{"taxonomy":"product_cat","embeddable":true,"href":"https:\/\/factory.sale\/fi\/wp-json\/wp\/v2\/product_cat?post=29331"},{"taxonomy":"product_tag","embeddable":true,"href":"https:\/\/factory.sale\/fi\/wp-json\/wp\/v2\/product_tag?post=29331"}],"curies":[{"name":"wp","href":"https:\/\/api.w.org\/{rel}","templated":true}]}}