{"id":29310,"date":"2023-06-18T12:12:46","date_gmt":"2023-06-19T07:30:30","guid":{"rendered":"https:\/\/factory.sale\/?post_type=product&#038;p=29310"},"modified":"2024-06-29T15:37:12","modified_gmt":"2024-06-29T15:37:12","slug":"getupdesk-light-saadettava-poytataso-seisomatyohon","status":"publish","type":"product","link":"https:\/\/factory.sale\/fi\/tuote\/getupdesk-light-saadettava-poytataso-seisomatyohon\/","title":{"rendered":"GetUpDesk Light s\u00e4\u00e4dett\u00e4v\u00e4 p\u00f6yt\u00e4taso seisomaty\u00f6h\u00f6n"},"content":{"rendered":"<p><strong>SKU: 3535L<\/strong><br \/>\n<strong>EAN: 6430054931410<\/strong><\/p>\n<p>Mahdollistaa seisomaty\u00f6n, kun s\u00e4\u00e4dett\u00e4v\u00e4\u00e4 p\u00f6yt\u00e4\u00e4 ei ole saatavilla. Kehitetty kannettavan tietokoneen k\u00e4ytt\u00e4j\u00e4lle v\u00e4hent\u00e4m\u00e4\u00e4n istumista. Sopii et\u00e4ty\u00f6h\u00f6n. S\u00e4\u00e4dett\u00e4viss\u00e4 8 eri korkeuteen. Tuote on valmistettu kokonaan Suomessa.<\/p>\n<p>GetUpDesk Light on kannettava ja s\u00e4\u00e4dett\u00e4v\u00e4 kannettavan tietokoneen p\u00f6yt\u00e4. Se mahdollistaa seisomaty\u00f6n, kun s\u00e4\u00e4dett\u00e4v\u00e4\u00e4 p\u00f6yt\u00e4\u00e4 ei ole saatavilla. GetUpDesk Light on kehitetty kannettavan tietokoneen k\u00e4ytt\u00e4j\u00e4lle v\u00e4hent\u00e4m\u00e4\u00e4n istumista ja mahdollistamaan ty\u00f6asennon vaihtelun. Se sopii k\u00e4ytett\u00e4v\u00e4ksi t\u00f6iss\u00e4, kotona, m\u00f6kill\u00e4 tai muualla. GetUpDesk Light on laminoitu valkoiseksi ja harmaaksi, joten voit valita itsellesi sopivan v\u00e4rin. Tuote on valmistettu kokonaan Suomessa. Helppo koota ja k\u00e4ytt\u00e4\u00e4, kompakti s\u00e4ilytt\u00e4\u00e4. S\u00e4\u00e4dett\u00e4viss\u00e4 8 eri korkeuteen. Paino 4,5 kg, takuu 2 vuotta. M1-luokitus.<br \/>\nKun tuote on koottu, tuotteen kokonaissyvyys on 55 cm, kokonaiskorkeus 60 cm. Ty\u00f6tason korkeuden s\u00e4\u00e4t\u00f6alue on 29-56 cm. Ty\u00f6tason syvyys 31,5 cm, leveys edest\u00e4 54 cm, takaa 46 cm.<br \/>\nJalan syvyys (joka kiinnittyy pintaosaan) on 38 cm, leveys edest\u00e4 43 cm ja takaa 42 cm.<\/p>\n<p>&nbsp;<\/p>\n<p><strong>Tuotetiedot:<\/strong><\/p>\n<ul>\n<li>Kokonaiskorkeus: 61 cm<\/li>\n<li>Kokonaissyvyys: 55 cm<\/li>\n<li>Kokonaisleveys: 54 cm<\/li>\n<li>Korkeuden s\u00e4\u00e4t\u00f6alue: 29 &#8211; 56 cm<\/li>\n<li>Painoraja: 13 kg<\/li>\n<li>8 erilaista korkeutta<\/li>\n<li>Paino: 4,5 kg<\/li>\n<li>V\u00e4ri: valkoinen \/ harmaa.<\/li>\n<\/ul>\n<p>&nbsp;<\/p>\n<p>&nbsp;<\/p>\n<p><a href=\"https:\/\/factory.sale\/wp-content\/uploads\/2023\/06\/M1-luokitus-3535.pdf\" target=\"_blank\" rel=\"noopener\">M1 classification<\/a><\/p>\n<p>&nbsp;<\/p>\n<div class=\"video-wrapper \"><iframe loading=\"lazy\" title=\"GetUpDesk Light, s\u00e4\u00e4dett\u00e4v\u00e4 p\u00f6yt\u00e4 juuri sinulle\" width=\"500\" height=\"281\" src=\"https:\/\/www.youtube.com\/embed\/aq3WYrKhQvg?feature=oembed\" frameborder=\"0\" allow=\"accelerometer; autoplay; clipboard-write; encrypted-media; gyroscope; picture-in-picture; web-share\" referrerpolicy=\"strict-origin-when-cross-origin\" allowfullscreen><\/iframe><\/div>\n","protected":false},"excerpt":{"rendered":"<p>GetUpDesk Light on kannettava ja s\u00e4\u00e4dett\u00e4v\u00e4 kannettavan tietokoneen p\u00f6yt\u00e4. Se mahdollistaa seisomaty\u00f6n, kun s\u00e4\u00e4dett\u00e4v\u00e4\u00e4 p\u00f6yt\u00e4\u00e4 ei ole saatavilla. Mahdollistaa seisomaty\u00f6n, kun s\u00e4\u00e4dett\u00e4v\u00e4\u00e4 p\u00f6yt\u00e4\u00e4 ei ole saatavilla. Kehitetty kannettavan tietokoneen k\u00e4ytt\u00e4j\u00e4lle v\u00e4hent\u00e4m\u00e4\u00e4n istumista. Sopii et\u00e4ty\u00f6h\u00f6n. S\u00e4\u00e4dett\u00e4viss\u00e4 8 eri korkeuteen. Tuote on valmistettu kokonaan Suomessa.<\/p>\n<p>&nbsp;<\/p>\n","protected":false},"featured_media":29291,"comment_status":"open","ping_status":"closed","template":"","meta":{"_acf_changed":false},"factory":[],"free-shipment":[],"product_brand":[],"product_cat":[2491,1319],"product_tag":[],"class_list":{"0":"post-29310","1":"product","2":"type-product","3":"status-publish","4":"has-post-thumbnail","6":"product_cat-ergonomia","7":"product_cat-huonekalut","9":"first","10":"instock","11":"sale","12":"taxable","13":"shipping-taxable","14":"purchasable","15":"product-type-simple"},"acf":[],"_links":{"self":[{"href":"https:\/\/factory.sale\/fi\/wp-json\/wp\/v2\/product\/29310","targetHints":{"allow":["GET"]}}],"collection":[{"href":"https:\/\/factory.sale\/fi\/wp-json\/wp\/v2\/product"}],"about":[{"href":"https:\/\/factory.sale\/fi\/wp-json\/wp\/v2\/types\/product"}],"replies":[{"embeddable":true,"href":"https:\/\/factory.sale\/fi\/wp-json\/wp\/v2\/comments?post=29310"}],"wp:featuredmedia":[{"embeddable":true,"href":"https:\/\/factory.sale\/fi\/wp-json\/wp\/v2\/media\/29291"}],"wp:attachment":[{"href":"https:\/\/factory.sale\/fi\/wp-json\/wp\/v2\/media?parent=29310"}],"wp:term":[{"taxonomy":"factory","embeddable":true,"href":"https:\/\/factory.sale\/fi\/wp-json\/wp\/v2\/factory?post=29310"},{"taxonomy":"free-shipment","embeddable":true,"href":"https:\/\/factory.sale\/fi\/wp-json\/wp\/v2\/free-shipment?post=29310"},{"taxonomy":"product_brand","embeddable":true,"href":"https:\/\/factory.sale\/fi\/wp-json\/wp\/v2\/product_brand?post=29310"},{"taxonomy":"product_cat","embeddable":true,"href":"https:\/\/factory.sale\/fi\/wp-json\/wp\/v2\/product_cat?post=29310"},{"taxonomy":"product_tag","embeddable":true,"href":"https:\/\/factory.sale\/fi\/wp-json\/wp\/v2\/product_tag?post=29310"}],"curies":[{"name":"wp","href":"https:\/\/api.w.org\/{rel}","templated":true}]}}