{"id":29239,"date":"2023-06-15T12:00:19","date_gmt":"2023-06-15T12:09:28","guid":{"rendered":"https:\/\/factory.sale\/?post_type=product&#038;p=29239"},"modified":"2024-07-11T20:46:12","modified_gmt":"2024-07-11T17:46:12","slug":"huomioliivi-worksafe-hi-vis-vest-lk-2","status":"publish","type":"product","link":"https:\/\/factory.sale\/fi\/tuote\/huomioliivi-worksafe-hi-vis-vest-lk-2\/","title":{"rendered":"Huomioliivi Worksafe Hi-Vis Vest lk 2"},"content":{"rendered":"<p><strong>Tuotekoodi: 02078183<\/strong><\/p>\n<p>&nbsp;<\/p>\n<p>Worksafe 5710180 Hi-Vis huomioliivi n\u00e4kyvyyden parantamiseksi. Liivi on tarrakiinnitteinen ja unisex-mallinen. Maksimi pesul\u00e4mp\u00f6tila 40 \u00b0C.<\/p>\n<p>&nbsp;<\/p>\n<p><strong>Tuotetiedot:<\/strong><\/p>\n<ul>\n<li>Saatavilla v\u00e4rit: keltainen, oranssi<\/li>\n<li>Materiaali: 100% polyesteri<\/li>\n<li>Kankaan paino: 125 g\/m\u00b2<\/li>\n<li>EN ISO 20471 Luokka 2<\/li>\n<li>Saatavilla koot 2XS-3XL<\/li>\n<\/ul>\n","protected":false},"excerpt":{"rendered":"<p>Worksafe 5710180 Hi-Vis huomioliivi n\u00e4kyvyyden parantamiseksi. Liivi on tarrakiinnitteinen ja unisex-mallinen. Maksimi pesul\u00e4mp\u00f6tila 40 \u00b0C.<\/p>\n","protected":false},"featured_media":29233,"comment_status":"open","ping_status":"closed","template":"","meta":{"_acf_changed":false},"factory":[],"free-shipment":[],"product_brand":[],"product_cat":[2519,488],"product_tag":[609],"class_list":{"0":"post-29239","1":"product","2":"type-product","3":"status-publish","4":"has-post-thumbnail","6":"product_cat-tyovaatteet","7":"product_cat-tools-fi","8":"product_tag-tools-fi","10":"first","11":"instock","12":"sale","13":"taxable","14":"shipping-taxable","15":"purchasable","16":"product-type-simple"},"acf":[],"_links":{"self":[{"href":"https:\/\/factory.sale\/fi\/wp-json\/wp\/v2\/product\/29239","targetHints":{"allow":["GET"]}}],"collection":[{"href":"https:\/\/factory.sale\/fi\/wp-json\/wp\/v2\/product"}],"about":[{"href":"https:\/\/factory.sale\/fi\/wp-json\/wp\/v2\/types\/product"}],"replies":[{"embeddable":true,"href":"https:\/\/factory.sale\/fi\/wp-json\/wp\/v2\/comments?post=29239"}],"wp:featuredmedia":[{"embeddable":true,"href":"https:\/\/factory.sale\/fi\/wp-json\/wp\/v2\/media\/29233"}],"wp:attachment":[{"href":"https:\/\/factory.sale\/fi\/wp-json\/wp\/v2\/media?parent=29239"}],"wp:term":[{"taxonomy":"factory","embeddable":true,"href":"https:\/\/factory.sale\/fi\/wp-json\/wp\/v2\/factory?post=29239"},{"taxonomy":"free-shipment","embeddable":true,"href":"https:\/\/factory.sale\/fi\/wp-json\/wp\/v2\/free-shipment?post=29239"},{"taxonomy":"product_brand","embeddable":true,"href":"https:\/\/factory.sale\/fi\/wp-json\/wp\/v2\/product_brand?post=29239"},{"taxonomy":"product_cat","embeddable":true,"href":"https:\/\/factory.sale\/fi\/wp-json\/wp\/v2\/product_cat?post=29239"},{"taxonomy":"product_tag","embeddable":true,"href":"https:\/\/factory.sale\/fi\/wp-json\/wp\/v2\/product_tag?post=29239"}],"curies":[{"name":"wp","href":"https:\/\/api.w.org\/{rel}","templated":true}]}}