{"id":29225,"date":"2023-06-15T11:36:25","date_gmt":"2023-06-15T11:48:39","guid":{"rendered":"https:\/\/factory.sale\/?post_type=product&#038;p=29225"},"modified":"2024-06-25T17:07:47","modified_gmt":"2024-06-25T17:07:47","slug":"turvakenka-monitor-micro-s3-src-esd","status":"publish","type":"product","link":"https:\/\/factory.sale\/fi\/tuote\/turvakenka-monitor-micro-s3-src-esd\/","title":{"rendered":"Turvakenk\u00e4 Monitor Micro S3 SRC ESD"},"content":{"rendered":"<p><strong>Tuotekoodi: 02082078<\/strong><\/p>\n<p>&nbsp;<\/p>\n<p>Monitor Micro on urheilullinen turvakenk\u00e4. Ulkopohja on valmistettu 2-tiheyksisest\u00e4 polyuretaanista: v\u00e4lipohjan pehmeys on 50 Shore A ja yhdess\u00e4 Monitorin SS 2.0 -sis\u00e4pohjan kanssa se tekee jalkineesta mukavan ja hyvin vaimentavan.<\/p>\n<p>&nbsp;<\/p>\n<p>&nbsp;<\/p>\n<p><strong>Tuotetiedot:<\/strong><\/p>\n<ul>\n<li>Normaali lesti<\/li>\n<li>Metalliton varvassuojus ja naulaanastumissuojus<\/li>\n<li>EN ISO 20345: S3, SRC<\/li>\n<li>ESD-hyv\u00e4ksytty<\/li>\n<li>Sis\u00e4pinta kosteutta imev\u00e4\u00e4 tekstiili\u00e4<\/li>\n<li>Saatavilla koot 35-47<\/li>\n<li>CE<\/li>\n<\/ul>\n","protected":false},"excerpt":{"rendered":"<p>Monitor Micro on urheilullinen turvakenk\u00e4. Ulkopohja on valmistettu 2-tiheyksisest\u00e4 polyuretaanista: v\u00e4lipohjan pehmeys on 50 Shore A ja yhdess\u00e4 Monitorin SS 2.0 -sis\u00e4pohjan kanssa se tekee jalkineesta mukavan ja hyvin vaimentavan.<\/p>\n","protected":false},"featured_media":29216,"comment_status":"open","ping_status":"closed","template":"","meta":{"_acf_changed":false},"factory":[],"free-shipment":[],"product_brand":[],"product_cat":[488,2519],"product_tag":[],"class_list":{"0":"post-29225","1":"product","2":"type-product","3":"status-publish","4":"has-post-thumbnail","6":"product_cat-tools-fi","7":"product_cat-tyovaatteet","9":"first","10":"instock","11":"sale","12":"taxable","13":"shipping-taxable","14":"purchasable","15":"product-type-simple"},"acf":[],"_links":{"self":[{"href":"https:\/\/factory.sale\/fi\/wp-json\/wp\/v2\/product\/29225","targetHints":{"allow":["GET"]}}],"collection":[{"href":"https:\/\/factory.sale\/fi\/wp-json\/wp\/v2\/product"}],"about":[{"href":"https:\/\/factory.sale\/fi\/wp-json\/wp\/v2\/types\/product"}],"replies":[{"embeddable":true,"href":"https:\/\/factory.sale\/fi\/wp-json\/wp\/v2\/comments?post=29225"}],"wp:featuredmedia":[{"embeddable":true,"href":"https:\/\/factory.sale\/fi\/wp-json\/wp\/v2\/media\/29216"}],"wp:attachment":[{"href":"https:\/\/factory.sale\/fi\/wp-json\/wp\/v2\/media?parent=29225"}],"wp:term":[{"taxonomy":"factory","embeddable":true,"href":"https:\/\/factory.sale\/fi\/wp-json\/wp\/v2\/factory?post=29225"},{"taxonomy":"free-shipment","embeddable":true,"href":"https:\/\/factory.sale\/fi\/wp-json\/wp\/v2\/free-shipment?post=29225"},{"taxonomy":"product_brand","embeddable":true,"href":"https:\/\/factory.sale\/fi\/wp-json\/wp\/v2\/product_brand?post=29225"},{"taxonomy":"product_cat","embeddable":true,"href":"https:\/\/factory.sale\/fi\/wp-json\/wp\/v2\/product_cat?post=29225"},{"taxonomy":"product_tag","embeddable":true,"href":"https:\/\/factory.sale\/fi\/wp-json\/wp\/v2\/product_tag?post=29225"}],"curies":[{"name":"wp","href":"https:\/\/api.w.org\/{rel}","templated":true}]}}