{"id":29206,"date":"2023-06-15T11:06:36","date_gmt":"2023-06-15T11:29:45","guid":{"rendered":"https:\/\/factory.sale\/?post_type=product&#038;p=29206"},"modified":"2024-06-26T17:33:38","modified_gmt":"2024-06-26T17:33:38","slug":"riipputaskuhousut-worker-stretch-pant","status":"publish","type":"product","link":"https:\/\/factory.sale\/fi\/tuote\/riipputaskuhousut-worker-stretch-pant\/","title":{"rendered":"Riipputaskuhousut Worker Stretch Pant"},"content":{"rendered":"<p><strong>Tuotekoodi: 02063313<\/strong><\/p>\n<p>&nbsp;<\/p>\n<p>Worksafe Stretch riipputaskuhousut ovat mukavat ty\u00f6housut, joiden joustavat haara-, taka- ja polvikappaleet tarjoavat erinomaisen liikkuvuuden ty\u00f6teht\u00e4viss\u00e4. Malli on hieman kapeampi kuin aiemmin, jonka vuoksi polvitaskut asettuvat paremmin oikealle kohdalle. Housuissa on vinot etutaskut, reisitaskut mm. matkapuhelimelle, kynille, ty\u00f6kaluille ja metrimitalle sek\u00e4 Cordura-vahvistetut naula- ja laskostaskut. C-kokoluokassa on lahkeissa 5 cm pidennysvara istuvuuden takaamiseksi. Maksimi pesul\u00e4mp\u00f6tila 60 \u00b0C.<\/p>\n<p>&nbsp;<\/p>\n<p>&nbsp;<\/p>\n<p><strong>Tuotekoodi:<\/strong><\/p>\n<ul>\n<li>Saatavilla v\u00e4rit: musta, valko-musta<\/li>\n<li>Materiaali: 65% polyesteri, 35% puuvilla<\/li>\n<li>Kankaan paino: 245 g\/m\u00b2<\/li>\n<li>Saatavilla koot 44-62 (musta) ja C44-C62 (valko-musta)<\/li>\n<\/ul>\n<p>&nbsp;<\/p>\n","protected":false},"excerpt":{"rendered":"<p>Worksafe Stretch riipputaskuhousut ovat mukavat ty\u00f6housut, joiden joustavat haara-, taka- ja polvikappaleet tarjoavat erinomaisen liikkuvuuden ty\u00f6teht\u00e4viss\u00e4. Malli on hieman kapeampi kuin aiemmin, jonka vuoksi polvitaskut asettuvat paremmin oikealle kohdalle. Housuissa on vinot etutaskut, reisitaskut mm. matkapuhelimelle, kynille, ty\u00f6kaluille ja metrimitalle sek\u00e4 Cordura-vahvistetut naula- ja laskostaskut. C-kokoluokassa on lahkeissa 5 cm pidennysvara istuvuuden takaamiseksi. Maksimi pesul\u00e4mp\u00f6tila 60 \u00b0C.<\/p>\n","protected":false},"featured_media":29191,"comment_status":"open","ping_status":"closed","template":"","meta":{"_acf_changed":false},"factory":[],"free-shipment":[],"product_brand":[],"product_cat":[488,2519],"product_tag":[],"class_list":{"0":"post-29206","1":"product","2":"type-product","3":"status-publish","4":"has-post-thumbnail","6":"product_cat-tools-fi","7":"product_cat-tyovaatteet","9":"first","10":"instock","11":"sale","12":"taxable","13":"shipping-taxable","14":"purchasable","15":"product-type-simple"},"acf":[],"_links":{"self":[{"href":"https:\/\/factory.sale\/fi\/wp-json\/wp\/v2\/product\/29206","targetHints":{"allow":["GET"]}}],"collection":[{"href":"https:\/\/factory.sale\/fi\/wp-json\/wp\/v2\/product"}],"about":[{"href":"https:\/\/factory.sale\/fi\/wp-json\/wp\/v2\/types\/product"}],"replies":[{"embeddable":true,"href":"https:\/\/factory.sale\/fi\/wp-json\/wp\/v2\/comments?post=29206"}],"wp:featuredmedia":[{"embeddable":true,"href":"https:\/\/factory.sale\/fi\/wp-json\/wp\/v2\/media\/29191"}],"wp:attachment":[{"href":"https:\/\/factory.sale\/fi\/wp-json\/wp\/v2\/media?parent=29206"}],"wp:term":[{"taxonomy":"factory","embeddable":true,"href":"https:\/\/factory.sale\/fi\/wp-json\/wp\/v2\/factory?post=29206"},{"taxonomy":"free-shipment","embeddable":true,"href":"https:\/\/factory.sale\/fi\/wp-json\/wp\/v2\/free-shipment?post=29206"},{"taxonomy":"product_brand","embeddable":true,"href":"https:\/\/factory.sale\/fi\/wp-json\/wp\/v2\/product_brand?post=29206"},{"taxonomy":"product_cat","embeddable":true,"href":"https:\/\/factory.sale\/fi\/wp-json\/wp\/v2\/product_cat?post=29206"},{"taxonomy":"product_tag","embeddable":true,"href":"https:\/\/factory.sale\/fi\/wp-json\/wp\/v2\/product_tag?post=29206"}],"curies":[{"name":"wp","href":"https:\/\/api.w.org\/{rel}","templated":true}]}}