{"id":29185,"date":"2023-06-15T10:00:21","date_gmt":"2023-06-15T10:38:08","guid":{"rendered":"https:\/\/factory.sale\/?post_type=product&#038;p=29185"},"modified":"2024-06-26T17:38:52","modified_gmt":"2024-06-26T17:38:52","slug":"housut-worksafe-service-comfort","status":"publish","type":"product","link":"https:\/\/factory.sale\/fi\/tuote\/housut-worksafe-service-comfort\/","title":{"rendered":"Housut Worksafe Service Comfort"},"content":{"rendered":"<p><strong>Tuotekoodi: 02117706<\/strong><\/p>\n<p>&nbsp;<\/p>\n<p>Worksafe Service Comfort housut ovat tyylikk\u00e4\u00e4t ja muotoillut ty\u00f6housut. Housuissa on joustava vy\u00f6t\u00e4r\u00f6 ja s\u00e4\u00e4dett\u00e4v\u00e4 lahkeensuu istuvuuden parantamiseksi. Lahkeet on my\u00f6s mahdollista taitella yl\u00f6s ja kiinnitt\u00e4\u00e4 napeilla, jolloin housuja voidaan k\u00e4ytt\u00e4\u00e4 pitkin\u00e4 shortseina. Housuissa on etutaskut, D-rengas, l\u00e4p\u00e4llinen reisitasku, reisitasku kyn\u00e4taskulla ja takataskut. Maksimi pesul\u00e4mp\u00f6tila 60 \u00b0C.<\/p>\n<p>&nbsp;<\/p>\n<p><strong>Tuotetiedot:<\/strong><\/p>\n<ul>\n<li>V\u00e4ri: musta<\/li>\n<li>Materiaali: 64% polyesteri, 34% puuvilla, 2% elastaani<\/li>\n<li>Kankaan paino: 245 g\/m\u00b2<\/li>\n<li>Saatavilla koot C44-C62<\/li>\n<\/ul>\n","protected":false},"excerpt":{"rendered":"<p>Worksafe Service Comfort housut ovat tyylikk\u00e4\u00e4t ja muotoillut ty\u00f6housut. Housuissa on joustava vy\u00f6t\u00e4r\u00f6 ja s\u00e4\u00e4dett\u00e4v\u00e4 lahkeensuu istuvuuden parantamiseksi. Lahkeet on my\u00f6s mahdollista taitella yl\u00f6s ja kiinnitt\u00e4\u00e4 napeilla, jolloin housuja voidaan k\u00e4ytt\u00e4\u00e4 pitkin\u00e4 shortseina. Housuissa on etutaskut, D-rengas, l\u00e4p\u00e4llinen reisitasku, reisitasku kyn\u00e4taskulla ja takataskut. Maksimi pesul\u00e4mp\u00f6tila 60 \u00b0C.<\/p>\n","protected":false},"featured_media":29167,"comment_status":"open","ping_status":"closed","template":"","meta":{"_acf_changed":false},"factory":[],"free-shipment":[],"product_brand":[],"product_cat":[488,2519],"product_tag":[],"class_list":{"0":"post-29185","1":"product","2":"type-product","3":"status-publish","4":"has-post-thumbnail","6":"product_cat-tools-fi","7":"product_cat-tyovaatteet","9":"first","10":"instock","11":"sale","12":"taxable","13":"shipping-taxable","14":"purchasable","15":"product-type-simple"},"acf":[],"_links":{"self":[{"href":"https:\/\/factory.sale\/fi\/wp-json\/wp\/v2\/product\/29185","targetHints":{"allow":["GET"]}}],"collection":[{"href":"https:\/\/factory.sale\/fi\/wp-json\/wp\/v2\/product"}],"about":[{"href":"https:\/\/factory.sale\/fi\/wp-json\/wp\/v2\/types\/product"}],"replies":[{"embeddable":true,"href":"https:\/\/factory.sale\/fi\/wp-json\/wp\/v2\/comments?post=29185"}],"wp:featuredmedia":[{"embeddable":true,"href":"https:\/\/factory.sale\/fi\/wp-json\/wp\/v2\/media\/29167"}],"wp:attachment":[{"href":"https:\/\/factory.sale\/fi\/wp-json\/wp\/v2\/media?parent=29185"}],"wp:term":[{"taxonomy":"factory","embeddable":true,"href":"https:\/\/factory.sale\/fi\/wp-json\/wp\/v2\/factory?post=29185"},{"taxonomy":"free-shipment","embeddable":true,"href":"https:\/\/factory.sale\/fi\/wp-json\/wp\/v2\/free-shipment?post=29185"},{"taxonomy":"product_brand","embeddable":true,"href":"https:\/\/factory.sale\/fi\/wp-json\/wp\/v2\/product_brand?post=29185"},{"taxonomy":"product_cat","embeddable":true,"href":"https:\/\/factory.sale\/fi\/wp-json\/wp\/v2\/product_cat?post=29185"},{"taxonomy":"product_tag","embeddable":true,"href":"https:\/\/factory.sale\/fi\/wp-json\/wp\/v2\/product_tag?post=29185"}],"curies":[{"name":"wp","href":"https:\/\/api.w.org\/{rel}","templated":true}]}}