{"id":29160,"date":"2023-06-15T09:26:15","date_gmt":"2023-06-15T09:40:36","guid":{"rendered":"https:\/\/factory.sale\/?post_type=product&#038;p=29160"},"modified":"2024-06-27T04:27:33","modified_gmt":"2024-06-27T04:27:33","slug":"t-paita-worksafe-add-basic-tee","status":"publish","type":"product","link":"https:\/\/factory.sale\/fi\/tuote\/t-paita-worksafe-add-basic-tee\/","title":{"rendered":"T-paita Worksafe Add Basic Tee"},"content":{"rendered":"<p><strong>Tuotekoodi: 02078119<\/strong><\/p>\n<p>&nbsp;<\/p>\n<p>Worksafe Basic t-paita on mukava p\u00e4\u00e4ll\u00e4. T-paidan kaksinkertainen p\u00e4\u00e4ntieresori joustoneuleesta tuo paidalle kest\u00e4vyytt\u00e4 ja j\u00e4m\u00e4kkyytt\u00e4. Niska- ja olkanauhojen avulla paita pit\u00e4\u00e4 muotonsa pitk\u00e4\u00e4n. Maksimi pesul\u00e4mp\u00f6tila 60\u00b0C.<\/p>\n<p>&nbsp;<\/p>\n<p><strong>Tuotetiedot:<\/strong><\/p>\n<ul>\n<li>Saatavilla v\u00e4rit: valkoinen, musta, keltainen<\/li>\n<li>Materiaali: 100% puuvilla<\/li>\n<li>Kankaan paino: 175 g\/m\u00b2<\/li>\n<li>Saatavilla koot 2XS-6XL<\/li>\n<\/ul>\n<p>&nbsp;<\/p>\n","protected":false},"excerpt":{"rendered":"<p>Worksafe \u00a0Basic t-paita on mukava p\u00e4\u00e4ll\u00e4. T-paidan kaksinkertainen p\u00e4\u00e4ntieresori joustoneuleesta tuo paidalle kest\u00e4vyytt\u00e4 ja j\u00e4m\u00e4kkyytt\u00e4. Niska- ja olkanauhojen avulla paita pit\u00e4\u00e4 muotonsa pitk\u00e4\u00e4n. Maksimi pesul\u00e4mp\u00f6tila 60\u00b0C.<\/p>\n","protected":false},"featured_media":29157,"comment_status":"open","ping_status":"closed","template":"","meta":{"_acf_changed":false},"factory":[],"free-shipment":[],"product_brand":[],"product_cat":[488,2519],"product_tag":[],"class_list":{"0":"post-29160","1":"product","2":"type-product","3":"status-publish","4":"has-post-thumbnail","6":"product_cat-tools-fi","7":"product_cat-tyovaatteet","9":"first","10":"instock","11":"sale","12":"taxable","13":"shipping-taxable","14":"purchasable","15":"product-type-simple"},"acf":[],"_links":{"self":[{"href":"https:\/\/factory.sale\/fi\/wp-json\/wp\/v2\/product\/29160","targetHints":{"allow":["GET"]}}],"collection":[{"href":"https:\/\/factory.sale\/fi\/wp-json\/wp\/v2\/product"}],"about":[{"href":"https:\/\/factory.sale\/fi\/wp-json\/wp\/v2\/types\/product"}],"replies":[{"embeddable":true,"href":"https:\/\/factory.sale\/fi\/wp-json\/wp\/v2\/comments?post=29160"}],"wp:featuredmedia":[{"embeddable":true,"href":"https:\/\/factory.sale\/fi\/wp-json\/wp\/v2\/media\/29157"}],"wp:attachment":[{"href":"https:\/\/factory.sale\/fi\/wp-json\/wp\/v2\/media?parent=29160"}],"wp:term":[{"taxonomy":"factory","embeddable":true,"href":"https:\/\/factory.sale\/fi\/wp-json\/wp\/v2\/factory?post=29160"},{"taxonomy":"free-shipment","embeddable":true,"href":"https:\/\/factory.sale\/fi\/wp-json\/wp\/v2\/free-shipment?post=29160"},{"taxonomy":"product_brand","embeddable":true,"href":"https:\/\/factory.sale\/fi\/wp-json\/wp\/v2\/product_brand?post=29160"},{"taxonomy":"product_cat","embeddable":true,"href":"https:\/\/factory.sale\/fi\/wp-json\/wp\/v2\/product_cat?post=29160"},{"taxonomy":"product_tag","embeddable":true,"href":"https:\/\/factory.sale\/fi\/wp-json\/wp\/v2\/product_tag?post=29160"}],"curies":[{"name":"wp","href":"https:\/\/api.w.org\/{rel}","templated":true}]}}