{"id":29148,"date":"2023-06-15T08:13:38","date_gmt":"2023-06-15T09:14:41","guid":{"rendered":"https:\/\/factory.sale\/?post_type=product&#038;p=29148"},"modified":"2024-06-26T21:41:56","modified_gmt":"2024-06-26T21:41:56","slug":"reisitaskuhousut-worksafe-stretch-pants","status":"publish","type":"product","link":"https:\/\/factory.sale\/fi\/tuote\/reisitaskuhousut-worksafe-stretch-pants\/","title":{"rendered":"Reisitaskuhousut Worksafe Stretch Pants"},"content":{"rendered":"<p><strong>Tuotekoodi :02078168<\/strong><\/p>\n<p>&nbsp;<\/p>\n<p>Worksafe 5710150 Stretch reisitaskuhousut ovat nelj\u00e4\u00e4n suuntaan joustavat, eritt\u00e4in mukavat ja huolitellut ty\u00f6housut. Kangas on vett\u00e4hylkiv\u00e4\u00e4 ja lahkeissa on 5 cm pidennysvara istuvuuden takaamiseksi sek\u00e4 vahvikkeet kest\u00e4vyyden parantamiseksi. Housuissa on etutaskut, D-rengas, vetoketjulliset reisitaskut, yksi painonapillinen reisitasku ja yksi tarrallinen reisitasku, kyn\u00e4- ja ty\u00f6kalutaskut sek\u00e4 kaksi takataskua. Maksimi pesul\u00e4mp\u00f6tila 60 \u00b0C.<\/p>\n<p>&nbsp;<\/p>\n<p>&nbsp;<\/p>\n<p><strong>Tuotetiedot:<\/strong><\/p>\n<ul>\n<li>V\u00e4ri: musta<\/li>\n<li>Materiaali: 92% nylon, 8% elastaani<\/li>\n<li>Kankaan paino: 250 g\/m\u00b2<\/li>\n<li>Saatavilla koot C44-C62<\/li>\n<\/ul>\n","protected":false},"excerpt":{"rendered":"<p>Worksafe 5710150 Stretch reisitaskuhousut ovat nelj\u00e4\u00e4n suuntaan joustavat, eritt\u00e4in mukavat ja huolitellut ty\u00f6housut. Kangas on vett\u00e4hylkiv\u00e4\u00e4 ja lahkeissa on 5 cm pidennysvara istuvuuden takaamiseksi sek\u00e4 vahvikkeet kest\u00e4vyyden parantamiseksi. Housuissa on etutaskut, D-rengas, vetoketjulliset reisitaskut, yksi painonapillinen reisitasku ja yksi tarrallinen reisitasku, kyn\u00e4- ja ty\u00f6kalutaskut sek\u00e4 kaksi takataskua. Maksimi pesul\u00e4mp\u00f6tila 60 \u00b0C.<\/p>\n","protected":false},"featured_media":29139,"comment_status":"open","ping_status":"closed","template":"","meta":{"_acf_changed":false},"factory":[],"free-shipment":[],"product_brand":[],"product_cat":[2517,224],"product_tag":[],"class_list":{"0":"post-29148","1":"product","2":"type-product","3":"status-publish","4":"has-post-thumbnail","6":"product_cat-work-clothes","7":"product_cat-tools","9":"first","10":"instock","11":"sale","12":"taxable","13":"shipping-taxable","14":"purchasable","15":"product-type-simple"},"acf":[],"_links":{"self":[{"href":"https:\/\/factory.sale\/fi\/wp-json\/wp\/v2\/product\/29148","targetHints":{"allow":["GET"]}}],"collection":[{"href":"https:\/\/factory.sale\/fi\/wp-json\/wp\/v2\/product"}],"about":[{"href":"https:\/\/factory.sale\/fi\/wp-json\/wp\/v2\/types\/product"}],"replies":[{"embeddable":true,"href":"https:\/\/factory.sale\/fi\/wp-json\/wp\/v2\/comments?post=29148"}],"wp:featuredmedia":[{"embeddable":true,"href":"https:\/\/factory.sale\/fi\/wp-json\/wp\/v2\/media\/29139"}],"wp:attachment":[{"href":"https:\/\/factory.sale\/fi\/wp-json\/wp\/v2\/media?parent=29148"}],"wp:term":[{"taxonomy":"factory","embeddable":true,"href":"https:\/\/factory.sale\/fi\/wp-json\/wp\/v2\/factory?post=29148"},{"taxonomy":"free-shipment","embeddable":true,"href":"https:\/\/factory.sale\/fi\/wp-json\/wp\/v2\/free-shipment?post=29148"},{"taxonomy":"product_brand","embeddable":true,"href":"https:\/\/factory.sale\/fi\/wp-json\/wp\/v2\/product_brand?post=29148"},{"taxonomy":"product_cat","embeddable":true,"href":"https:\/\/factory.sale\/fi\/wp-json\/wp\/v2\/product_cat?post=29148"},{"taxonomy":"product_tag","embeddable":true,"href":"https:\/\/factory.sale\/fi\/wp-json\/wp\/v2\/product_tag?post=29148"}],"curies":[{"name":"wp","href":"https:\/\/api.w.org\/{rel}","templated":true}]}}