{"id":29126,"date":"2023-06-14T19:11:23","date_gmt":"2023-06-14T19:22:11","guid":{"rendered":"https:\/\/factory.sale\/?post_type=product&#038;p=29126"},"modified":"2024-06-30T19:23:39","modified_gmt":"2024-06-30T19:23:39","slug":"viiltosuojakasine-worksafe-cut-5-108","status":"publish","type":"product","link":"https:\/\/factory.sale\/fi\/tuote\/viiltosuojakasine-worksafe-cut-5-108\/","title":{"rendered":"Viiltosuojak\u00e4sine Worksafe Cut 5-108"},"content":{"rendered":"<p><strong>Tuotekoodi: 02053699<\/strong><\/p>\n<p>&nbsp;<\/p>\n<p>Mukava PU-kastettu Worksafe Cut 5-108 viiltosuojak\u00e4sine sopii hyvin viiltoriskej\u00e4 sis\u00e4lt\u00e4viin t\u00f6ihin. Hengitt\u00e4v\u00e4n k\u00e4densel\u00e4n ja saumattoman neulevuorin ansiosta k\u00e4sine on mukava my\u00f6s pitk\u00e4\u00e4n k\u00e4ytettyn\u00e4. Soveltuu esimerkiksi asennust\u00f6ihin, autoteollisuuteen ja pakkaust\u00f6ihin.<\/p>\n<p>&nbsp;<\/p>\n<p>&nbsp;<\/p>\n<p><strong>Tuotetiedot:<\/strong><\/p>\n<ul>\n<li>V\u00e4ri: harmaa<\/li>\n<li>Materiaali: HPPE<\/li>\n<li>Ei vuorta<\/li>\n<li>Pinnoite: PU<\/li>\n<li>Viiltosuoja: luokka C &#8211; EN388:2016, luokka 5 &#8211; EN388:2003<\/li>\n<li>Saatavilla koot 7-11<\/li>\n<\/ul>\n<p>&nbsp;<\/p>\n<p>&nbsp;<\/p>\n<p><strong>Tekniset tuotesertifikaatit<\/strong><\/p>\n<ul>\n<li>Tuote t\u00e4ytt\u00e4\u00e4 CE kriteerit<\/li>\n<li>Cat II<\/li>\n<li>EN388 :2003 4542<\/li>\n<li>EN388 :2016 4X42C<\/li>\n<li>Emme vastaa mahdollisista virheellisist\u00e4 tiedoista. Pid\u00e4t\u00e4mme oikeuden muutoksiin.<\/li>\n<\/ul>\n<p>&nbsp;<\/p>\n<p><a href=\"https:\/\/factory.sale\/wp-content\/uploads\/2023\/06\/Worksafe-Cut-5-108-Vaatimustenmukaisuusvakuutus.pdf\" target=\"_blank\" rel=\"noopener\">Worksafe_Cut<\/a><\/p>\n","protected":false},"excerpt":{"rendered":"<p>Mukava PU-kastettu Worksafe Cut 5-108 viiltosuojak\u00e4sine sopii hyvin viiltoriskej\u00e4 sis\u00e4lt\u00e4viin t\u00f6ihin. Hengitt\u00e4v\u00e4n k\u00e4densel\u00e4n ja saumattoman neulevuorin ansiosta k\u00e4sine on mukava my\u00f6s pitk\u00e4\u00e4n k\u00e4ytettyn\u00e4. Soveltuu esimerkiksi asennust\u00f6ihin, autoteollisuuteen ja pakkaust\u00f6ihin.<\/p>\n<p>&nbsp;<\/p>\n","protected":false},"featured_media":29123,"comment_status":"open","ping_status":"closed","template":"","meta":{"_acf_changed":false},"factory":[],"free-shipment":[],"product_brand":[],"product_cat":[2519,488],"product_tag":[],"class_list":{"0":"post-29126","1":"product","2":"type-product","3":"status-publish","4":"has-post-thumbnail","6":"product_cat-tyovaatteet","7":"product_cat-tools-fi","9":"first","10":"instock","11":"sale","12":"taxable","13":"shipping-taxable","14":"purchasable","15":"product-type-simple"},"acf":[],"_links":{"self":[{"href":"https:\/\/factory.sale\/fi\/wp-json\/wp\/v2\/product\/29126","targetHints":{"allow":["GET"]}}],"collection":[{"href":"https:\/\/factory.sale\/fi\/wp-json\/wp\/v2\/product"}],"about":[{"href":"https:\/\/factory.sale\/fi\/wp-json\/wp\/v2\/types\/product"}],"replies":[{"embeddable":true,"href":"https:\/\/factory.sale\/fi\/wp-json\/wp\/v2\/comments?post=29126"}],"wp:featuredmedia":[{"embeddable":true,"href":"https:\/\/factory.sale\/fi\/wp-json\/wp\/v2\/media\/29123"}],"wp:attachment":[{"href":"https:\/\/factory.sale\/fi\/wp-json\/wp\/v2\/media?parent=29126"}],"wp:term":[{"taxonomy":"factory","embeddable":true,"href":"https:\/\/factory.sale\/fi\/wp-json\/wp\/v2\/factory?post=29126"},{"taxonomy":"free-shipment","embeddable":true,"href":"https:\/\/factory.sale\/fi\/wp-json\/wp\/v2\/free-shipment?post=29126"},{"taxonomy":"product_brand","embeddable":true,"href":"https:\/\/factory.sale\/fi\/wp-json\/wp\/v2\/product_brand?post=29126"},{"taxonomy":"product_cat","embeddable":true,"href":"https:\/\/factory.sale\/fi\/wp-json\/wp\/v2\/product_cat?post=29126"},{"taxonomy":"product_tag","embeddable":true,"href":"https:\/\/factory.sale\/fi\/wp-json\/wp\/v2\/product_tag?post=29126"}],"curies":[{"name":"wp","href":"https:\/\/api.w.org\/{rel}","templated":true}]}}