{"id":29109,"date":"2023-06-13T20:59:35","date_gmt":"2023-06-13T21:05:33","guid":{"rendered":"https:\/\/factory.sale\/?post_type=product&#038;p=29109"},"modified":"2024-06-28T00:57:23","modified_gmt":"2024-06-28T00:57:23","slug":"ergomatto-tyopistematto-harmaa","status":"publish","type":"product","link":"https:\/\/factory.sale\/fi\/tuote\/ergomatto-tyopistematto-harmaa\/","title":{"rendered":"Ergomatto ty\u00f6pistematto, harmaa"},"content":{"rendered":"<p><strong>SKU: 170001<\/strong><\/p>\n<p><strong>EAN: 6430054931731<\/strong><\/p>\n<p>Ergomatto &#8211; ty\u00f6pistematto helpottaa seisomista. T\u00e4m\u00e4 matto sopii k\u00e4ytett\u00e4v\u00e4ksi kaikilla ty\u00f6asemilla, joissa joudut seisomaan pitk\u00e4\u00e4n. Ergomatto on suunniteltu stimuloimaan verenkiertoa ja est\u00e4m\u00e4\u00e4n v\u00e4symyst\u00e4 jaloissa ja sel\u00e4ss\u00e4. Ergomattolla seisominen lis\u00e4\u00e4 alaraajojen liikett\u00e4. Materiaali on eritt\u00e4in joustavaa. Viistot reunat v\u00e4hent\u00e4v\u00e4t kompastumisriski\u00e4. Sit\u00e4 on helppo k\u00e4ytt\u00e4\u00e4 ja pit\u00e4\u00e4 puhtaana.<\/p>\n<p>&nbsp;<\/p>\n<p>&nbsp;<\/p>\n<p>&nbsp;<\/p>\n<p><strong>Tuotetiedot:<\/strong><\/p>\n<ul>\n<li>Materiaali: Polyuretaani, ei sis\u00e4ll\u00e4 silikonia tai lateksia<\/li>\n<li>V\u00e4ri: Tummanharmaa<\/li>\n<li>Koko: 600 x 900 x 16 mm<\/li>\n<li>Takuu: 3 vuotta<\/li>\n<li>Tilattavissa omin mitoin<\/li>\n<\/ul>\n","protected":false},"excerpt":{"rendered":"<p>Ergomatto &#8211; ty\u00f6pistematto helpottaa seisomista. T\u00e4m\u00e4 matto sopii k\u00e4ytett\u00e4v\u00e4ksi kaikilla ty\u00f6asemilla, joissa joudut seisomaan pitk\u00e4\u00e4n. Ergomatto on suunniteltu stimuloimaan verenkiertoa ja est\u00e4m\u00e4\u00e4n v\u00e4symyst\u00e4 jaloissa ja sel\u00e4ss\u00e4. Ergomattolla seisominen lis\u00e4\u00e4 alaraajojen liikett\u00e4. Materiaali on eritt\u00e4in joustavaa. Viistot reunat v\u00e4hent\u00e4v\u00e4t kompastumisriski\u00e4. Sit\u00e4 on helppo k\u00e4ytt\u00e4\u00e4 ja pit\u00e4\u00e4 puhtaana.<\/p>\n","protected":false},"featured_media":29102,"comment_status":"open","ping_status":"closed","template":"","meta":{"_acf_changed":false},"factory":[],"free-shipment":[],"product_brand":[],"product_cat":[2491,1319],"product_tag":[],"class_list":{"0":"post-29109","1":"product","2":"type-product","3":"status-publish","4":"has-post-thumbnail","6":"product_cat-ergonomia","7":"product_cat-huonekalut","9":"first","10":"instock","11":"sale","12":"taxable","13":"shipping-taxable","14":"purchasable","15":"product-type-simple"},"acf":[],"_links":{"self":[{"href":"https:\/\/factory.sale\/fi\/wp-json\/wp\/v2\/product\/29109","targetHints":{"allow":["GET"]}}],"collection":[{"href":"https:\/\/factory.sale\/fi\/wp-json\/wp\/v2\/product"}],"about":[{"href":"https:\/\/factory.sale\/fi\/wp-json\/wp\/v2\/types\/product"}],"replies":[{"embeddable":true,"href":"https:\/\/factory.sale\/fi\/wp-json\/wp\/v2\/comments?post=29109"}],"wp:featuredmedia":[{"embeddable":true,"href":"https:\/\/factory.sale\/fi\/wp-json\/wp\/v2\/media\/29102"}],"wp:attachment":[{"href":"https:\/\/factory.sale\/fi\/wp-json\/wp\/v2\/media?parent=29109"}],"wp:term":[{"taxonomy":"factory","embeddable":true,"href":"https:\/\/factory.sale\/fi\/wp-json\/wp\/v2\/factory?post=29109"},{"taxonomy":"free-shipment","embeddable":true,"href":"https:\/\/factory.sale\/fi\/wp-json\/wp\/v2\/free-shipment?post=29109"},{"taxonomy":"product_brand","embeddable":true,"href":"https:\/\/factory.sale\/fi\/wp-json\/wp\/v2\/product_brand?post=29109"},{"taxonomy":"product_cat","embeddable":true,"href":"https:\/\/factory.sale\/fi\/wp-json\/wp\/v2\/product_cat?post=29109"},{"taxonomy":"product_tag","embeddable":true,"href":"https:\/\/factory.sale\/fi\/wp-json\/wp\/v2\/product_tag?post=29109"}],"curies":[{"name":"wp","href":"https:\/\/api.w.org\/{rel}","templated":true}]}}