{"id":29096,"date":"2023-06-13T19:19:53","date_gmt":"2023-06-13T20:41:12","guid":{"rendered":"https:\/\/factory.sale\/?post_type=product&#038;p=29096"},"modified":"2024-07-02T01:48:51","modified_gmt":"2024-07-02T01:48:51","slug":"getupmat-bubble-seisomatyopistematto-harmaa","status":"publish","type":"product","link":"https:\/\/factory.sale\/fi\/tuote\/getupmat-bubble-seisomatyopistematto-harmaa\/","title":{"rendered":"GetUpMat Bubble seisomaty\u00f6pistematto, harmaa"},"content":{"rendered":"<p><strong>SKU: 170005<\/strong><br \/>\n<strong>EAN: 6430054930734<\/strong><\/p>\n<p>&nbsp;<\/p>\n<p>&nbsp;<\/p>\n<p>Bubble matolla kevenn\u00e4t seisomaty\u00f6n kuormitusta. T\u00e4m\u00e4 matto sopii k\u00e4ytett\u00e4v\u00e4ksi kaikkiin ty\u00f6pisteisiin, joissa ty\u00f6skennell\u00e4\u00e4n jatkuvasti tai satunnaisesti seisten. Bubble matto on suunniteltu stimuloimaan alaraajojen verenkiertoa ja ehk\u00e4isem\u00e4\u00e4n v\u00e4symyst\u00e4. Bubble maton p\u00e4\u00e4ll\u00e4 seisominen aktivoi alaraajojen liikett\u00e4. Eritt\u00e4in joustava materiaali. Viistetyt reunat v\u00e4hent\u00e4v\u00e4t kompastumisen riski\u00e4. Helppo k\u00e4ytt\u00e4\u00e4 ja pit\u00e4\u00e4 puhtaana. Kotimainen tuote.<\/p>\n<p>&nbsp;<\/p>\n<p>&nbsp;<\/p>\n<p>&nbsp;<\/p>\n<p>&nbsp;<\/p>\n<p><strong>Tuotetiedot:<\/strong><\/p>\n<ul>\n<li>Materiaali: Polyuretaani, ei sis\u00e4ll\u00e4 silikonia tai lateksia<\/li>\n<li>V\u00e4ri: Tummanharmaa<\/li>\n<li>Koko: 630 x 475 x 16 mm<\/li>\n<li>Takuu: 3 vuotta<\/li>\n<\/ul>\n","protected":false},"excerpt":{"rendered":"<p>Bubble matolla kevenn\u00e4t seisomaty\u00f6n kuormitusta. T\u00e4m\u00e4 matto sopii k\u00e4ytett\u00e4v\u00e4ksi kaikkiin ty\u00f6pisteisiin, joissa ty\u00f6skennell\u00e4\u00e4n jatkuvasti tai satunnaisesti seisten. Bubble matto on suunniteltu stimuloimaan alaraajojen verenkiertoa ja ehk\u00e4isem\u00e4\u00e4n v\u00e4symyst\u00e4. Bubble maton p\u00e4\u00e4ll\u00e4 seisominen aktivoi alaraajojen liikett\u00e4. Eritt\u00e4in joustava materiaali. Viistetyt reunat v\u00e4hent\u00e4v\u00e4t kompastumisen riski\u00e4. Helppo k\u00e4ytt\u00e4\u00e4 ja pit\u00e4\u00e4 puhtaana. Kotimainen tuote.<\/p>\n","protected":false},"featured_media":29087,"comment_status":"open","ping_status":"closed","template":"","meta":{"_acf_changed":false},"factory":[],"free-shipment":[],"product_brand":[],"product_cat":[2491,1319],"product_tag":[],"class_list":{"0":"post-29096","1":"product","2":"type-product","3":"status-publish","4":"has-post-thumbnail","6":"product_cat-ergonomia","7":"product_cat-huonekalut","9":"first","10":"instock","11":"sale","12":"taxable","13":"shipping-taxable","14":"purchasable","15":"product-type-simple"},"acf":[],"_links":{"self":[{"href":"https:\/\/factory.sale\/fi\/wp-json\/wp\/v2\/product\/29096","targetHints":{"allow":["GET"]}}],"collection":[{"href":"https:\/\/factory.sale\/fi\/wp-json\/wp\/v2\/product"}],"about":[{"href":"https:\/\/factory.sale\/fi\/wp-json\/wp\/v2\/types\/product"}],"replies":[{"embeddable":true,"href":"https:\/\/factory.sale\/fi\/wp-json\/wp\/v2\/comments?post=29096"}],"wp:featuredmedia":[{"embeddable":true,"href":"https:\/\/factory.sale\/fi\/wp-json\/wp\/v2\/media\/29087"}],"wp:attachment":[{"href":"https:\/\/factory.sale\/fi\/wp-json\/wp\/v2\/media?parent=29096"}],"wp:term":[{"taxonomy":"factory","embeddable":true,"href":"https:\/\/factory.sale\/fi\/wp-json\/wp\/v2\/factory?post=29096"},{"taxonomy":"free-shipment","embeddable":true,"href":"https:\/\/factory.sale\/fi\/wp-json\/wp\/v2\/free-shipment?post=29096"},{"taxonomy":"product_brand","embeddable":true,"href":"https:\/\/factory.sale\/fi\/wp-json\/wp\/v2\/product_brand?post=29096"},{"taxonomy":"product_cat","embeddable":true,"href":"https:\/\/factory.sale\/fi\/wp-json\/wp\/v2\/product_cat?post=29096"},{"taxonomy":"product_tag","embeddable":true,"href":"https:\/\/factory.sale\/fi\/wp-json\/wp\/v2\/product_tag?post=29096"}],"curies":[{"name":"wp","href":"https:\/\/api.w.org\/{rel}","templated":true}]}}