{"id":29081,"date":"2023-06-13T18:48:44","date_gmt":"2023-06-13T19:12:57","guid":{"rendered":"https:\/\/factory.sale\/?post_type=product&#038;p=29081"},"modified":"2024-07-12T18:30:05","modified_gmt":"2024-07-12T15:30:05","slug":"standmat-boost-tyoasemamatto-24-mm-pehmea","status":"publish","type":"product","link":"https:\/\/factory.sale\/fi\/tuote\/standmat-boost-tyoasemamatto-24-mm-pehmea\/","title":{"rendered":"StandMat Boost ty\u00f6asemamatto 24 mm pehme\u00e4"},"content":{"rendered":"<p><strong>SKU: 455402<\/strong><br \/>\n<strong>EAN: 6430054932035<\/strong><\/p>\n<p>&nbsp;<\/p>\n<p>StandMat Boost -ty\u00f6asemamatto on erityisen pehme\u00e4. Maton elastinen ominaisuus ja kuplikuvioitu pinta 254 aktiivisuuspisteell\u00e4 parantavat verenkiertoa ja tekev\u00e4t siit\u00e4 ergonomisen ratkaisun. Se v\u00e4hent\u00e4\u00e4 seisomaty\u00f6n ja kovien lattioiden vaikutusta tuki- ja liikuntaelinsairauksiin. Se sopii erinomaisesti toimistoihin, pankkeihin, vastaanottoon ja kassoihin. Maton vallankumouksellisen t\u00e4ytteen ansiosta se ei koskaan uppoa kokonaan lattiaan, ei kerrostu tai kulu. Pinta on kuvioitua likaa hylkiv\u00e4\u00e4 materiaalia. Matto on valmistettu korkealaatuisesta polyuretaanista. Pohja on pidon suhteen vertaansa vailla. Viistotuiden reunojen ansiosta kompastumisvaaraa ei ole. StandMat Boost on eritt\u00e4in helppo pit\u00e4\u00e4 puhtaana ja se voidaan puhdistaa kostealla liinalla, koska matto ei sis\u00e4ll\u00e4 lainkaan kangasta. Maton voi helposti ripustaa koukkuun, koukun voi tilata erikseen.<\/p>\n<p>&nbsp;<\/p>\n<p>&nbsp;<\/p>\n<p><strong>Tuotetiedot:<\/strong><\/p>\n<ul>\n<li>Koko: 570 x 460 x 24 mm (K\u00e4rkien kanssa: 28 mm paksu)<\/li>\n<li>V\u00e4ri: Tummanharmaa<\/li>\n<li>Materiaali: polyuretaani (ei sis\u00e4ll\u00e4 PVC:t\u00e4)<\/li>\n<li>Likaa hylkiv\u00e4: Kyll\u00e4<\/li>\n<li>Pintak\u00e4sittely: Antibakteerinen<\/li>\n<li>Pinta: 254 aktivointipistett\u00e4<\/li>\n<li>Ripustusreik\u00e4: Kyll\u00e4<\/li>\n<li>Reunat: Viistot<\/li>\n<li>Pohja: Hyv\u00e4 tarttuvuus, turvallinen<\/li>\n<li>Pakkaus: Yksitt\u00e4in, kuljetetaan 10 kpl:n laatikossa<\/li>\n<li>Takuu: 5 vuotta<\/li>\n<\/ul>\n","protected":false},"excerpt":{"rendered":"<p>StandMat Boost -ty\u00f6asemamatto on erityisen pehme\u00e4. Maton elastinen ominaisuus ja kuplikuvioitu pinta 254 aktiivisuuspisteell\u00e4 parantavat verenkiertoa ja tekev\u00e4t siit\u00e4 ergonomisen ratkaisun. Se v\u00e4hent\u00e4\u00e4 seisomaty\u00f6n ja kovien lattioiden vaikutusta tuki- ja liikuntaelinsairauksiin. Se sopii erinomaisesti toimistoihin, pankkeihin, vastaanottoon ja kassoihin. Maton vallankumouksellisen t\u00e4ytteen ansiosta se ei koskaan uppoa kokonaan lattiaan, ei kerrostu tai kulu. Pinta on kuvioitua likaa hylkiv\u00e4\u00e4 materiaalia. Matto on valmistettu korkealaatuisesta polyuretaanista. Pohja on pidon suhteen vertaansa vailla. Viistotuiden reunojen ansiosta kompastumisvaaraa ei ole. StandMat Boost on eritt\u00e4in helppo pit\u00e4\u00e4 puhtaana ja se voidaan puhdistaa kostealla liinalla, koska matto ei sis\u00e4ll\u00e4 lainkaan kangasta. Maton voi helposti ripustaa koukkuun, koukun voi tilata erikseen.<\/p>\n","protected":false},"featured_media":29075,"comment_status":"open","ping_status":"closed","template":"","meta":{"_acf_changed":false},"factory":[],"free-shipment":[],"product_brand":[],"product_cat":[2491,1319],"product_tag":[],"class_list":{"0":"post-29081","1":"product","2":"type-product","3":"status-publish","4":"has-post-thumbnail","6":"product_cat-ergonomia","7":"product_cat-huonekalut","9":"first","10":"instock","11":"sale","12":"taxable","13":"shipping-taxable","14":"purchasable","15":"product-type-simple"},"acf":[],"_links":{"self":[{"href":"https:\/\/factory.sale\/fi\/wp-json\/wp\/v2\/product\/29081","targetHints":{"allow":["GET"]}}],"collection":[{"href":"https:\/\/factory.sale\/fi\/wp-json\/wp\/v2\/product"}],"about":[{"href":"https:\/\/factory.sale\/fi\/wp-json\/wp\/v2\/types\/product"}],"replies":[{"embeddable":true,"href":"https:\/\/factory.sale\/fi\/wp-json\/wp\/v2\/comments?post=29081"}],"wp:featuredmedia":[{"embeddable":true,"href":"https:\/\/factory.sale\/fi\/wp-json\/wp\/v2\/media\/29075"}],"wp:attachment":[{"href":"https:\/\/factory.sale\/fi\/wp-json\/wp\/v2\/media?parent=29081"}],"wp:term":[{"taxonomy":"factory","embeddable":true,"href":"https:\/\/factory.sale\/fi\/wp-json\/wp\/v2\/factory?post=29081"},{"taxonomy":"free-shipment","embeddable":true,"href":"https:\/\/factory.sale\/fi\/wp-json\/wp\/v2\/free-shipment?post=29081"},{"taxonomy":"product_brand","embeddable":true,"href":"https:\/\/factory.sale\/fi\/wp-json\/wp\/v2\/product_brand?post=29081"},{"taxonomy":"product_cat","embeddable":true,"href":"https:\/\/factory.sale\/fi\/wp-json\/wp\/v2\/product_cat?post=29081"},{"taxonomy":"product_tag","embeddable":true,"href":"https:\/\/factory.sale\/fi\/wp-json\/wp\/v2\/product_tag?post=29081"}],"curies":[{"name":"wp","href":"https:\/\/api.w.org\/{rel}","templated":true}]}}