{"id":29069,"date":"2023-06-13T17:50:52","date_gmt":"2023-06-13T18:40:54","guid":{"rendered":"https:\/\/factory.sale\/?post_type=product&#038;p=29069"},"modified":"2024-07-12T11:32:06","modified_gmt":"2024-07-12T08:32:06","slug":"standmat-tyopistematto-24-mm-pehmea","status":"publish","type":"product","link":"https:\/\/factory.sale\/fi\/tuote\/standmat-tyopistematto-24-mm-pehmea\/","title":{"rendered":"StandMat ty\u00f6pistematto 24 mm pehme\u00e4"},"content":{"rendered":"<p><strong>SKU: 455502<\/strong><br \/>\n<strong>EAN: 7350042901241<\/strong><\/p>\n<p>&nbsp;<\/p>\n<p>&nbsp;<\/p>\n<p>StandMat-ty\u00f6pistematto on ensiluokkaista mukavuutta. Matto v\u00e4hent\u00e4\u00e4 merkitt\u00e4v\u00e4sti kehon v\u00e4symyst\u00e4 sill\u00e4 seistess\u00e4. Sit\u00e4 voidaan k\u00e4ytt\u00e4\u00e4 mm. teollisuudessa, kassoilla, lentokentill\u00e4, apteekeissa, pankeissa tai miss\u00e4 tahansa seisovassa ty\u00f6ss\u00e4. Maton ainutlaatuisen t\u00e4ytteen ansiosta se ei koskaan uppoa kokonaan lattiaan, ei kerrostu tai kulu. Pinta on valmistettu teksturoidusta, antimikrobisesta materiaalista. Matto on valmistettu korkealaatuisesta polyuretaanista. Pohja on pidon suhteen vertaansa vailla. Viistotuiden reunojen ansiosta kompastumisvaaraa ei ole. Matossa on reik\u00e4, jonka ansiosta se on helppo ripustaa koukkuun.<\/p>\n<p>&nbsp;<\/p>\n<p><strong>Tuotetiedot:<\/strong><\/p>\n<ul>\n<li>Koko: 745 mm x 495 mm x 24 mm<\/li>\n<li>V\u00e4ri: Tummanharmaa<\/li>\n<li>Materiaali: polyuretaani (ei sis\u00e4ll\u00e4 PVC:t\u00e4)<\/li>\n<li>Likaa hylkiv\u00e4: Kyll\u00e4<\/li>\n<li>Pintak\u00e4sittely: Antibakteerinen<\/li>\n<li>Pinta: Teksturoitu<\/li>\n<li>Ripustusreik\u00e4: Kyll\u00e4<\/li>\n<li>Reunat: Viistot<\/li>\n<li>Pohja: Hyv\u00e4 tarttuvuus, turvallinen<\/li>\n<li>Pakkaus: Yksitt\u00e4in, kuljetuslaatikko 10 kpl<\/li>\n<li>Takuu: 5 vuotta<\/li>\n<\/ul>\n","protected":false},"excerpt":{"rendered":"<p>StandMat-ty\u00f6pistematto on ensiluokkaista mukavuutta. Matto v\u00e4hent\u00e4\u00e4 merkitt\u00e4v\u00e4sti kehon v\u00e4symyst\u00e4 sill\u00e4 seistess\u00e4. Sit\u00e4 voidaan k\u00e4ytt\u00e4\u00e4 mm. teollisuudessa, kassoilla, lentokentill\u00e4, apteekeissa, pankeissa tai miss\u00e4 tahansa seisovassa ty\u00f6ss\u00e4. Maton ainutlaatuisen t\u00e4ytteen ansiosta se ei koskaan uppoa kokonaan lattiaan, ei kerrostu tai kulu. Pinta on valmistettu teksturoidusta, antimikrobisesta materiaalista. Matto on valmistettu korkealaatuisesta polyuretaanista. Pohja on pidon suhteen vertaansa vailla. Viistotuiden reunojen ansiosta kompastumisvaaraa ei ole. Matossa on reik\u00e4, jonka ansiosta se on helppo ripustaa koukkuun.<\/p>\n","protected":false},"featured_media":29060,"comment_status":"open","ping_status":"closed","template":"","meta":{"_acf_changed":false},"factory":[],"free-shipment":[],"product_brand":[],"product_cat":[2491,1319],"product_tag":[],"class_list":{"0":"post-29069","1":"product","2":"type-product","3":"status-publish","4":"has-post-thumbnail","6":"product_cat-ergonomia","7":"product_cat-huonekalut","9":"first","10":"instock","11":"sale","12":"taxable","13":"shipping-taxable","14":"purchasable","15":"product-type-simple"},"acf":[],"_links":{"self":[{"href":"https:\/\/factory.sale\/fi\/wp-json\/wp\/v2\/product\/29069","targetHints":{"allow":["GET"]}}],"collection":[{"href":"https:\/\/factory.sale\/fi\/wp-json\/wp\/v2\/product"}],"about":[{"href":"https:\/\/factory.sale\/fi\/wp-json\/wp\/v2\/types\/product"}],"replies":[{"embeddable":true,"href":"https:\/\/factory.sale\/fi\/wp-json\/wp\/v2\/comments?post=29069"}],"wp:featuredmedia":[{"embeddable":true,"href":"https:\/\/factory.sale\/fi\/wp-json\/wp\/v2\/media\/29060"}],"wp:attachment":[{"href":"https:\/\/factory.sale\/fi\/wp-json\/wp\/v2\/media?parent=29069"}],"wp:term":[{"taxonomy":"factory","embeddable":true,"href":"https:\/\/factory.sale\/fi\/wp-json\/wp\/v2\/factory?post=29069"},{"taxonomy":"free-shipment","embeddable":true,"href":"https:\/\/factory.sale\/fi\/wp-json\/wp\/v2\/free-shipment?post=29069"},{"taxonomy":"product_brand","embeddable":true,"href":"https:\/\/factory.sale\/fi\/wp-json\/wp\/v2\/product_brand?post=29069"},{"taxonomy":"product_cat","embeddable":true,"href":"https:\/\/factory.sale\/fi\/wp-json\/wp\/v2\/product_cat?post=29069"},{"taxonomy":"product_tag","embeddable":true,"href":"https:\/\/factory.sale\/fi\/wp-json\/wp\/v2\/product_tag?post=29069"}],"curies":[{"name":"wp","href":"https:\/\/api.w.org\/{rel}","templated":true}]}}