{"id":29054,"date":"2023-06-13T09:37:09","date_gmt":"2023-06-13T17:43:28","guid":{"rendered":"https:\/\/factory.sale\/?post_type=product&#038;p=29054"},"modified":"2024-07-01T19:33:27","modified_gmt":"2024-07-01T19:33:27","slug":"teollisuusmatto-safety-pesunkestava","status":"publish","type":"product","link":"https:\/\/factory.sale\/fi\/tuote\/teollisuusmatto-safety-pesunkestava\/","title":{"rendered":"Teollisuusmatto Safety pesunkest\u00e4v\u00e4"},"content":{"rendered":"<p><strong>Tuotekoodi: 3838S<\/strong><\/p>\n<p><strong>EAN: 6430054931458<\/strong><\/p>\n<p>&nbsp;<\/p>\n<p>Industry Safety -matto on moderni ja ymp\u00e4rist\u00f6yst\u00e4v\u00e4llinen ty\u00f6paikkamatto. Se on suunniteltu toimimaan t\u00e4ydellisesti teollisissa sovelluksissa ja sit\u00e4 voidaan k\u00e4ytt\u00e4\u00e4 helposti kuivissa\/kosteissa tiloissa. Matto varmistaa optimaalisen mukavuuden ja v\u00e4hent\u00e4\u00e4 v\u00e4symyst\u00e4 ja j\u00e4nnityst\u00e4 alasel\u00e4ss\u00e4 ja jaloissa. Se parantaa verenkiertoa ja lis\u00e4\u00e4 hyvinvointiasi. Maton sis\u00e4puoli on valmistettu ymp\u00e4rist\u00f6yst\u00e4v\u00e4llisest\u00e4 polyuretaanista, joka on pitk\u00e4ik\u00e4inen materiaali. Pinta on valmistettu eritt\u00e4in kest\u00e4v\u00e4st\u00e4 nitriilikumista, joka sopii vaativiin olosuhteisiin. Safety Workstation -maton reunoilla on kirkkaankeltaiset turvamerkinn\u00e4t, jotka osoittavat esimerkiksi turva-alueen.<\/p>\n<p>&nbsp;<\/p>\n<p><strong>Tuotetiedot:<\/strong><\/p>\n<ul>\n<li>Mitat: 600 x 850 x 16 mm<\/li>\n<li>V\u00e4ri musta<\/li>\n<li>Painepest\u00e4v\u00e4: Kyll\u00e4<\/li>\n<li>Materiaali: nitriilikumi \/ nitriilivaahto<\/li>\n<li>Pintamateriaali: nitriilikumi (100 % PVC-vapaa 100 % ftalaattiton)<\/li>\n<li>Pest\u00e4v\u00e4 60\u00b0C (painepest\u00e4v\u00e4, kulutusta kest\u00e4v\u00e4, korkeapainepest\u00e4v\u00e4)<\/li>\n<li>Kipin\u00e4nkest\u00e4v\u00e4<\/li>\n<li>Valmistettu Euroopassa<\/li>\n<li>Takuu 5 vuotta<\/li>\n<\/ul>\n","protected":false},"excerpt":{"rendered":"<p>Industry Safety -matto on moderni ja ymp\u00e4rist\u00f6yst\u00e4v\u00e4llinen ty\u00f6paikkamatto. Se on suunniteltu toimimaan t\u00e4ydellisesti teollisissa sovelluksissa ja sit\u00e4 voidaan k\u00e4ytt\u00e4\u00e4 helposti kuivissa\/kosteissa tiloissa. Matto varmistaa optimaalisen mukavuuden ja v\u00e4hent\u00e4\u00e4 v\u00e4symyst\u00e4 ja j\u00e4nnityst\u00e4 alasel\u00e4ss\u00e4 ja jaloissa. Se parantaa verenkiertoa ja lis\u00e4\u00e4 hyvinvointiasi. Maton sis\u00e4puoli on valmistettu ymp\u00e4rist\u00f6yst\u00e4v\u00e4llisest\u00e4 polyuretaanista, joka on pitk\u00e4ik\u00e4inen materiaali. Pinta on valmistettu eritt\u00e4in kest\u00e4v\u00e4st\u00e4 nitriilikumista, joka sopii vaativiin olosuhteisiin. Safety Workstation -maton reunoilla on kirkkaankeltaiset turvamerkinn\u00e4t, jotka osoittavat esimerkiksi turva-alueen.<\/p>\n","protected":false},"featured_media":29045,"comment_status":"open","ping_status":"closed","template":"","meta":{"_acf_changed":false},"factory":[],"free-shipment":[],"product_brand":[],"product_cat":[2491,1319],"product_tag":[],"class_list":{"0":"post-29054","1":"product","2":"type-product","3":"status-publish","4":"has-post-thumbnail","6":"product_cat-ergonomia","7":"product_cat-huonekalut","9":"first","10":"instock","11":"sale","12":"taxable","13":"shipping-taxable","14":"purchasable","15":"product-type-simple"},"acf":[],"_links":{"self":[{"href":"https:\/\/factory.sale\/fi\/wp-json\/wp\/v2\/product\/29054","targetHints":{"allow":["GET"]}}],"collection":[{"href":"https:\/\/factory.sale\/fi\/wp-json\/wp\/v2\/product"}],"about":[{"href":"https:\/\/factory.sale\/fi\/wp-json\/wp\/v2\/types\/product"}],"replies":[{"embeddable":true,"href":"https:\/\/factory.sale\/fi\/wp-json\/wp\/v2\/comments?post=29054"}],"wp:featuredmedia":[{"embeddable":true,"href":"https:\/\/factory.sale\/fi\/wp-json\/wp\/v2\/media\/29045"}],"wp:attachment":[{"href":"https:\/\/factory.sale\/fi\/wp-json\/wp\/v2\/media?parent=29054"}],"wp:term":[{"taxonomy":"factory","embeddable":true,"href":"https:\/\/factory.sale\/fi\/wp-json\/wp\/v2\/factory?post=29054"},{"taxonomy":"free-shipment","embeddable":true,"href":"https:\/\/factory.sale\/fi\/wp-json\/wp\/v2\/free-shipment?post=29054"},{"taxonomy":"product_brand","embeddable":true,"href":"https:\/\/factory.sale\/fi\/wp-json\/wp\/v2\/product_brand?post=29054"},{"taxonomy":"product_cat","embeddable":true,"href":"https:\/\/factory.sale\/fi\/wp-json\/wp\/v2\/product_cat?post=29054"},{"taxonomy":"product_tag","embeddable":true,"href":"https:\/\/factory.sale\/fi\/wp-json\/wp\/v2\/product_tag?post=29054"}],"curies":[{"name":"wp","href":"https:\/\/api.w.org\/{rel}","templated":true}]}}