{"id":29039,"date":"2023-06-13T08:50:15","date_gmt":"2023-06-13T09:21:10","guid":{"rendered":"https:\/\/factory.sale\/?post_type=product&#038;p=29039"},"modified":"2024-06-27T00:34:06","modified_gmt":"2024-06-27T00:34:06","slug":"teollisuusmatto-600-mm-x-850-mm-x-16-mm-pestava","status":"publish","type":"product","link":"https:\/\/factory.sale\/fi\/tuote\/teollisuusmatto-600-mm-x-850-mm-x-16-mm-pestava\/","title":{"rendered":"Teollisuusmatto 600 mm X 850 mm X 16 mm, pest\u00e4v\u00e4"},"content":{"rendered":"<p><strong>SKU: 3838<\/strong><br \/>\n<strong>EAN: 6430054931441<\/strong><\/p>\n<p>&nbsp;<\/p>\n<p>&nbsp;<\/p>\n<p>Teollisuusmatto on moderni ja ymp\u00e4rist\u00f6yst\u00e4v\u00e4llinen ty\u00f6pistematto. Se on suunniteltu toimimaan t\u00e4ydellisesti teollisiin tarkoituksiin ja sopii helposti my\u00f6s kuiviin \/ kosteisiin tiloihin. Matto tarjoaa optimaalisen mukavuuden ja v\u00e4hent\u00e4\u00e4 v\u00e4symyst\u00e4 ja rasitusta alasel\u00e4ss\u00e4 ja jaloissa. T\u00e4m\u00e4 parantaa verenkiertoasi ja lis\u00e4\u00e4 hyvinvointiasi. Maton sis\u00e4puoli on valmistettu ymp\u00e4rist\u00f6yst\u00e4v\u00e4llisest\u00e4 polyuretaanista, joka on pitk\u00e4ik\u00e4inen materiaali. Pinta on valmistettu eritt\u00e4in kest\u00e4v\u00e4st\u00e4 nitriilikumista, joka sopii vaativiin olosuhteisiin.<\/p>\n<p>&nbsp;<\/p>\n<p>&nbsp;<\/p>\n<p><strong>Tuotetiedot:<\/strong><\/p>\n<ul>\n<li>Helppo puhdistaa<\/li>\n<li>Koko: 600 x 850 x 16 mm<\/li>\n<li>V\u00e4ri musta<\/li>\n<li>Materiaali: nitriilikumi \/ nitriilivaahto<\/li>\n<li>Pintamateriaali: Nitriilikumi 1 (100 % PVC-vapaa 100 % ftalaattiton)<\/li>\n<li>Pest\u00e4v\u00e4 60\u00b0C (hankauksenkest\u00e4v\u00e4, korkeapainepest\u00e4v\u00e4)<\/li>\n<li>Kipin\u00f6it\u00e4 kest\u00e4v\u00e4<\/li>\n<li>Valmistettu Euroopassa<\/li>\n<li>Takuu 5 vuotta<\/li>\n<\/ul>\n","protected":false},"excerpt":{"rendered":"<p>Teollisuusmatto on moderni ja ymp\u00e4rist\u00f6yst\u00e4v\u00e4llinen ty\u00f6pistematto. Se on suunniteltu toimimaan t\u00e4ydellisesti teollisiin tarkoituksiin ja sopii helposti my\u00f6s kuiviin \/ kosteisiin tiloihin. Matto tarjoaa optimaalisen mukavuuden ja v\u00e4hent\u00e4\u00e4 v\u00e4symyst\u00e4 ja rasitusta alasel\u00e4ss\u00e4 ja jaloissa. T\u00e4m\u00e4 parantaa verenkiertoasi ja lis\u00e4\u00e4 hyvinvointiasi. Maton sis\u00e4puoli on valmistettu ymp\u00e4rist\u00f6yst\u00e4v\u00e4llisest\u00e4 polyuretaanista, joka on pitk\u00e4ik\u00e4inen materiaali. Pinta on valmistettu eritt\u00e4in kest\u00e4v\u00e4st\u00e4 nitriilikumista, joka sopii vaativiin olosuhteisiin.<\/p>\n<p>&nbsp;<\/p>\n","protected":false},"featured_media":29036,"comment_status":"open","ping_status":"closed","template":"","meta":{"_acf_changed":false},"factory":[],"free-shipment":[],"product_brand":[],"product_cat":[2491,1319],"product_tag":[],"class_list":{"0":"post-29039","1":"product","2":"type-product","3":"status-publish","4":"has-post-thumbnail","6":"product_cat-ergonomia","7":"product_cat-huonekalut","9":"first","10":"instock","11":"sale","12":"taxable","13":"shipping-taxable","14":"purchasable","15":"product-type-simple"},"acf":[],"_links":{"self":[{"href":"https:\/\/factory.sale\/fi\/wp-json\/wp\/v2\/product\/29039","targetHints":{"allow":["GET"]}}],"collection":[{"href":"https:\/\/factory.sale\/fi\/wp-json\/wp\/v2\/product"}],"about":[{"href":"https:\/\/factory.sale\/fi\/wp-json\/wp\/v2\/types\/product"}],"replies":[{"embeddable":true,"href":"https:\/\/factory.sale\/fi\/wp-json\/wp\/v2\/comments?post=29039"}],"wp:featuredmedia":[{"embeddable":true,"href":"https:\/\/factory.sale\/fi\/wp-json\/wp\/v2\/media\/29036"}],"wp:attachment":[{"href":"https:\/\/factory.sale\/fi\/wp-json\/wp\/v2\/media?parent=29039"}],"wp:term":[{"taxonomy":"factory","embeddable":true,"href":"https:\/\/factory.sale\/fi\/wp-json\/wp\/v2\/factory?post=29039"},{"taxonomy":"free-shipment","embeddable":true,"href":"https:\/\/factory.sale\/fi\/wp-json\/wp\/v2\/free-shipment?post=29039"},{"taxonomy":"product_brand","embeddable":true,"href":"https:\/\/factory.sale\/fi\/wp-json\/wp\/v2\/product_brand?post=29039"},{"taxonomy":"product_cat","embeddable":true,"href":"https:\/\/factory.sale\/fi\/wp-json\/wp\/v2\/product_cat?post=29039"},{"taxonomy":"product_tag","embeddable":true,"href":"https:\/\/factory.sale\/fi\/wp-json\/wp\/v2\/product_tag?post=29039"}],"curies":[{"name":"wp","href":"https:\/\/api.w.org\/{rel}","templated":true}]}}