{"id":29027,"date":"2023-06-13T08:28:23","date_gmt":"2023-06-13T08:43:36","guid":{"rendered":"https:\/\/factory.sale\/?post_type=product&#038;p=29027"},"modified":"2024-07-13T10:41:34","modified_gmt":"2024-07-13T07:41:34","slug":"ergofinland-kangaspaallysteinen-tyopistematto","status":"publish","type":"product","link":"https:\/\/factory.sale\/fi\/tuote\/ergofinland-kangaspaallysteinen-tyopistematto\/","title":{"rendered":"ErgoFinland Kangasp\u00e4\u00e4llysteinen ty\u00f6pistematto"},"content":{"rendered":"<p>Kangasp\u00e4\u00e4llysteinen ty\u00f6pistematto tarjoaa optimaalisen mukavuuden ja v\u00e4hent\u00e4\u00e4 alasel\u00e4n ja jalkojen kuormitusta. Matossa on reik\u00e4 ripustamista varten ripustuskoukkuun.<\/p>\n<p>&nbsp;<\/p>\n<p><strong>Tuotetideot:<\/strong><\/p>\n<ul>\n<li>Koko: 550 mm x 780 mm x 18 mm (toimitusajalla tilattavissa koko: 850 mm x 1500 mm ja 850 mm x 2850 mm)<\/li>\n<li>Materiaali: Polyurethane<\/li>\n<li>Pintamateriaali: 100% Polypropylene<\/li>\n<li>100% PVC &#8211; ja ftalaattivapaa<\/li>\n<li>Pest\u00e4v\u00e4: enint\u00e4\u00e4n 60 asteessa, Mattopesu\/Vacumpesu\/ H\u00f6yrypesu<\/li>\n<li>Takuu: 2 vuotta<\/li>\n<\/ul>\n<p>&nbsp;<\/p>\n<p><strong>Saatavilla v\u00e4rit:<\/strong><\/p>\n<ul>\n<li>harmaa (SKU: 3737,\u00a0EAN: 6430054931434)<\/li>\n<li>punainen (SKU:3737P, EAN: 6430054931885)<\/li>\n<li>sininen (SKU: 3737S, EAN: 6430054931878)<\/li>\n<\/ul>\n","protected":false},"excerpt":{"rendered":"<p>Kangasp\u00e4\u00e4llysteinen ty\u00f6pistematto tarjoaa optimaalisen mukavuuden ja v\u00e4hent\u00e4\u00e4 alasel\u00e4n ja jalkojen kuormitusta. Matossa on reik\u00e4 ripustamista varten ripustuskoukkuun.<\/p>\n","protected":false},"featured_media":29012,"comment_status":"open","ping_status":"closed","template":"","meta":{"_acf_changed":false},"factory":[],"free-shipment":[],"product_brand":[],"product_cat":[2491,1319],"product_tag":[],"class_list":{"0":"post-29027","1":"product","2":"type-product","3":"status-publish","4":"has-post-thumbnail","6":"product_cat-ergonomia","7":"product_cat-huonekalut","9":"first","10":"instock","11":"sale","12":"taxable","13":"shipping-taxable","14":"purchasable","15":"product-type-simple"},"acf":[],"_links":{"self":[{"href":"https:\/\/factory.sale\/fi\/wp-json\/wp\/v2\/product\/29027","targetHints":{"allow":["GET"]}}],"collection":[{"href":"https:\/\/factory.sale\/fi\/wp-json\/wp\/v2\/product"}],"about":[{"href":"https:\/\/factory.sale\/fi\/wp-json\/wp\/v2\/types\/product"}],"replies":[{"embeddable":true,"href":"https:\/\/factory.sale\/fi\/wp-json\/wp\/v2\/comments?post=29027"}],"wp:featuredmedia":[{"embeddable":true,"href":"https:\/\/factory.sale\/fi\/wp-json\/wp\/v2\/media\/29012"}],"wp:attachment":[{"href":"https:\/\/factory.sale\/fi\/wp-json\/wp\/v2\/media?parent=29027"}],"wp:term":[{"taxonomy":"factory","embeddable":true,"href":"https:\/\/factory.sale\/fi\/wp-json\/wp\/v2\/factory?post=29027"},{"taxonomy":"free-shipment","embeddable":true,"href":"https:\/\/factory.sale\/fi\/wp-json\/wp\/v2\/free-shipment?post=29027"},{"taxonomy":"product_brand","embeddable":true,"href":"https:\/\/factory.sale\/fi\/wp-json\/wp\/v2\/product_brand?post=29027"},{"taxonomy":"product_cat","embeddable":true,"href":"https:\/\/factory.sale\/fi\/wp-json\/wp\/v2\/product_cat?post=29027"},{"taxonomy":"product_tag","embeddable":true,"href":"https:\/\/factory.sale\/fi\/wp-json\/wp\/v2\/product_tag?post=29027"}],"curies":[{"name":"wp","href":"https:\/\/api.w.org\/{rel}","templated":true}]}}