{"id":29006,"date":"2023-06-13T07:16:42","date_gmt":"2023-06-13T08:14:35","guid":{"rendered":"https:\/\/factory.sale\/?post_type=product&#038;p=29006"},"modified":"2024-07-12T22:04:43","modified_gmt":"2024-07-12T19:04:43","slug":"getupmat-seisomatyopistematto-kantokahvalla","status":"publish","type":"product","link":"https:\/\/factory.sale\/fi\/tuote\/getupmat-seisomatyopistematto-kantokahvalla\/","title":{"rendered":"GetUpMat seisomaty\u00f6pistematto kantokahvalla"},"content":{"rendered":"<p><strong>Tuotekoodi: 3636<\/strong><br \/>\n<strong>EAN: 6430054931380<\/strong><\/p>\n<p>&nbsp;<\/p>\n<p>GetUpMat seisontamatto on valmistettu ja suunniteltu ehk\u00e4isem\u00e4\u00e4n selk\u00e4ongelmia ja jalkojen kipuja. Se on suunniteltu niin mukavaksi, ett\u00e4 kehon v\u00e4symyksen tunne h\u00e4vi\u00e4\u00e4. Sit\u00e4 voidaan k\u00e4ytt\u00e4\u00e4 mm. teollisuuden aloilla, kassoilla, lentokentill\u00e4, apteekeissa, pankeissa tai miss\u00e4 tahansa seisomaty\u00f6ss\u00e4. Maton ainutlaatuisen t\u00e4ytteen ansiosta se ei painu koskaan kokonaan pohjaan, eik\u00e4 se delaminoidu tai kulu. P\u00e4\u00e4llinen on kuvioitua likaa hylkiv\u00e4\u00e4 materiaalia. Matto on sis\u00e4ll\u00f6lt\u00e4\u00e4n korkealuokkaista polyuretaania. Pohja on pidoltaan vertaansa vailla. Viistettyjen reunojen ansiosta kompastumisen vaara on olematon. GetUpMat on eritt\u00e4in helppo pit\u00e4\u00e4 puhtaana ja se voidaan pyyhki\u00e4 kostealla liinalla, koska matto ei sis\u00e4ll\u00e4 ollenkaan kangasta. Matossa on kantokahva kuljetusta varten ja sen saa helposti roikkumaan vaikka p\u00f6yd\u00e4n reunaan tai koukkuun.<\/p>\n<p>&nbsp;<\/p>\n<ul>\n<li>Mitat: 640x515x21mm<\/li>\n<li>V\u00e4ri: Tummanharmaa<\/li>\n<li>Materiaali: Polyuretaani (PVC vapaa)<\/li>\n<li>Likaahylkiv\u00e4: Kyll\u00e4<\/li>\n<li>Pintak\u00e4sittely: Antibakteerinen<\/li>\n<li>Pinta: Sile\u00e4<\/li>\n<li>Reunat: Viistetty<\/li>\n<li>Pohja: Hyv\u00e4 tarttuvuus, turvallinen<\/li>\n<li>Pakkaus: Yksitt\u00e4in, kuljetuslaatikko 10 kpl<\/li>\n<li>Takuu: 5 vuotta<\/li>\n<\/ul>\n","protected":false},"excerpt":{"rendered":"<p>GetUpMat seisontamatto on valmistettu ja suunniteltu ehk\u00e4isem\u00e4\u00e4n selk\u00e4ongelmia ja jalkojen kipuja. Se on suunniteltu niin mukavaksi, ett\u00e4 kehon v\u00e4symyksen tunne h\u00e4vi\u00e4\u00e4. Sit\u00e4 voidaan k\u00e4ytt\u00e4\u00e4 mm. teollisuuden aloilla, kassoilla, lentokentill\u00e4, apteekeissa, pankeissa tai miss\u00e4 tahansa seisomaty\u00f6ss\u00e4. Maton ainutlaatuisen t\u00e4ytteen ansiosta se ei painu koskaan kokonaan pohjaan, eik\u00e4 se delaminoidu tai kulu. P\u00e4\u00e4llinen on kuvioitua likaa hylkiv\u00e4\u00e4 materiaalia. Matto on sis\u00e4ll\u00f6lt\u00e4\u00e4n korkealuokkaista polyuretaania. Pohja on pidoltaan vertaansa vailla. Viistettyjen reunojen ansiosta kompastumisen vaara on olematon. GetUpMat on eritt\u00e4in helppo pit\u00e4\u00e4 puhtaana ja se voidaan pyyhki\u00e4 kostealla liinalla, koska matto ei sis\u00e4ll\u00e4 ollenkaan kangasta. Matossa on kantokahva kuljetusta varten ja sen saa helposti roikkumaan vaikka p\u00f6yd\u00e4n reunaan tai koukkuun.<\/p>\n","protected":false},"featured_media":29003,"comment_status":"open","ping_status":"closed","template":"","meta":{"_acf_changed":false},"factory":[],"free-shipment":[],"product_brand":[],"product_cat":[2491,1319],"product_tag":[],"class_list":{"0":"post-29006","1":"product","2":"type-product","3":"status-publish","4":"has-post-thumbnail","6":"product_cat-ergonomia","7":"product_cat-huonekalut","9":"first","10":"instock","11":"sale","12":"taxable","13":"shipping-taxable","14":"purchasable","15":"product-type-simple"},"acf":[],"_links":{"self":[{"href":"https:\/\/factory.sale\/fi\/wp-json\/wp\/v2\/product\/29006","targetHints":{"allow":["GET"]}}],"collection":[{"href":"https:\/\/factory.sale\/fi\/wp-json\/wp\/v2\/product"}],"about":[{"href":"https:\/\/factory.sale\/fi\/wp-json\/wp\/v2\/types\/product"}],"replies":[{"embeddable":true,"href":"https:\/\/factory.sale\/fi\/wp-json\/wp\/v2\/comments?post=29006"}],"wp:featuredmedia":[{"embeddable":true,"href":"https:\/\/factory.sale\/fi\/wp-json\/wp\/v2\/media\/29003"}],"wp:attachment":[{"href":"https:\/\/factory.sale\/fi\/wp-json\/wp\/v2\/media?parent=29006"}],"wp:term":[{"taxonomy":"factory","embeddable":true,"href":"https:\/\/factory.sale\/fi\/wp-json\/wp\/v2\/factory?post=29006"},{"taxonomy":"free-shipment","embeddable":true,"href":"https:\/\/factory.sale\/fi\/wp-json\/wp\/v2\/free-shipment?post=29006"},{"taxonomy":"product_brand","embeddable":true,"href":"https:\/\/factory.sale\/fi\/wp-json\/wp\/v2\/product_brand?post=29006"},{"taxonomy":"product_cat","embeddable":true,"href":"https:\/\/factory.sale\/fi\/wp-json\/wp\/v2\/product_cat?post=29006"},{"taxonomy":"product_tag","embeddable":true,"href":"https:\/\/factory.sale\/fi\/wp-json\/wp\/v2\/product_tag?post=29006"}],"curies":[{"name":"wp","href":"https:\/\/api.w.org\/{rel}","templated":true}]}}