{"id":28940,"date":"2025-10-12T10:09:31","date_gmt":"2023-06-10T21:29:15","guid":{"rendered":"https:\/\/factory.sale\/?post_type=product&#038;p=28940"},"modified":"2026-03-23T23:56:08","modified_gmt":"2026-03-23T20:56:08","slug":"pyorea-kylpytynnyri-integroidulla-puulammitteisella-kiukaan-5-hengelle","status":"publish","type":"product","link":"https:\/\/factory.sale\/fi\/tuote\/pyorea-kylpytynnyri-integroidulla-puulammitteisella-kiukaan-5-hengelle\/","title":{"rendered":"2m py\u00f6re\u00e4 kylpytynnyri integroidulla kamiinalla 5 hengelle"},"content":{"rendered":"<p><strong>Tuotekoodi: TP2V<\/strong><\/p>\n<p>Koe mukavuus py\u00f6re\u00e4ll\u00e4 lasikuitukylpytynnyrill\u00e4mme, joka on p\u00e4\u00e4llystetty 18 mm l\u00e4mp\u00f6puulla ja jossa on integroitu puul\u00e4mmitteinen kiuas. T\u00e4m\u00e4ntyyppinen kiuas on suunniteltu asennettavaksi kylpytynnyriin, mik\u00e4 luo saumattoman ja tehokkaan l\u00e4mmitysj\u00e4rjestelm\u00e4n.<br \/>\nT\u00e4m\u00e4 kylpytynnyri sopii t\u00e4ydellisesti 4-6 hengen ryhm\u00e4lle, ja siin\u00e4 on sile\u00e4 ja liukas lasikuitupinta, joka on suojattu naarmuilta, halkeamilta ja vuodoilta nykyaikaisella tekniikalla. Pienen 1100 litran vedenkulutuksen ja integroidun puul\u00e4mmitteisen kiukaan ansiosta voit nauttia nopeasta vedenl\u00e4mmityksest\u00e4 ja pitk\u00e4kestoisesta rentoutumisesta.<\/p>\n<p>Kokoa se kokonaan ja k\u00e4ytt\u00f6valmis &#8211; t\u00e4yt\u00e4 se vedell\u00e4, sytyt\u00e4 liesi ja nauti kylpemisest\u00e4.<\/p>\n<p>&nbsp;<\/p>\n<p>&nbsp;<\/p>\n<p><strong>Perussetti sis\u00e4lt\u00e4\u00e4:<\/strong><\/p>\n<ul>\n<li>18 mm l\u00e4mp\u00f6puun verhouksella lasikuitutynnyri<\/li>\n<li>3okW integroitu (AISI304 ter\u00e4s) kamiina piipulla<\/li>\n<li>Piipun kuumasuoja<\/li>\n<li>Puurunko<\/li>\n<li>4 pehme\u00e4\u00e4 integroitua p\u00e4\u00e4ntukea<\/li>\n<li>Vedenpoisto hanalla<\/li>\n<\/ul>\n<p>&nbsp;<\/p>\n<p>AISI316 ter\u00e4s kamiina (suolavett\u00e4 varten) + 300 EUR<\/p>\n<p>&nbsp;<\/p>\n<p><strong>Tekniset tiedot:<\/strong><\/p>\n<ul>\n<li>Halkaisija \u2013 1990 mm<\/li>\n<li>Tilavuus \u2013 1100 l<\/li>\n<li>Kamiinan vesitilavuus &#8211; 0.045 m\u00b3, or 45 L<\/li>\n<li>Paino (kg) \u2013 275<\/li>\n<li>Kamiinan kokonaispaino mukaan lukien piiput \u2013 43kg, pelkk\u00e4 rungon paino \u2013 35kg<\/li>\n<li>Tilavuus (henkil\u00f6\u00e4) \u2013 4-6<\/li>\n<li>Tynnyrin korkeus \u2013 1080 mm<\/li>\n<li>Tynnyrin syvyys \u2013 0.83 m<\/li>\n<li>Istuinpenkkien korkeus \u2013 200\/245 mm<\/li>\n<li>Istuinpenkkien leveys \u2013 350 mm<\/li>\n<li>L\u00e4mp\u00f6puu verhoilu (pysty laudoitus, paksuus 18mm)<\/li>\n<\/ul>\n<p>&nbsp;<\/p>\n<table id=\"tablepress-65\" class=\"tablepress tablepress-id-65\" style=\"height: 191px;\" width=\"815\">\n<thead>\n<tr class=\"row-1 odd\">\n<th class=\"column-1\">S\u00e4hk\u00f6l\u00e4mmitin<\/th>\n<th class=\"column-2\">2 kW<\/th>\n<th class=\"column-3\">9 kW<\/th>\n<\/tr>\n<\/thead>\n<tbody class=\"row-hover\">\n<tr class=\"row-2 even\">\n<td class=\"column-1\">Tarvittava energia veden l\u00e4mmitt\u00e4miseen 7-37\u00b0C<\/td>\n<td class=\"column-2\">&#8211;<\/td>\n<td class=\"column-3\">47 kWh<\/td>\n<\/tr>\n<tr class=\"row-3 odd\">\n<td class=\"column-1\">Tarvittava aika veden l\u00e4mmitt\u00e4miseen 7-37\u00b0C<\/td>\n<td class=\"column-2\">&#8211;<\/td>\n<td class=\"column-3\">6.4 tuntia<\/td>\n<\/tr>\n<tr class=\"row-4 even\">\n<td class=\"column-1\">Veden l\u00e4mmitysnopeus<\/td>\n<td class=\"column-2\">1 \u00b0C \/ per tunti<\/td>\n<td class=\"column-3\">4.7 \u00b0C \/ per tunti<\/td>\n<\/tr>\n<tr class=\"row-5 odd\">\n<td class=\"column-1\">L\u00e4mp\u00f6tilan pit\u00e4minen 24h ajalla<\/td>\n<td class=\"column-2\">4-5kWh<\/td>\n<td class=\"column-3\">7-8kWh<\/td>\n<\/tr>\n<\/tbody>\n<\/table>\n<p>&nbsp;<\/p>\n<p>&nbsp;<\/p>\n<p><strong>Saatavilla olevat v\u00e4rit:<\/strong><\/p>\n<p><img loading=\"lazy\" decoding=\"async\" class=\"alignnone wp-image-28936\" src=\"https:\/\/factory.sale\/wp-content\/uploads\/2023\/06\/colours-1-300x67.png\" alt=\"\" width=\"949\" height=\"212\" srcset=\"https:\/\/factory.sale\/wp-content\/uploads\/2023\/06\/colours-1-300x67.png 300w, https:\/\/factory.sale\/wp-content\/uploads\/2023\/06\/colours-1-1024x228.png 1024w, https:\/\/factory.sale\/wp-content\/uploads\/2023\/06\/colours-1-150x33.png 150w, https:\/\/factory.sale\/wp-content\/uploads\/2023\/06\/colours-1-1536x342.png 1536w, https:\/\/factory.sale\/wp-content\/uploads\/2023\/06\/colours-1-600x134.png 600w, https:\/\/factory.sale\/wp-content\/uploads\/2023\/06\/colours-1.png 1950w\" sizes=\"auto, (max-width: 949px) 100vw, 949px\" \/><\/p>\n<p>&nbsp;<\/p>\n<p>&nbsp;<\/p>\n<p><b>Transpordi informatsioon:<\/b><\/p>\n<p>Kohaletoimetamine t\u00f5stukiga veoautoga.<\/p>\n","protected":false},"excerpt":{"rendered":"<p>Koe mukavuus py\u00f6re\u00e4ll\u00e4 lasikuitukylpytynnyrill\u00e4mme, joka on p\u00e4\u00e4llystetty 18 mm l\u00e4mp\u00f6puulla ja jossa on integroitu puul\u00e4mmitteinen kiuas. T\u00e4m\u00e4ntyyppinen kiuas on suunniteltu asennettavaksi kylpytynnyriin, mik\u00e4 luo saumattoman ja tehokkaan l\u00e4mmitysj\u00e4rjestelm\u00e4n.\u00a0T\u00e4m\u00e4 kylpytynnyri sopii t\u00e4ydellisesti 4-6 hengen ryhm\u00e4lle, ja siin\u00e4 on sile\u00e4 ja liukas lasikuitupinta, joka on suojattu naarmuilta, halkeamilta ja vuodoilta nykyaikaisella tekniikalla. Pienen 1100 litran vedenkulutuksen ja integroidun puul\u00e4mmitteisen kiukaan ansiosta voit<\/p>\n<p><strong>Hinta sis\u00e4lt\u00e4\u00e4 integroidun kamiinan piipulla!<\/strong><\/p>\n","protected":false},"featured_media":89462,"comment_status":"open","ping_status":"closed","template":"","meta":{"_acf_changed":false},"factory":[],"free-shipment":[],"product_brand":[],"product_cat":[2210,2588],"product_tag":[1488,2846,4436],"class_list":{"0":"post-28940","1":"product","2":"type-product","3":"status-publish","4":"has-post-thumbnail","6":"product_cat-kylpytynnyrit","7":"product_cat-lasikuituiset-kylpytynnyrit","8":"product_tag-garden-fi","9":"product_tag-hot-tub-fi","10":"product_tag-hot-tub-with-stove-fi","12":"first","13":"instock","14":"sale","15":"taxable","16":"shipping-taxable","17":"purchasable","18":"product-type-simple"},"acf":[],"_links":{"self":[{"href":"https:\/\/factory.sale\/fi\/wp-json\/wp\/v2\/product\/28940","targetHints":{"allow":["GET"]}}],"collection":[{"href":"https:\/\/factory.sale\/fi\/wp-json\/wp\/v2\/product"}],"about":[{"href":"https:\/\/factory.sale\/fi\/wp-json\/wp\/v2\/types\/product"}],"replies":[{"embeddable":true,"href":"https:\/\/factory.sale\/fi\/wp-json\/wp\/v2\/comments?post=28940"}],"wp:featuredmedia":[{"embeddable":true,"href":"https:\/\/factory.sale\/fi\/wp-json\/wp\/v2\/media\/89462"}],"wp:attachment":[{"href":"https:\/\/factory.sale\/fi\/wp-json\/wp\/v2\/media?parent=28940"}],"wp:term":[{"taxonomy":"factory","embeddable":true,"href":"https:\/\/factory.sale\/fi\/wp-json\/wp\/v2\/factory?post=28940"},{"taxonomy":"free-shipment","embeddable":true,"href":"https:\/\/factory.sale\/fi\/wp-json\/wp\/v2\/free-shipment?post=28940"},{"taxonomy":"product_brand","embeddable":true,"href":"https:\/\/factory.sale\/fi\/wp-json\/wp\/v2\/product_brand?post=28940"},{"taxonomy":"product_cat","embeddable":true,"href":"https:\/\/factory.sale\/fi\/wp-json\/wp\/v2\/product_cat?post=28940"},{"taxonomy":"product_tag","embeddable":true,"href":"https:\/\/factory.sale\/fi\/wp-json\/wp\/v2\/product_tag?post=28940"}],"curies":[{"name":"wp","href":"https:\/\/api.w.org\/{rel}","templated":true}]}}