{"id":28911,"date":"2023-06-10T17:47:35","date_gmt":"2023-06-10T19:50:51","guid":{"rendered":"https:\/\/factory.sale\/?post_type=product&#038;p=28911"},"modified":"2025-03-23T01:35:13","modified_gmt":"2025-03-22T22:35:13","slug":"gpad-e-skootterit-storm-ultra-awd-60v-22-4ah-lg-hydraulic","status":"publish","type":"product","link":"https:\/\/factory.sale\/fi\/tuote\/gpad-e-skootterit-storm-ultra-awd-60v-22-4ah-lg-hydraulic\/","title":{"rendered":"GPad e-skootterit Storm Ultra AWD 60V 22.4Ah LG hydraulic"},"content":{"rendered":"<p><strong>SKU: KSJY502<\/strong><\/p>\n<p>&nbsp;<\/p>\n<p>GPad Storm on seikkailunhakija, joka on kotonaan sek\u00e4 kaupungissa ett\u00e4 syrj\u00e4ss\u00e4. K\u00e4\u00e4nt\u00f6haarukka t\u00e4ysjousituksella, kaksoislevyjarrut ja moderni ohjaamo tarttuvalla mustalla ja oranssilla muotoilulla tekev\u00e4t t\u00e4st\u00e4 skootterista erottuvan ilman vertailua.<\/p>\n<p>Myrsky on ehdoton v\u00e4ltt\u00e4m\u00e4tt\u00f6myys, jos haluat, ett\u00e4 kaupunkimatkasi ovat mahdollisimman mukavia etk\u00e4 pelk\u00e4\u00e4 jyrkki\u00e4 m\u00e4ki\u00e4, kuoppaisia teit\u00e4 tai pitki\u00e4 matkoja. Skootteri tuntuu vakaalta ja hyvin hallinnassasi. Vakaus tulee rungon rakenteesta, jousituksesta ja painosta. Se saattaa tuntua hieman raskaalta, mutta se on k\u00e4tev\u00e4 taitettava ja helppo tarttua auton tavaratilaan tai pari askelmaa yl\u00e4kertaan. Myrsky\u00e4 suositellaan my\u00f6s raskaammille ratsastajille. Kevyemmille ajajille GPad Svan tai Joyride voi olla hyv\u00e4 vaihtoehto.<\/p>\n<p>Stormissa on moderni LCD-n\u00e4ytt\u00f6 ja erillinen peukalolla toimiva kaasuvipu. LCD n\u00e4ytt\u00e4\u00e4 kaikki t\u00e4rke\u00e4t tilastot, mukaan lukien nopeus, matkamittari, tila ja akkumittari. S\u00e4\u00e4timet voidaan asettaa vasemmalla puolella virtakytkimen vieress\u00e4 olevalla \u201cM\u201d-painikkeella.<\/p>\n<p>18 Ah:n akulla varustetun Stormin huippumatka on jopa 55 kilometri\u00e4. Se riippuu paljon siit\u00e4, kuinka ajetaan. 60 kg painavalle ajajalle, joka pysyy enimm\u00e4kseen alhaisilla nopeuksilla, kantama voi olla enemm\u00e4n. Raskaammalla ajajalla ja aggressiivisella ajotyylill\u00e4 kantama voi laskea. Matala rengaspaine ja alhainen l\u00e4mp\u00f6tila voivat my\u00f6s osaltaan lyhent\u00e4\u00e4 kantamaa. Ne, jotka haluavat enemm\u00e4n kantamaa, voivat valita GPad Storm Maxin (26 Ah). Latausaika alkuper\u00e4isell\u00e4 laturilla on 9 tuntia, jota voidaan nopeuttaa valinnaisella pikalaturilla..<\/p>\n<p>Jarrutus tuntuu mahtavalta. Etu- ja takalevyjarrut yhdistettyn\u00e4 regeneratiiviseen moottorijarrutukseen toimivat samanaikaisesti. N\u00e4m\u00e4 jarrut pys\u00e4ytt\u00e4v\u00e4t skootterin alle 5 metriss\u00e4 25 km\/h nopeudesta. Raskaammille ajajille ja alam\u00e4keen ajettaessa jarrutusmatka voi olla pidempi. Joten parempi olla varovainen kuin katua \u2013 pid\u00e4 silm\u00e4si auki mahdollisten vaarojen varalta.<\/p>\n<p>Alkuper\u00e4iset 10\u00d72,5 tuuman ilmarenkaat sopivat erinomaisesti kaupunkiajoon. Soraa varten kannattaa harkita valinnaisia 10 \u00d7 3,0 tuuman hybridirenkaita tai t\u00e4ydent\u00e4vien off-road-renkaiden k\u00e4ytt\u00f6\u00e4. Stormin etu- ja takajousitus toimivat hyvin ja tuntuvat pilviss\u00e4 ajamiselta. R\u00e4\u00e4t\u00e4l\u00f6imisest\u00e4 kiinnostuneille jousituksen vaimentimet voidaan vaihtaa. Stormilla on riitt\u00e4v\u00e4n pitk\u00e4 akseliv\u00e4li, mik\u00e4 parantaa sen vakautta ylitett\u00e4ess\u00e4 esteit\u00e4 (kuten reunakiveyksi\u00e4 ja kuoppia) tai ajettaessa maastoa.<\/p>\n<p>Kuten kaikki muutkin ajoneuvot, GPad Storm tarvitsee s\u00e4\u00e4nn\u00f6llist\u00e4 tarkastusta ja huoltoa. On suositeltavaa suorittaa nopea turvatarkastus rengaspaineille (3 baaria), jarruille, valoille ja mahdollisesti irtotavaralle ennen jokaista ajoa. Jos tarvitset apua, ota yhteytt\u00e4 j\u00e4lleenmyyj\u00e4si suosittelemaan huoltopalveluun. On suositeltavaa huoltaa skootteri ensimm\u00e4isten 200-300 km:n j\u00e4lkeen ja sen j\u00e4lkeen 1000 km:n v\u00e4lein. Vaikka mit\u00e4\u00e4n ei tarvitsisi korjata, saat silti hy\u00f6dyllisi\u00e4 vinkkej\u00e4 skootterin parempaan huoltamiseen.<\/p>\n<p>Storm on IPX5-kest\u00e4v\u00e4. K\u00e4yt\u00e4nn\u00f6ss\u00e4 skootterilla ei ole suositeltavaa ajaa m\u00e4riss\u00e4 olosuhteissa, sateessa, vedess\u00e4 tai lumessa, pese skootteria vesisuihkulla tai muilla nesteill\u00e4.<\/p>\n<p>Stormilla on 2 vuoden takuu rungolle ja 6 kuukauden takuu akulle valmistus- tai kokoonpanovirheiden varalta. Takuu ei kata kuluvia esineit\u00e4 (kuten renkaat, jarrut, kahvat jne.) eik\u00e4 vikoja, jotka aiheutuvat k\u00e4ytt\u00e4j\u00e4st\u00e4 tai k\u00e4ytt\u00f6ohjeen ohjeiden noudattamatta j\u00e4tt\u00e4misest\u00e4. Yksityiskohtaiset takuuehdot ja k\u00e4ytt\u00f6ohjeet l\u00f6ytyv\u00e4t GPad Urban Mobility -sivustolta.<\/p>\n<p>Stormin lis\u00e4varuste- ja lis\u00e4varustelista sis\u00e4lt\u00e4\u00e4 kaikki perustarpeet: puhelinteline, lis\u00e4ajovalo, ohjaustankolaukku, turvalukko, kyp\u00e4r\u00e4, maantierenkaat, off-road-renkaat, hybridirenkaat, talvirenkaat..<\/p>\n<p>&nbsp;<\/p>\n<p><strong>GPad Stormilla ajettaessa on suositeltavaa k\u00e4ytt\u00e4\u00e4 kyp\u00e4r\u00e4\u00e4!<\/strong><\/p>\n<p>&nbsp;<\/p>\n<p>&nbsp;<\/p>\n<p><strong>Tuote tiedot:<\/strong><\/p>\n<p>&nbsp;<\/p>\n<table class=\"woocommerce-product-attributes shop_attributes\" width=\"900\">\n<tbody>\n<tr class=\"woocommerce-product-attributes-item woocommerce-product-attributes-item--attribute_pa_varv\">\n<th class=\"woocommerce-product-attributes-item__label\">Malli<\/th>\n<td class=\"woocommerce-product-attributes-item__value\">GPad\u00ae Storm ULTRA<\/td>\n<\/tr>\n<tr class=\"woocommerce-product-attributes-item woocommerce-product-attributes-item--attribute_pa_top-speed\">\n<th class=\"woocommerce-product-attributes-item__label\">Suurin nopeus<\/th>\n<td class=\"woocommerce-product-attributes-item__value\">25 km\/h<\/td>\n<\/tr>\n<tr class=\"woocommerce-product-attributes-item woocommerce-product-attributes-item--attribute_pa_top-speed-limited\">\n<th class=\"woocommerce-product-attributes-item__label\">Ajomatka<\/th>\n<td class=\"woocommerce-product-attributes-item__value\">100 km<\/td>\n<\/tr>\n<tr class=\"woocommerce-product-attributes-item woocommerce-product-attributes-item--attribute_pa_max-load-cap\">\n<th class=\"woocommerce-product-attributes-item__label\">Kiipeilykyky<\/th>\n<td class=\"woocommerce-product-attributes-item__value\">\u00a025\u00b0*<\/td>\n<\/tr>\n<tr class=\"woocommerce-product-attributes-item woocommerce-product-attributes-item--attribute_pa_tyre-size-inch\">\n<th class=\"woocommerce-product-attributes-item__label\">Kantavuus<\/th>\n<td class=\"woocommerce-product-attributes-item__value\">120 kg<\/td>\n<\/tr>\n<tr class=\"woocommerce-product-attributes-item woocommerce-product-attributes-item--attribute_pa_tyre-size-cm\">\n<th class=\"woocommerce-product-attributes-item__label\">Rungon materiaali<\/th>\n<td class=\"woocommerce-product-attributes-item__value\">\u00a0Alumiini<\/td>\n<\/tr>\n<tr class=\"woocommerce-product-attributes-item woocommerce-product-attributes-item--attribute_pa_tyre-type\">\n<th class=\"woocommerce-product-attributes-item__label\">Jarrut<\/th>\n<td class=\"woocommerce-product-attributes-item__value\">Hydraulic Disc<\/td>\n<\/tr>\n<tr class=\"woocommerce-product-attributes-item woocommerce-product-attributes-item--attribute_pa_driving-wheel\">\n<th class=\"woocommerce-product-attributes-item__label\">Iskunvaimentimet<\/th>\n<td class=\"woocommerce-product-attributes-item__value\">edess\u00e4 ja takana<\/td>\n<\/tr>\n<tr class=\"woocommerce-product-attributes-item woocommerce-product-attributes-item--attribute_pa_motor-power\">\n<th class=\"woocommerce-product-attributes-item__label\">Nimellisteho<\/th>\n<td class=\"woocommerce-product-attributes-item__value\">2*800 W<\/td>\n<\/tr>\n<tr class=\"woocommerce-product-attributes-item woocommerce-product-attributes-item--attribute_pa_battery-volt\">\n<th class=\"woocommerce-product-attributes-item__label\">EU rajoitettu teho<\/th>\n<td class=\"woocommerce-product-attributes-item__value\">2*500 W<\/td>\n<\/tr>\n<tr class=\"woocommerce-product-attributes-item woocommerce-product-attributes-item--attribute_pa_battery-amps\">\n<th class=\"woocommerce-product-attributes-item__label\">V\u00e4\u00e4nt\u00f6<\/th>\n<td class=\"woocommerce-product-attributes-item__value\">42Nm<\/td>\n<\/tr>\n<tr class=\"woocommerce-product-attributes-item woocommerce-product-attributes-item--attribute_pa_battery-cap\">\n<th class=\"woocommerce-product-attributes-item__label\">Renkaat<\/th>\n<td class=\"woocommerce-product-attributes-item__value\">Pneumaattiset 10\u00d73.0<\/td>\n<\/tr>\n<tr class=\"woocommerce-product-attributes-item woocommerce-product-attributes-item--attribute_pa_battery-type\">\n<th class=\"woocommerce-product-attributes-item__label\">K\u00e4ytt\u00e4j\u00e4n pituus<\/th>\n<td class=\"woocommerce-product-attributes-item__value\">\u00a0120 \u2013 200 cm<\/td>\n<\/tr>\n<tr class=\"woocommerce-product-attributes-item woocommerce-product-attributes-item--attribute_pa_charger-volt\">\n<th class=\"woocommerce-product-attributes-item__label\">Ik\u00e4suositus<\/th>\n<td class=\"woocommerce-product-attributes-item__value\">14+<\/td>\n<\/tr>\n<tr class=\"woocommerce-product-attributes-item woocommerce-product-attributes-item--attribute_pa_charger-amp\">\n<th class=\"woocommerce-product-attributes-item__label\">Akun nimellisj\u00e4nnite<\/th>\n<td class=\"woocommerce-product-attributes-item__value\">60 VDC<\/td>\n<\/tr>\n<tr class=\"woocommerce-product-attributes-item woocommerce-product-attributes-item--attribute_pa_charge-time\">\n<th class=\"woocommerce-product-attributes-item__label\">Akun nimelliskapasiteetti<\/th>\n<td class=\"woocommerce-product-attributes-item__value\">1344 Wh (18.0Ah)<\/td>\n<\/tr>\n<tr class=\"woocommerce-product-attributes-item woocommerce-product-attributes-item--attribute_pa_front-brake\">\n<th class=\"woocommerce-product-attributes-item__label\">Latausj\u00e4nnite<\/th>\n<td class=\"woocommerce-product-attributes-item__value\">67.2 VDC<\/td>\n<\/tr>\n<tr class=\"woocommerce-product-attributes-item woocommerce-product-attributes-item--attribute_pa_rear-brake\">\n<th class=\"woocommerce-product-attributes-item__label\">Latausvirta<\/th>\n<td class=\"woocommerce-product-attributes-item__value\">2 A<\/td>\n<\/tr>\n<tr class=\"woocommerce-product-attributes-item woocommerce-product-attributes-item--attribute_pa_folding-handle\">\n<th class=\"woocommerce-product-attributes-item__label\">Latausaika<\/th>\n<td class=\"woocommerce-product-attributes-item__value\">\u00a012 h<\/td>\n<\/tr>\n<tr class=\"woocommerce-product-attributes-item woocommerce-product-attributes-item--attribute_pa_handle-height\">\n<th class=\"woocommerce-product-attributes-item__label\">Ty\u00f6l\u00e4mp\u00f6tila<\/th>\n<td class=\"woocommerce-product-attributes-item__value\">-1 \u2013 +40 \u00b0C<\/td>\n<\/tr>\n<tr class=\"woocommerce-product-attributes-item woocommerce-product-attributes-item--attribute_pa_handle-max-height\">\n<th class=\"woocommerce-product-attributes-item__label\">Netopaino<\/th>\n<td class=\"woocommerce-product-attributes-item__value\">28.7kg<\/td>\n<\/tr>\n<\/tbody>\n<\/table>\n<p>&nbsp;<\/p>\n<p><a href=\"https:\/\/factory.sale\/wp-content\/uploads\/2023\/06\/Storm-V1.1-ENG-EST-SWE-FIN.pdf\" target=\"_blank\" rel=\"noopener\">MANUAALINEN<\/a><\/p>\n","protected":false},"excerpt":{"rendered":"<p>GPad Storm on seikkailunhakija, joka on kotonaan sek\u00e4 kaupungissa ett\u00e4 syrj\u00e4ss\u00e4. K\u00e4\u00e4nt\u00f6haarukka t\u00e4ysjousituksella, kaksoislevyjarrut ja moderni ohjaamo tarttuvalla mustalla ja oranssilla muotoilulla tekev\u00e4t t\u00e4st\u00e4 skootterista erottuvan ilman vertailua.<\/p>\n<p>Myrsky on ehdoton v\u00e4ltt\u00e4m\u00e4tt\u00f6myys, jos haluat, ett\u00e4 kaupunkimatkasi ovat mahdollisimman mukavia etk\u00e4 pelk\u00e4\u00e4 jyrkki\u00e4 m\u00e4ki\u00e4, kuoppaisia teit\u00e4 tai pitki\u00e4 matkoja.<\/p>\n","protected":false},"featured_media":28878,"comment_status":"open","ping_status":"closed","template":"","meta":{"_acf_changed":false},"factory":[],"free-shipment":[],"product_brand":[],"product_cat":[837,734],"product_tag":[],"class_list":{"0":"post-28911","1":"product","2":"type-product","3":"status-publish","4":"has-post-thumbnail","6":"product_cat-e-scooters-2","7":"product_cat-consumer-electronics","9":"first","10":"instock","11":"sale","12":"taxable","13":"shipping-taxable","14":"purchasable","15":"product-type-simple"},"acf":[],"_links":{"self":[{"href":"https:\/\/factory.sale\/fi\/wp-json\/wp\/v2\/product\/28911","targetHints":{"allow":["GET"]}}],"collection":[{"href":"https:\/\/factory.sale\/fi\/wp-json\/wp\/v2\/product"}],"about":[{"href":"https:\/\/factory.sale\/fi\/wp-json\/wp\/v2\/types\/product"}],"replies":[{"embeddable":true,"href":"https:\/\/factory.sale\/fi\/wp-json\/wp\/v2\/comments?post=28911"}],"wp:featuredmedia":[{"embeddable":true,"href":"https:\/\/factory.sale\/fi\/wp-json\/wp\/v2\/media\/28878"}],"wp:attachment":[{"href":"https:\/\/factory.sale\/fi\/wp-json\/wp\/v2\/media?parent=28911"}],"wp:term":[{"taxonomy":"factory","embeddable":true,"href":"https:\/\/factory.sale\/fi\/wp-json\/wp\/v2\/factory?post=28911"},{"taxonomy":"free-shipment","embeddable":true,"href":"https:\/\/factory.sale\/fi\/wp-json\/wp\/v2\/free-shipment?post=28911"},{"taxonomy":"product_brand","embeddable":true,"href":"https:\/\/factory.sale\/fi\/wp-json\/wp\/v2\/product_brand?post=28911"},{"taxonomy":"product_cat","embeddable":true,"href":"https:\/\/factory.sale\/fi\/wp-json\/wp\/v2\/product_cat?post=28911"},{"taxonomy":"product_tag","embeddable":true,"href":"https:\/\/factory.sale\/fi\/wp-json\/wp\/v2\/product_tag?post=28911"}],"curies":[{"name":"wp","href":"https:\/\/api.w.org\/{rel}","templated":true}]}}