{"id":28868,"date":"2023-06-08T11:40:20","date_gmt":"2023-06-09T16:06:30","guid":{"rendered":"https:\/\/factory.sale\/?post_type=product&#038;p=28868"},"modified":"2024-06-26T10:28:21","modified_gmt":"2024-06-26T10:28:21","slug":"gpad-e-skootterit-joyride-eco-11ah","status":"publish","type":"product","link":"https:\/\/factory.sale\/fi\/tuote\/gpad-e-skootterit-joyride-eco-11ah\/","title":{"rendered":"GPad e-skootterit Joyride Eco 11Ah"},"content":{"rendered":"<p><strong>SKU: KSJY320<\/strong><\/p>\n<p>&nbsp;<\/p>\n<p>Joyriden luonne on upotettu sen nimeen &#8211; ilo ajaa. \u00c4l\u00e4 anna sen yksinkertaisen muotoilun h\u00e4m\u00e4t\u00e4, se on t\u00e4ynn\u00e4 ominaisuuksia, jotka ovat yleens\u00e4 saatavilla paljon kalliimmista potkulaudoista.<\/p>\n<p>Joyride tasapainottuu helposti ja saa sinut tuntemaan olosi turvalliseksi sek\u00e4 suurilla nopeuksilla ett\u00e4 kilpikonnan vauhdilla. Jalkalauta on tarpeeksi leve\u00e4 tukemaan jalkoja vierekk\u00e4in.<\/p>\n<p>10 tuuman huippuluokan CST-renkaat ja takajarru takaavat hyv\u00e4n pidon. Etujousitus ja ilmat\u00e4ytteiset renkaat neutraloivat t\u00f6yssyt ja v\u00e4rin\u00e4n. Olet n\u00e4kyviss\u00e4 muille matkustajille kiitos etu- ja takavalojen, jarruvalon ja sivuheijastimien.<\/p>\n<p>Joyride on taitettava potkulauta &#8211; se voidaan nopeasti taittaa s\u00e4ilytystilaa, joukkoliikennett\u00e4 tai auton takakonttia s\u00e4\u00e4st\u00e4\u00e4kseen. Molemmat kahvat voidaan my\u00f6s taittaa, mik\u00e4 tekee siit\u00e4 eritt\u00e4in ohuen. Saatavilla on my\u00f6s kiinte\u00e4 T-tanko. Kahvan korkeutta voidaan s\u00e4\u00e4t\u00e4\u00e4 pikalukituksella.<\/p>\n<p>Joyriden suorituskyky on optimoitu pitkille kaupunkimatkoille, tarjoten jopa 50 km (mallista riippuen) matkaa yhdell\u00e4 latauksella. 36V\/350W (Joyride Eco) ja 48V\/500W (Joyride ja Joyride Max) moottori yhdistettyn\u00e4 10Ah (Joyride Eco), 13Ah (Joyride) tai 17,5Ah (Joyride Max) akkuihin tarjoavat runsaasti tehoa kiihdytykseen ja yl\u00e4m\u00e4keen. Huippunopeus 35 km\/h on huomattavasti enemm\u00e4n kuin tehtaan rajoittama 25 km\/h, joka on EU-s\u00e4\u00e4d\u00f6sten mukainen. N\u00e4yt\u00f6ss\u00e4 voidaan asettaa 3 nopeutta, k\u00e4velynopeudesta huippupendel\u00f6intinopeuteen. Potkulautaan voidaan asettaa tukemaan nollasta k\u00e4ynnistymist\u00e4 ja vakionopeudens\u00e4\u00e4dint\u00e4.<\/p>\n<p>Potkulaudan k\u00e4ytt\u00f6 on intuitiivista: virta p\u00e4\u00e4lle, ty\u00f6nn\u00e4 se liikkeelle ja ved\u00e4 kaasua oikealla indeksisormellasi. Jarruvipu on vasemmalla, samoin kuin valojen ja sarven painikkeet.<\/p>\n<p>Potkulaudan lataaminen kest\u00e4\u00e4 noin 7 tuntia 0-100% tavallisella laturilla. Latausportti on jalkalaudan etuvasemmassa kulmassa. Portti on suojattu korkilla ja on t\u00e4rke\u00e4\u00e4 pit\u00e4\u00e4 se aina tiukasti kiinni.<\/p>\n<div class=\"QcsUad BDJ8fb BLojaf sMVRZe wneUed\">\n<div class=\"XL3Kf\">\n<div class=\"a8FIud\">\n<div class=\"usGWQd\" aria-live=\"polite\">\n<div class=\"KkbLmb\">\n<div><\/div>\n<div><\/div>\n<div class=\"lRu31\"><strong><span class=\"HwtZe\" lang=\"fi\"><span class=\"jCAhz ChMk0b\"><span class=\"ryNqvb\">Spesifikaatiot:<\/span><\/span><\/span><\/strong><\/div>\n<div><\/div>\n<\/div>\n<\/div>\n<\/div>\n<\/div>\n<\/div>\n<div id=\"content_tab_additional_information\" class=\"tab-content tab-additional_information\">\n<div class=\"tab-content-inner\">\n<div class=\"tab-content-scroll\">\n<table class=\"woocommerce-product-attributes shop_attributes\" width=\"900\">\n<tbody>\n<tr class=\"woocommerce-product-attributes-item woocommerce-product-attributes-item--attribute_pa_varv\">\n<th class=\"woocommerce-product-attributes-item__label\">V\u00c4RI<\/th>\n<td class=\"woocommerce-product-attributes-item__value\">\u00a0musta, valkoinen<\/td>\n<\/tr>\n<tr class=\"woocommerce-product-attributes-item woocommerce-product-attributes-item--attribute_pa_top-speed\">\n<th class=\"woocommerce-product-attributes-item__label\">HUIPPUNOPEUSRAJOITETTU<\/th>\n<td class=\"woocommerce-product-attributes-item__value\">35<\/td>\n<\/tr>\n<tr class=\"woocommerce-product-attributes-item woocommerce-product-attributes-item--attribute_pa_top-speed-limited\">\n<th class=\"woocommerce-product-attributes-item__label\">HUIPPUNOPEUSRAJOITETTU<\/th>\n<td class=\"woocommerce-product-attributes-item__value\">25<\/td>\n<\/tr>\n<tr class=\"woocommerce-product-attributes-item woocommerce-product-attributes-item--attribute_pa_max-load-cap\">\n<th class=\"woocommerce-product-attributes-item__label\">MAX KUORMITUS<\/th>\n<td class=\"woocommerce-product-attributes-item__value\">120<\/td>\n<\/tr>\n<tr class=\"woocommerce-product-attributes-item woocommerce-product-attributes-item--attribute_pa_tyre-size-inch\">\n<th class=\"woocommerce-product-attributes-item__label\">RENKAAN KOKO-TUUMA<\/th>\n<td class=\"woocommerce-product-attributes-item__value\">10<\/td>\n<\/tr>\n<tr class=\"woocommerce-product-attributes-item woocommerce-product-attributes-item--attribute_pa_tyre-size-cm\">\n<th class=\"woocommerce-product-attributes-item__label\">RENKAAN KOKO-CM<\/th>\n<td class=\"woocommerce-product-attributes-item__value\">25<\/td>\n<\/tr>\n<tr class=\"woocommerce-product-attributes-item woocommerce-product-attributes-item--attribute_pa_tyre-type\">\n<th class=\"woocommerce-product-attributes-item__label\">RENKAA-TYYPPI<\/th>\n<td class=\"woocommerce-product-attributes-item__value\">Airtube<\/td>\n<\/tr>\n<tr class=\"woocommerce-product-attributes-item woocommerce-product-attributes-item--attribute_pa_driving-wheel\">\n<th class=\"woocommerce-product-attributes-item__label\">AJOPY\u00d6R\u00c4<\/th>\n<td class=\"woocommerce-product-attributes-item__value\">Yksinkertainen<\/td>\n<\/tr>\n<tr class=\"woocommerce-product-attributes-item woocommerce-product-attributes-item--attribute_pa_motor-power\">\n<th class=\"woocommerce-product-attributes-item__label\">MOOTTORIN TEHO<\/th>\n<td class=\"woocommerce-product-attributes-item__value\">500<\/td>\n<\/tr>\n<tr class=\"woocommerce-product-attributes-item woocommerce-product-attributes-item--attribute_pa_battery-volt\">\n<th class=\"woocommerce-product-attributes-item__label\">AKKUJ\u00c4NNITE<\/th>\n<td class=\"woocommerce-product-attributes-item__value\">36<\/td>\n<\/tr>\n<tr class=\"woocommerce-product-attributes-item woocommerce-product-attributes-item--attribute_pa_battery-amps\">\n<th class=\"woocommerce-product-attributes-item__label\">AKKUVAHVISTEET<\/th>\n<td class=\"woocommerce-product-attributes-item__value\">10<\/td>\n<\/tr>\n<tr class=\"woocommerce-product-attributes-item woocommerce-product-attributes-item--attribute_pa_battery-cap\">\n<th class=\"woocommerce-product-attributes-item__label\">AKKUKANSI<\/th>\n<td class=\"woocommerce-product-attributes-item__value\">360<\/td>\n<\/tr>\n<tr class=\"woocommerce-product-attributes-item woocommerce-product-attributes-item--attribute_pa_battery-type\">\n<th class=\"woocommerce-product-attributes-item__label\">AKKUTYYPPI<\/th>\n<td class=\"woocommerce-product-attributes-item__value\">Li-ion<\/td>\n<\/tr>\n<tr class=\"woocommerce-product-attributes-item woocommerce-product-attributes-item--attribute_pa_charger-volt\">\n<th class=\"woocommerce-product-attributes-item__label\">LATURI-J\u00c4NNITE<\/th>\n<td class=\"woocommerce-product-attributes-item__value\">42<\/td>\n<\/tr>\n<tr class=\"woocommerce-product-attributes-item woocommerce-product-attributes-item--attribute_pa_charger-amp\">\n<th class=\"woocommerce-product-attributes-item__label\">LATURI-AMP<\/th>\n<td class=\"woocommerce-product-attributes-item__value\">2<\/td>\n<\/tr>\n<tr class=\"woocommerce-product-attributes-item woocommerce-product-attributes-item--attribute_pa_charge-time\">\n<th class=\"woocommerce-product-attributes-item__label\">LATAUSAIKA<\/th>\n<td class=\"woocommerce-product-attributes-item__value\">5<\/td>\n<\/tr>\n<tr class=\"woocommerce-product-attributes-item woocommerce-product-attributes-item--attribute_pa_front-brake\">\n<th class=\"woocommerce-product-attributes-item__label\">ETUJARRU<\/th>\n<td class=\"woocommerce-product-attributes-item__value\">Kyll\u00e4<\/td>\n<\/tr>\n<tr class=\"woocommerce-product-attributes-item woocommerce-product-attributes-item--attribute_pa_rear-brake\">\n<th class=\"woocommerce-product-attributes-item__label\">TAKAJARRU<\/th>\n<td class=\"woocommerce-product-attributes-item__value\">Dis<\/td>\n<\/tr>\n<tr class=\"woocommerce-product-attributes-item woocommerce-product-attributes-item--attribute_pa_folding-handle\">\n<th class=\"woocommerce-product-attributes-item__label\">TAITTUVA kahva<\/th>\n<td class=\"woocommerce-product-attributes-item__value\">Ei<\/td>\n<\/tr>\n<tr class=\"woocommerce-product-attributes-item woocommerce-product-attributes-item--attribute_pa_handle-height\">\n<th class=\"woocommerce-product-attributes-item__label\">KAHVAN KORKEUS<\/th>\n<td class=\"woocommerce-product-attributes-item__value\">1185<\/td>\n<\/tr>\n<tr class=\"woocommerce-product-attributes-item woocommerce-product-attributes-item--attribute_pa_handle-max-height\">\n<th class=\"woocommerce-product-attributes-item__label\">KAHVA-MAX-KORKEUS<\/th>\n<td class=\"woocommerce-product-attributes-item__value\">1185<\/td>\n<\/tr>\n<tr class=\"woocommerce-product-attributes-item woocommerce-product-attributes-item--attribute_pa_lights-front\">\n<th class=\"woocommerce-product-attributes-item__label\">ETUVALOT<\/th>\n<td class=\"woocommerce-product-attributes-item__value\">2 LED-valoa<\/td>\n<\/tr>\n<tr class=\"woocommerce-product-attributes-item woocommerce-product-attributes-item--attribute_pa_lights-rear\">\n<th class=\"woocommerce-product-attributes-item__label\">VALOT-TAKA<\/th>\n<td class=\"woocommerce-product-attributes-item__value\">1 LED-valo<\/td>\n<\/tr>\n<tr class=\"woocommerce-product-attributes-item woocommerce-product-attributes-item--attribute_pa_speed-lvls\">\n<th class=\"woocommerce-product-attributes-item__label\">NOPEUSTASOT<\/th>\n<td class=\"woocommerce-product-attributes-item__value\">3<\/td>\n<\/tr>\n<tr class=\"woocommerce-product-attributes-item woocommerce-product-attributes-item--attribute_pa_cruise-ctrl\">\n<th class=\"woocommerce-product-attributes-item__label\">CRUISE-CTRL<\/th>\n<td class=\"woocommerce-product-attributes-item__value\">Kyll\u00e4<\/td>\n<\/tr>\n<tr class=\"woocommerce-product-attributes-item woocommerce-product-attributes-item--attribute_pa_zero-start\">\n<th class=\"woocommerce-product-attributes-item__label\">ZERO-START<\/th>\n<td class=\"woocommerce-product-attributes-item__value\">Kyll\u00e4<\/td>\n<\/tr>\n<tr class=\"woocommerce-product-attributes-item woocommerce-product-attributes-item--attribute_pa_dim-unfolded\">\n<th class=\"woocommerce-product-attributes-item__label\">TOIMENPITEET L\u00d6YN\u00c4T<\/th>\n<td class=\"woocommerce-product-attributes-item__value\">150 x 550 x 1260<\/td>\n<\/tr>\n<tr class=\"woocommerce-product-attributes-item woocommerce-product-attributes-item--attribute_pa_dim-folded\">\n<th class=\"woocommerce-product-attributes-item__label\">KOOTETTU MITAT<\/th>\n<td class=\"woocommerce-product-attributes-item__value\">1070 x 190 x 400<\/td>\n<\/tr>\n<tr class=\"woocommerce-product-attributes-item woocommerce-product-attributes-item--attribute_pa_net-weight\">\n<th class=\"woocommerce-product-attributes-item__label\">NETTOPAINO<\/th>\n<td class=\"woocommerce-product-attributes-item__value\">15<\/td>\n<\/tr>\n<tr class=\"woocommerce-product-attributes-item woocommerce-product-attributes-item--attribute_pa_remote-ctrl\">\n<th class=\"woocommerce-product-attributes-item__label\">KAUKOOHJAUS<\/th>\n<td class=\"woocommerce-product-attributes-item__value\">Ei<\/td>\n<\/tr>\n<tr class=\"woocommerce-product-attributes-item woocommerce-product-attributes-item--attribute_pa_bt-speakers\">\n<th class=\"woocommerce-product-attributes-item__label\">BT-KAIUTTIMET<\/th>\n<td class=\"woocommerce-product-attributes-item__value\">Ei<\/td>\n<\/tr>\n<tr class=\"woocommerce-product-attributes-item woocommerce-product-attributes-item--attribute_pa_display\">\n<th class=\"woocommerce-product-attributes-item__label\">N\u00c4YTT\u00d6<\/th>\n<td class=\"woocommerce-product-attributes-item__value\">Kyll\u00e4<\/td>\n<\/tr>\n<tr class=\"woocommerce-product-attributes-item woocommerce-product-attributes-item--attribute_pa_recommend-from-age\">\n<th class=\"woocommerce-product-attributes-item__label\">SUOSITTELEN<\/th>\n<td class=\"woocommerce-product-attributes-item__value\">14<\/td>\n<\/tr>\n<tr class=\"woocommerce-product-attributes-item woocommerce-product-attributes-item--attribute_pa_max-range-km\">\n<th class=\"woocommerce-product-attributes-item__label\">MAX-ALUE-KM<\/th>\n<td class=\"woocommerce-product-attributes-item__value\">30<\/td>\n<\/tr>\n<\/tbody>\n<\/table>\n<\/div>\n<\/div>\n<\/div>\n","protected":false},"excerpt":{"rendered":"<p>Joyriden luonne on upotettu sen nimeen &#8211; ilo ajaa. \u00c4l\u00e4 anna sen yksinkertaisen muotoilun h\u00e4m\u00e4t\u00e4, se on t\u00e4ynn\u00e4 ominaisuuksia, jotka ovat yleens\u00e4 saatavilla paljon kalliimmista potkulaudoista.<\/p>\n<p>Joyride tasapainottuu helposti ja saa sinut tuntemaan olosi turvalliseksi sek\u00e4 suurilla nopeuksilla ett\u00e4 kilpikonnan vauhdilla. Jalkalauta on tarpeeksi leve\u00e4 tukemaan jalkoja vierekk\u00e4in.<\/p>\n<p>&nbsp;<\/p>\n","protected":false},"featured_media":28849,"comment_status":"open","ping_status":"closed","template":"","meta":{"_acf_changed":false},"factory":[],"free-shipment":[],"product_brand":[],"product_cat":[1312,1311],"product_tag":[],"class_list":{"0":"post-28868","1":"product","2":"type-product","3":"status-publish","4":"has-post-thumbnail","6":"product_cat-e-skootterit","7":"product_cat-viihde-elektroniikka","9":"first","10":"instock","11":"sale","12":"taxable","13":"shipping-taxable","14":"purchasable","15":"product-type-simple"},"acf":[],"_links":{"self":[{"href":"https:\/\/factory.sale\/fi\/wp-json\/wp\/v2\/product\/28868","targetHints":{"allow":["GET"]}}],"collection":[{"href":"https:\/\/factory.sale\/fi\/wp-json\/wp\/v2\/product"}],"about":[{"href":"https:\/\/factory.sale\/fi\/wp-json\/wp\/v2\/types\/product"}],"replies":[{"embeddable":true,"href":"https:\/\/factory.sale\/fi\/wp-json\/wp\/v2\/comments?post=28868"}],"wp:featuredmedia":[{"embeddable":true,"href":"https:\/\/factory.sale\/fi\/wp-json\/wp\/v2\/media\/28849"}],"wp:attachment":[{"href":"https:\/\/factory.sale\/fi\/wp-json\/wp\/v2\/media?parent=28868"}],"wp:term":[{"taxonomy":"factory","embeddable":true,"href":"https:\/\/factory.sale\/fi\/wp-json\/wp\/v2\/factory?post=28868"},{"taxonomy":"free-shipment","embeddable":true,"href":"https:\/\/factory.sale\/fi\/wp-json\/wp\/v2\/free-shipment?post=28868"},{"taxonomy":"product_brand","embeddable":true,"href":"https:\/\/factory.sale\/fi\/wp-json\/wp\/v2\/product_brand?post=28868"},{"taxonomy":"product_cat","embeddable":true,"href":"https:\/\/factory.sale\/fi\/wp-json\/wp\/v2\/product_cat?post=28868"},{"taxonomy":"product_tag","embeddable":true,"href":"https:\/\/factory.sale\/fi\/wp-json\/wp\/v2\/product_tag?post=28868"}],"curies":[{"name":"wp","href":"https:\/\/api.w.org\/{rel}","templated":true}]}}