{"id":28839,"date":"2023-06-08T09:24:00","date_gmt":"2023-06-08T10:41:12","guid":{"rendered":"https:\/\/factory.sale\/?post_type=product&#038;p=28839"},"modified":"2024-06-26T13:47:41","modified_gmt":"2024-06-26T13:47:41","slug":"gpad-e-skootterit-svan-max-13-ah","status":"publish","type":"product","link":"https:\/\/factory.sale\/fi\/tuote\/gpad-e-skootterit-svan-max-13-ah\/","title":{"rendered":"Gpad e-skootterit Svan Max 13 Ah"},"content":{"rendered":"<p><strong>SKU: KSJY410-black (Musta)<\/strong><\/p>\n<p><strong>SKU: KSJY410 (punainen, sininen, valkoinen)<\/strong><\/p>\n<p>&nbsp;<\/p>\n<p>GPad Svan Max on kuin taideteos sin\u00e4ns\u00e4. Erottuu muista skoottereista kirkkaana t\u00e4hten\u00e4 joukossa, sen virtaviivainen ja tyylik\u00e4s ulkon\u00e4k\u00f6 ei j\u00e4t\u00e4 ket\u00e4\u00e4n kylm\u00e4ksi. Mutta \u00e4l\u00e4 anna h\u00e4nen h\u00e4ik\u00e4isev\u00e4n ilmeens\u00e4 h\u00e4irit\u00e4 sinua. GPad Svan Max saattaa n\u00e4ytt\u00e4\u00e4 pienelt\u00e4 skootterilta, mutta se on enemm\u00e4n. 8&#8243; py\u00f6r\u00e4t voivat kuljettaa sinut minne tahansa asetat t\u00e4ht\u00e4yksen. Lis\u00e4\u00e4m\u00e4ll\u00e4 5 Ah:n ylim\u00e4\u00e4r\u00e4isen akun perusvarusteluun voit pident\u00e4\u00e4 ajomatkaasi jopa maapallon ulkopuolelle. Tarvittaessa ylim\u00e4\u00e4r\u00e4inen akku voidaan my\u00f6s irrottaa skootterista ja s\u00e4ilytt\u00e4\u00e4 k\u00e4tev\u00e4sti joko repussa tai kaapissa.<\/p>\n<p>Svan s\u00e4hk\u00f6skootteri on varustettu yksinkertaisella taittoj\u00e4rjestelm\u00e4ll\u00e4, mik\u00e4 tekee skootterin kantamisesta eritt\u00e4in helppoa ja k\u00e4tev\u00e4\u00e4. Onko pime\u00e4ll\u00e4 ajaminen ongelma? Ei en\u00e4\u00e4! GPad Svan Max on varustettu tehokkaalla ohjaustankoon integroidulla LED-lampulla. Kaikkien edell\u00e4 mainittujen lis\u00e4ksi skootterin renkaina k\u00e4ytet\u00e4\u00e4n umpirenkaita ns. &#8220;hunajakenno&#8221; rakenteella &#8211; murtumismahdollisuus on l\u00e4hell\u00e4 nollaa! Unohda renkaiden rikkoutumisen huolet ja risteily maailman loppuun Svanin kanssa.<\/p>\n<p><strong>GPad Svan s\u00e4hk\u00f6skootterilla ajettaessa suosittelemme kyp\u00e4r\u00e4n k\u00e4ytt\u00f6\u00e4.<\/strong><\/p>\n<p>&nbsp;<\/p>\n<p><strong>Tekniset tiedot:<\/strong><\/p>\n<table class=\"woocommerce-product-attributes shop_attributes\" style=\"height: 605px;\" width=\"760\">\n<tbody>\n<tr class=\"woocommerce-product-attributes-item woocommerce-product-attributes-item--0\">\n<th class=\"woocommerce-product-attributes-item__label\">Paino<\/th>\n<td class=\"woocommerce-product-attributes-item__value\">14 kg<\/td>\n<\/tr>\n<tr class=\"woocommerce-product-attributes-item woocommerce-product-attributes-item--1\">\n<th class=\"woocommerce-product-attributes-item__label\">Huippunopeus (km\/h)<\/th>\n<td class=\"woocommerce-product-attributes-item__value\">25<\/td>\n<\/tr>\n<tr class=\"woocommerce-product-attributes-item woocommerce-product-attributes-item--2\">\n<th class=\"woocommerce-product-attributes-item__label\">Mitat (taitettuna, mm)<\/th>\n<td class=\"woocommerce-product-attributes-item__value\">1000 x 440 x 465<\/td>\n<\/tr>\n<tr class=\"woocommerce-product-attributes-item woocommerce-product-attributes-item--3\">\n<th class=\"woocommerce-product-attributes-item__label\">Merkki<\/th>\n<td class=\"woocommerce-product-attributes-item__value\">GPad<\/td>\n<\/tr>\n<tr class=\"woocommerce-product-attributes-item woocommerce-product-attributes-item--4\">\n<th class=\"woocommerce-product-attributes-item__label\">Akun j\u00e4nnite (V)<\/th>\n<td class=\"woocommerce-product-attributes-item__value\">36<\/td>\n<\/tr>\n<tr class=\"woocommerce-product-attributes-item woocommerce-product-attributes-item--5\">\n<th class=\"woocommerce-product-attributes-item__label\">Korkeuskulma (%)<\/th>\n<td class=\"woocommerce-product-attributes-item__value\">12<\/td>\n<\/tr>\n<tr class=\"woocommerce-product-attributes-item woocommerce-product-attributes-item--6\">\n<th class=\"woocommerce-product-attributes-item__label\">Kantavuus (kg)<\/th>\n<td class=\"woocommerce-product-attributes-item__value\">100<\/td>\n<\/tr>\n<tr class=\"woocommerce-product-attributes-item woocommerce-product-attributes-item--7\">\n<th class=\"woocommerce-product-attributes-item__label\">Rengaskoko (tuumaa)<\/th>\n<td class=\"woocommerce-product-attributes-item__value\">8<\/td>\n<\/tr>\n<tr class=\"woocommerce-product-attributes-item woocommerce-product-attributes-item--8\">\n<th class=\"woocommerce-product-attributes-item__label\">Rengaskoko (cm)<\/th>\n<td class=\"woocommerce-product-attributes-item__value\">20<\/td>\n<\/tr>\n<tr class=\"woocommerce-product-attributes-item woocommerce-product-attributes-item--9\">\n<th class=\"woocommerce-product-attributes-item__label\">Tire type<\/th>\n<td class=\"woocommerce-product-attributes-item__value\">Honeycomb tire<\/td>\n<\/tr>\n<tr class=\"woocommerce-product-attributes-item woocommerce-product-attributes-item--10\">\n<th class=\"woocommerce-product-attributes-item__label\">Rengastyyppi<\/th>\n<td class=\"woocommerce-product-attributes-item__value\">Hunajakennorengas<\/td>\n<\/tr>\n<tr class=\"woocommerce-product-attributes-item woocommerce-product-attributes-item--11\">\n<th class=\"woocommerce-product-attributes-item__label\">Takajarru<\/th>\n<td class=\"woocommerce-product-attributes-item__value\">Jalkajarru<\/td>\n<\/tr>\n<tr class=\"woocommerce-product-attributes-item woocommerce-product-attributes-item--12\">\n<th class=\"woocommerce-product-attributes-item__label\">Moottorin teho (W)<\/th>\n<td class=\"woocommerce-product-attributes-item__value\">350<\/td>\n<\/tr>\n<tr class=\"woocommerce-product-attributes-item woocommerce-product-attributes-item--13\">\n<th class=\"woocommerce-product-attributes-item__label\">Akun ampeerim\u00e4\u00e4r\u00e4\u00a0(A)<\/th>\n<td class=\"woocommerce-product-attributes-item__value\">13<\/td>\n<\/tr>\n<tr class=\"woocommerce-product-attributes-item woocommerce-product-attributes-item--14\">\n<th class=\"woocommerce-product-attributes-item__label\">Akun kapasiteetti (Wh)<\/th>\n<td class=\"woocommerce-product-attributes-item__value\">468<\/td>\n<\/tr>\n<tr class=\"woocommerce-product-attributes-item woocommerce-product-attributes-item--15\">\n<th class=\"woocommerce-product-attributes-item__label\">Akkutyyppi<\/th>\n<td class=\"woocommerce-product-attributes-item__value\">Li-ion<\/td>\n<\/tr>\n<tr class=\"woocommerce-product-attributes-item woocommerce-product-attributes-item--16\">\n<th class=\"woocommerce-product-attributes-item__label\">Laturin j\u00e4nnite (V)<\/th>\n<td class=\"woocommerce-product-attributes-item__value\">42<\/td>\n<\/tr>\n<tr class=\"woocommerce-product-attributes-item woocommerce-product-attributes-item--17\">\n<th class=\"woocommerce-product-attributes-item__label\">Laturin ampeerim\u00e4\u00e4r\u00e4 (A)<\/th>\n<td class=\"woocommerce-product-attributes-item__value\">2<\/td>\n<\/tr>\n<tr class=\"woocommerce-product-attributes-item woocommerce-product-attributes-item--18\">\n<th class=\"woocommerce-product-attributes-item__label\">Latausaika (h)<\/th>\n<td class=\"woocommerce-product-attributes-item__value\">4<\/td>\n<\/tr>\n<tr class=\"woocommerce-product-attributes-item woocommerce-product-attributes-item--19\">\n<th class=\"woocommerce-product-attributes-item__label\">Etujarru<\/th>\n<td class=\"woocommerce-product-attributes-item__value\">elektroninen<\/td>\n<\/tr>\n<\/tbody>\n<\/table>\n<table class=\"woocommerce-product-attributes shop_attributes\" style=\"height: 613px;\" width=\"762\">\n<tbody>\n<tr class=\"woocommerce-product-attributes-item woocommerce-product-attributes-item--0\">\n<th class=\"woocommerce-product-attributes-item__label\">Kantama (km)<\/th>\n<td class=\"woocommerce-product-attributes-item__value\">40<\/td>\n<\/tr>\n<tr class=\"woocommerce-product-attributes-item woocommerce-product-attributes-item--1\">\n<th class=\"woocommerce-product-attributes-item__label\">Max. nopeus (piiratud, km\/h)<\/th>\n<td class=\"woocommerce-product-attributes-item__value\">25<\/td>\n<\/tr>\n<tr class=\"woocommerce-product-attributes-item woocommerce-product-attributes-item--2\">\n<th class=\"woocommerce-product-attributes-item__label\">Mitat (s\u00f5iduvalmis, mm)<\/th>\n<td class=\"woocommerce-product-attributes-item__value\">1000 x 440 x 1185<\/td>\n<\/tr>\n<tr class=\"woocommerce-product-attributes-item woocommerce-product-attributes-item--3\">\n<th class=\"woocommerce-product-attributes-item__label\">Taitettava kahva<\/th>\n<td class=\"woocommerce-product-attributes-item__value\">Ei<\/td>\n<\/tr>\n<tr class=\"woocommerce-product-attributes-item woocommerce-product-attributes-item--4\">\n<th class=\"woocommerce-product-attributes-item__label\">Ohjauspy\u00f6r\u00e4 max. korkeus (cm)<\/th>\n<td class=\"woocommerce-product-attributes-item__value\">118<\/td>\n<\/tr>\n<tr class=\"woocommerce-product-attributes-item woocommerce-product-attributes-item--5\">\n<th class=\"woocommerce-product-attributes-item__label\">Etuvalot<\/th>\n<td class=\"woocommerce-product-attributes-item__value\">2 LED-valoa<\/td>\n<\/tr>\n<tr class=\"woocommerce-product-attributes-item woocommerce-product-attributes-item--6\">\n<th class=\"woocommerce-product-attributes-item__label\">Takavalot<\/th>\n<td class=\"woocommerce-product-attributes-item__value\">1 LED valo<\/td>\n<\/tr>\n<tr class=\"woocommerce-product-attributes-item woocommerce-product-attributes-item--7\">\n<th class=\"woocommerce-product-attributes-item__label\">Nopeustasot<\/th>\n<td class=\"woocommerce-product-attributes-item__value\">3<\/td>\n<\/tr>\n<tr class=\"woocommerce-product-attributes-item woocommerce-product-attributes-item--8\">\n<th class=\"woocommerce-product-attributes-item__label\">Vakionopeuss\u00e4\u00e4din<\/th>\n<td class=\"woocommerce-product-attributes-item__value\">Kyll\u00e4<\/td>\n<\/tr>\n<tr class=\"woocommerce-product-attributes-item woocommerce-product-attributes-item--9\">\n<th class=\"woocommerce-product-attributes-item__label\">Nolla &#8211; aloita<\/th>\n<td class=\"woocommerce-product-attributes-item__value\">Kyll\u00e4<\/td>\n<\/tr>\n<tr class=\"woocommerce-product-attributes-item woocommerce-product-attributes-item--10\">\n<th class=\"woocommerce-product-attributes-item__label\">Bruttopaino (kg)<\/th>\n<td class=\"woocommerce-product-attributes-item__value\">17.4<\/td>\n<\/tr>\n<tr class=\"woocommerce-product-attributes-item woocommerce-product-attributes-item--11\">\n<th class=\"woocommerce-product-attributes-item__label\">Etujousitus<\/th>\n<td class=\"woocommerce-product-attributes-item__value\">Kyll\u00e4<\/td>\n<\/tr>\n<tr class=\"woocommerce-product-attributes-item woocommerce-product-attributes-item--12\">\n<th class=\"woocommerce-product-attributes-item__label\">Neto paino (kg)<\/th>\n<td class=\"woocommerce-product-attributes-item__value\">14<\/td>\n<\/tr>\n<tr class=\"woocommerce-product-attributes-item woocommerce-product-attributes-item--13\">\n<th class=\"woocommerce-product-attributes-item__label\">Kaukos\u00e4\u00e4din<\/th>\n<td class=\"woocommerce-product-attributes-item__value\">ei<\/td>\n<\/tr>\n<tr class=\"woocommerce-product-attributes-item woocommerce-product-attributes-item--14\">\n<th class=\"woocommerce-product-attributes-item__label\">Bluetooth-kaiuttimet<\/th>\n<td class=\"woocommerce-product-attributes-item__value\">ei<\/td>\n<\/tr>\n<tr class=\"woocommerce-product-attributes-item woocommerce-product-attributes-item--15\">\n<th class=\"woocommerce-product-attributes-item__label\">N\u00e4ytt\u00f6<\/th>\n<td class=\"woocommerce-product-attributes-item__value\">Kyll\u00e4<\/td>\n<\/tr>\n<tr class=\"woocommerce-product-attributes-item woocommerce-product-attributes-item--16\">\n<th class=\"woocommerce-product-attributes-item__label\">Sovellus<\/th>\n<td class=\"woocommerce-product-attributes-item__value\">Kyll\u00e4<\/td>\n<\/tr>\n<tr class=\"woocommerce-product-attributes-item woocommerce-product-attributes-item--17\">\n<th class=\"woocommerce-product-attributes-item__label\">Suositeltu min. ik\u00e4 14<\/th>\n<td class=\"woocommerce-product-attributes-item__value\">14<\/td>\n<\/tr>\n<tr class=\"woocommerce-product-attributes-item woocommerce-product-attributes-item--18\">\n<th class=\"woocommerce-product-attributes-item__label\">Ohjauspy\u00f6r\u00e4 min. korkeus (cm)<\/th>\n<td class=\"woocommerce-product-attributes-item__value\">118<\/td>\n<\/tr>\n<tr class=\"woocommerce-product-attributes-item woocommerce-product-attributes-item--19\">\n<th class=\"woocommerce-product-attributes-item__label\">V\u00e4ri<\/th>\n<td class=\"woocommerce-product-attributes-item__value\">Musta, punainen, sininen, valkoinen<\/td>\n<\/tr>\n<\/tbody>\n<\/table>\n","protected":false},"excerpt":{"rendered":"<p>GPad Svan Max on kuin taideteos sin\u00e4ns\u00e4. Erottuu muista skoottereista kirkkaana t\u00e4hten\u00e4 joukossa, sen virtaviivainen ja tyylik\u00e4s ulkon\u00e4k\u00f6 ei j\u00e4t\u00e4 ket\u00e4\u00e4n kylm\u00e4ksi. Mutta \u00e4l\u00e4 anna h\u00e4nen h\u00e4ik\u00e4isev\u00e4n ilmeens\u00e4 h\u00e4irit\u00e4 sinua. GPad Svan Max saattaa n\u00e4ytt\u00e4\u00e4 pienelt\u00e4 skootterilta, mutta se on enemm\u00e4n.<\/p>\n","protected":false},"featured_media":28828,"comment_status":"open","ping_status":"closed","template":"","meta":{"_acf_changed":false},"factory":[],"free-shipment":[],"product_brand":[],"product_cat":[1312,1311],"product_tag":[],"class_list":{"0":"post-28839","1":"product","2":"type-product","3":"status-publish","4":"has-post-thumbnail","6":"product_cat-e-skootterit","7":"product_cat-viihde-elektroniikka","9":"first","10":"instock","11":"sale","12":"taxable","13":"shipping-taxable","14":"purchasable","15":"product-type-simple"},"acf":[],"_links":{"self":[{"href":"https:\/\/factory.sale\/fi\/wp-json\/wp\/v2\/product\/28839","targetHints":{"allow":["GET"]}}],"collection":[{"href":"https:\/\/factory.sale\/fi\/wp-json\/wp\/v2\/product"}],"about":[{"href":"https:\/\/factory.sale\/fi\/wp-json\/wp\/v2\/types\/product"}],"replies":[{"embeddable":true,"href":"https:\/\/factory.sale\/fi\/wp-json\/wp\/v2\/comments?post=28839"}],"wp:featuredmedia":[{"embeddable":true,"href":"https:\/\/factory.sale\/fi\/wp-json\/wp\/v2\/media\/28828"}],"wp:attachment":[{"href":"https:\/\/factory.sale\/fi\/wp-json\/wp\/v2\/media?parent=28839"}],"wp:term":[{"taxonomy":"factory","embeddable":true,"href":"https:\/\/factory.sale\/fi\/wp-json\/wp\/v2\/factory?post=28839"},{"taxonomy":"free-shipment","embeddable":true,"href":"https:\/\/factory.sale\/fi\/wp-json\/wp\/v2\/free-shipment?post=28839"},{"taxonomy":"product_brand","embeddable":true,"href":"https:\/\/factory.sale\/fi\/wp-json\/wp\/v2\/product_brand?post=28839"},{"taxonomy":"product_cat","embeddable":true,"href":"https:\/\/factory.sale\/fi\/wp-json\/wp\/v2\/product_cat?post=28839"},{"taxonomy":"product_tag","embeddable":true,"href":"https:\/\/factory.sale\/fi\/wp-json\/wp\/v2\/product_tag?post=28839"}],"curies":[{"name":"wp","href":"https:\/\/api.w.org\/{rel}","templated":true}]}}