{"id":28820,"date":"2023-06-08T07:12:46","date_gmt":"2023-06-08T08:57:08","guid":{"rendered":"https:\/\/factory.sale\/?post_type=product&#038;p=28820"},"modified":"2024-06-25T14:03:22","modified_gmt":"2024-06-25T14:03:22","slug":"gpad-e-skootterit-svan-8ah","status":"publish","type":"product","link":"https:\/\/factory.sale\/fi\/tuote\/gpad-e-skootterit-svan-8ah\/","title":{"rendered":"Gpad e-skootterit Svan 8Ah"},"content":{"rendered":"<p><strong>SKU: KSJY400-black (GPad Svan 8Ah, musta)<\/strong><\/p>\n<p><strong>SKU: KSJY400 (GPad Svan 8Ah (sininen, punainen, valkoinen))<\/strong><\/p>\n<p>&nbsp;<\/p>\n<p>GPad Svan on t\u00e4ysin omaa luokkaansa. Se erottuu joukosta kuin s\u00e4dehtiv\u00e4 t\u00e4hti, sen ulkon\u00e4k\u00f6 on kaikkein siroin. Mutta \u00e4l\u00e4 anna sen ulkon\u00e4\u00f6n h\u00e4m\u00e4t\u00e4! GPad Svan saattaa n\u00e4ytt\u00e4\u00e4 pienen skootterin kaltaiselta, mutta sill\u00e4 on suuren skootterin syd\u00e4n. 8 tuuman py\u00f6r\u00e4kanta vie sinut minne haluatkin ajaa. Laajenna maksimimatkaa lis\u00e4 5Ah akkupaketilla ja aja kenties jopa maailman loppuun asti? Svanissa on my\u00f6s helppo taitettava j\u00e4rjestelm\u00e4, joka tekee sen taittamisesta ja kantamisesta todella helppoa. Onko y\u00f6ll\u00e4 ajamisessa ongelma? Ei en\u00e4\u00e4! Svanissa on voimakas LED-valo integroituna ohjaustankoon. Kaiken kukkuraksi Svanissa on niin sanotut &#8220;elini\u00e4n&#8221; kest\u00e4v\u00e4t renkaat &#8211; kennorenkaat. Unohda litteiden renkaiden ongelmat ja purjehdi pois Svanin kanssa.<\/p>\n<p>Ajaessasi GPad Svanilla suosittelemme kyp\u00e4r\u00e4n k\u00e4ytt\u00f6\u00e4 kaikkina aikoina!<\/p>\n<div class=\"QcsUad BDJ8fb BLojaf sMVRZe wneUed\">\n<div class=\"XL3Kf\">\n<div class=\"a8FIud\">\n<div data-show-delay-ms=\"250\" data-append-to-body=\"false\" data-propagate-tooltip-mouseover-events=\"true\" data-anchor-corner=\"bottom-end\" data-enable-skip-handler=\"false\" data-popup-corner=\"top-end\">\n<div>\n<div class=\"VfPpkd-Bz112c-Jh9lGc\"><\/div>\n<\/div>\n<\/div>\n<\/div>\n<\/div>\n<\/div>\n<div class=\"VfPpkd-Bz112c-RLmnJb\"><\/div>\n<div><\/div>\n<div><\/div>\n<div><\/div>\n<div><\/div>\n<div><\/div>\n<div class=\"QcsUad BDJ8fb BLojaf sMVRZe wneUed\">\n<div class=\"XL3Kf\">\n<div class=\"a8FIud\">\n<div class=\"usGWQd\" aria-live=\"polite\">\n<div class=\"KkbLmb\">\n<div class=\"lRu31\"><strong><span class=\"HwtZe\" lang=\"fi\"><span class=\"jCAhz ChMk0b\"><span class=\"ryNqvb\">Spesifikaatiot:<\/span><\/span><\/span><\/strong><\/div>\n<\/div>\n<\/div>\n<\/div>\n<\/div>\n<\/div>\n<div id=\"content_tab_additional_information\" class=\"tab-content tab-additional_information\">\n<div class=\"tab-content-inner\">\n<div class=\"tab-content-scroll\">\n<table class=\"woocommerce-product-attributes shop_attributes\" style=\"height: 2132px;\" width=\"900\">\n<tbody>\n<tr class=\"woocommerce-product-attributes-item woocommerce-product-attributes-item--attribute_pa_varv\">\n<th class=\"woocommerce-product-attributes-item__label\">V\u00c4RI<\/th>\n<td class=\"woocommerce-product-attributes-item__value\">\u00a0musta, sininen, punainen, valkoinen<\/td>\n<\/tr>\n<tr class=\"woocommerce-product-attributes-item woocommerce-product-attributes-item--attribute_pa_top-speed\">\n<th class=\"woocommerce-product-attributes-item__label\">HUIPPUNOPEUSRAJOITETTU<\/th>\n<td class=\"woocommerce-product-attributes-item__value\">25<\/td>\n<\/tr>\n<tr class=\"woocommerce-product-attributes-item woocommerce-product-attributes-item--attribute_pa_top-speed-limited\">\n<th class=\"woocommerce-product-attributes-item__label\">HUIPPUNOPEUSRAJOITETTU<\/th>\n<td class=\"woocommerce-product-attributes-item__value\">25<\/td>\n<\/tr>\n<tr class=\"woocommerce-product-attributes-item woocommerce-product-attributes-item--attribute_pa_max-load-cap\">\n<th class=\"woocommerce-product-attributes-item__label\">MAX KUORMITUS<\/th>\n<td class=\"woocommerce-product-attributes-item__value\">120<\/td>\n<\/tr>\n<tr class=\"woocommerce-product-attributes-item woocommerce-product-attributes-item--attribute_pa_tyre-size-inch\">\n<th class=\"woocommerce-product-attributes-item__label\">RENKAAN KOKO-TUUMA<\/th>\n<td class=\"woocommerce-product-attributes-item__value\">8<\/td>\n<\/tr>\n<tr class=\"woocommerce-product-attributes-item woocommerce-product-attributes-item--attribute_pa_tyre-size-cm\">\n<th class=\"woocommerce-product-attributes-item__label\">RENKAAN KOKO-CM<\/th>\n<td class=\"woocommerce-product-attributes-item__value\">20<\/td>\n<\/tr>\n<tr class=\"woocommerce-product-attributes-item woocommerce-product-attributes-item--attribute_pa_tyre-type\">\n<th class=\"woocommerce-product-attributes-item__label\">RENKAA-TYYPPI<\/th>\n<td class=\"woocommerce-product-attributes-item__value\">Yksinkertainen<\/td>\n<\/tr>\n<tr class=\"woocommerce-product-attributes-item woocommerce-product-attributes-item--attribute_pa_driving-wheel\">\n<th class=\"woocommerce-product-attributes-item__label\">AJOPY\u00d6R\u00c4<\/th>\n<td class=\"woocommerce-product-attributes-item__value\">Yksinkertainen<\/td>\n<\/tr>\n<tr class=\"woocommerce-product-attributes-item woocommerce-product-attributes-item--attribute_pa_motor-power\">\n<th class=\"woocommerce-product-attributes-item__label\">MOOTTORIN TEHO<\/th>\n<td class=\"woocommerce-product-attributes-item__value\">350<\/td>\n<\/tr>\n<tr class=\"woocommerce-product-attributes-item woocommerce-product-attributes-item--attribute_pa_battery-volt\">\n<th class=\"woocommerce-product-attributes-item__label\">AKKUJ\u00c4NNITE<\/th>\n<td class=\"woocommerce-product-attributes-item__value\">36<\/td>\n<\/tr>\n<tr class=\"woocommerce-product-attributes-item woocommerce-product-attributes-item--attribute_pa_battery-amps\">\n<th class=\"woocommerce-product-attributes-item__label\">AKKUVAHVISTEET<\/th>\n<td class=\"woocommerce-product-attributes-item__value\">7.8<\/td>\n<\/tr>\n<tr class=\"woocommerce-product-attributes-item woocommerce-product-attributes-item--attribute_pa_battery-cap\">\n<th class=\"woocommerce-product-attributes-item__label\">AKKUKANSI<\/th>\n<td class=\"woocommerce-product-attributes-item__value\">280<\/td>\n<\/tr>\n<tr class=\"woocommerce-product-attributes-item woocommerce-product-attributes-item--attribute_pa_battery-type\">\n<th class=\"woocommerce-product-attributes-item__label\">AKKUTYYPPI<\/th>\n<td class=\"woocommerce-product-attributes-item__value\">Li-ion<\/td>\n<\/tr>\n<tr class=\"woocommerce-product-attributes-item woocommerce-product-attributes-item--attribute_pa_charger-volt\">\n<th class=\"woocommerce-product-attributes-item__label\">LATURI-J\u00c4NNITE<\/th>\n<td class=\"woocommerce-product-attributes-item__value\">42<\/td>\n<\/tr>\n<tr class=\"woocommerce-product-attributes-item woocommerce-product-attributes-item--attribute_pa_charger-amp\">\n<th class=\"woocommerce-product-attributes-item__label\">LATURI-AMP<\/th>\n<td class=\"woocommerce-product-attributes-item__value\">2<\/td>\n<\/tr>\n<tr class=\"woocommerce-product-attributes-item woocommerce-product-attributes-item--attribute_pa_charge-time\">\n<th class=\"woocommerce-product-attributes-item__label\">LATAUSAIKA<\/th>\n<td class=\"woocommerce-product-attributes-item__value\">4<\/td>\n<\/tr>\n<tr class=\"woocommerce-product-attributes-item woocommerce-product-attributes-item--attribute_pa_front-brake\">\n<th class=\"woocommerce-product-attributes-item__label\">ETUJARRU<\/th>\n<td class=\"woocommerce-product-attributes-item__value\">Elektroninen<\/td>\n<\/tr>\n<tr class=\"woocommerce-product-attributes-item woocommerce-product-attributes-item--attribute_pa_rear-brake\">\n<th class=\"woocommerce-product-attributes-item__label\">TAKAJARRU<\/th>\n<td class=\"woocommerce-product-attributes-item__value\">Jalkajarru<\/td>\n<\/tr>\n<tr class=\"woocommerce-product-attributes-item woocommerce-product-attributes-item--attribute_pa_folding-handle\">\n<th class=\"woocommerce-product-attributes-item__label\">TAITTUVA kahva<\/th>\n<td class=\"woocommerce-product-attributes-item__value\">Ei<\/td>\n<\/tr>\n<tr class=\"woocommerce-product-attributes-item woocommerce-product-attributes-item--attribute_pa_handle-height\">\n<th class=\"woocommerce-product-attributes-item__label\">KAHVAN KORKEUS<\/th>\n<td class=\"woocommerce-product-attributes-item__value\">1185<\/td>\n<\/tr>\n<tr class=\"woocommerce-product-attributes-item woocommerce-product-attributes-item--attribute_pa_handle-max-height\">\n<th class=\"woocommerce-product-attributes-item__label\">KAHVA-MAX-KORKEUS<\/th>\n<td class=\"woocommerce-product-attributes-item__value\">1185<\/td>\n<\/tr>\n<tr class=\"woocommerce-product-attributes-item woocommerce-product-attributes-item--attribute_pa_lights-front\">\n<th class=\"woocommerce-product-attributes-item__label\">ETUVALOT<\/th>\n<td class=\"woocommerce-product-attributes-item__value\">2 LED-valoa<\/td>\n<\/tr>\n<tr class=\"woocommerce-product-attributes-item woocommerce-product-attributes-item--attribute_pa_lights-rear\">\n<th class=\"woocommerce-product-attributes-item__label\">VALOT-TAKA<\/th>\n<td class=\"woocommerce-product-attributes-item__value\">1 LED-valo<\/td>\n<\/tr>\n<tr class=\"woocommerce-product-attributes-item woocommerce-product-attributes-item--attribute_pa_speed-lvls\">\n<th class=\"woocommerce-product-attributes-item__label\">NOPEUSTASOT<\/th>\n<td class=\"woocommerce-product-attributes-item__value\">3<\/td>\n<\/tr>\n<tr class=\"woocommerce-product-attributes-item woocommerce-product-attributes-item--attribute_pa_cruise-ctrl\">\n<th class=\"woocommerce-product-attributes-item__label\">CRUISE-CTRL<\/th>\n<td class=\"woocommerce-product-attributes-item__value\">Kyll\u00e4<\/td>\n<\/tr>\n<tr class=\"woocommerce-product-attributes-item woocommerce-product-attributes-item--attribute_pa_zero-start\">\n<th class=\"woocommerce-product-attributes-item__label\">ZERO-START<\/th>\n<td class=\"woocommerce-product-attributes-item__value\">Kyll\u00e4<\/td>\n<\/tr>\n<tr class=\"woocommerce-product-attributes-item woocommerce-product-attributes-item--attribute_pa_dim-unfolded\">\n<th class=\"woocommerce-product-attributes-item__label\">TOIMENPITEET L\u00d6YN\u00c4T<\/th>\n<td class=\"woocommerce-product-attributes-item__value\">1000 x 440 x 1185<\/td>\n<\/tr>\n<tr class=\"woocommerce-product-attributes-item woocommerce-product-attributes-item--attribute_pa_dim-folded\">\n<th class=\"woocommerce-product-attributes-item__label\">KOOTETTU MITAT<\/th>\n<td class=\"woocommerce-product-attributes-item__value\">1000 x 440 x 465<\/td>\n<\/tr>\n<tr class=\"woocommerce-product-attributes-item woocommerce-product-attributes-item--attribute_pa_net-weight\">\n<th class=\"woocommerce-product-attributes-item__label\">NETTOPAINO<\/th>\n<td class=\"woocommerce-product-attributes-item__value\">12<\/td>\n<\/tr>\n<tr class=\"woocommerce-product-attributes-item woocommerce-product-attributes-item--attribute_pa_remote-ctrl\">\n<th class=\"woocommerce-product-attributes-item__label\">KAUKOOHJAUS<\/th>\n<td class=\"woocommerce-product-attributes-item__value\">Ei<\/td>\n<\/tr>\n<tr class=\"woocommerce-product-attributes-item woocommerce-product-attributes-item--attribute_pa_bt-speakers\">\n<th class=\"woocommerce-product-attributes-item__label\">BT-KAIUTTIMET<\/th>\n<td class=\"woocommerce-product-attributes-item__value\">Ei<\/td>\n<\/tr>\n<tr class=\"woocommerce-product-attributes-item woocommerce-product-attributes-item--attribute_pa_display\">\n<th class=\"woocommerce-product-attributes-item__label\">N\u00c4YTT\u00d6<\/th>\n<td class=\"woocommerce-product-attributes-item__value\">Kyll\u00e4<\/td>\n<\/tr>\n<tr class=\"woocommerce-product-attributes-item woocommerce-product-attributes-item--attribute_pa_recommend-from-age\">\n<th class=\"woocommerce-product-attributes-item__label\">SUOSITTELEN<\/th>\n<td class=\"woocommerce-product-attributes-item__value\">14<\/td>\n<\/tr>\n<tr class=\"woocommerce-product-attributes-item woocommerce-product-attributes-item--attribute_pa_max-range-km\">\n<th class=\"woocommerce-product-attributes-item__label\">MAX-ALUE-KM<\/th>\n<td class=\"woocommerce-product-attributes-item__value\">25<\/td>\n<\/tr>\n<\/tbody>\n<\/table>\n<\/div>\n<\/div>\n<\/div>\n","protected":false},"excerpt":{"rendered":"<p>GPad Svan on t\u00e4ysin omaa luokkaansa. Se erottuu joukosta kuin s\u00e4dehtiv\u00e4 t\u00e4hti, sen ulkon\u00e4k\u00f6 on kaikkein siroin. Mutta \u00e4l\u00e4 anna sen ulkon\u00e4\u00f6n h\u00e4m\u00e4t\u00e4! GPad Svan saattaa n\u00e4ytt\u00e4\u00e4 pienen skootterin kaltaiselta, mutta sill\u00e4 on suuren skootterin syd\u00e4n. 8 tuuman py\u00f6r\u00e4kanta vie sinut minne haluatkin ajaa. Laajenna maksimimatkaa lis\u00e4 5Ah akkupaketilla ja aja kenties jopa maailman loppuun asti? Svanissa on my\u00f6s helppo taitettava j\u00e4rjestelm\u00e4, joka tekee sen taittamisesta ja kantamisesta todella helppoa.<\/p>\n","protected":false},"featured_media":28807,"comment_status":"open","ping_status":"closed","template":"","meta":{"_acf_changed":false},"factory":[],"free-shipment":[],"product_brand":[],"product_cat":[1312,1311],"product_tag":[],"class_list":{"0":"post-28820","1":"product","2":"type-product","3":"status-publish","4":"has-post-thumbnail","6":"product_cat-e-skootterit","7":"product_cat-viihde-elektroniikka","9":"first","10":"instock","11":"sale","12":"taxable","13":"shipping-taxable","14":"purchasable","15":"product-type-simple"},"acf":[],"_links":{"self":[{"href":"https:\/\/factory.sale\/fi\/wp-json\/wp\/v2\/product\/28820","targetHints":{"allow":["GET"]}}],"collection":[{"href":"https:\/\/factory.sale\/fi\/wp-json\/wp\/v2\/product"}],"about":[{"href":"https:\/\/factory.sale\/fi\/wp-json\/wp\/v2\/types\/product"}],"replies":[{"embeddable":true,"href":"https:\/\/factory.sale\/fi\/wp-json\/wp\/v2\/comments?post=28820"}],"wp:featuredmedia":[{"embeddable":true,"href":"https:\/\/factory.sale\/fi\/wp-json\/wp\/v2\/media\/28807"}],"wp:attachment":[{"href":"https:\/\/factory.sale\/fi\/wp-json\/wp\/v2\/media?parent=28820"}],"wp:term":[{"taxonomy":"factory","embeddable":true,"href":"https:\/\/factory.sale\/fi\/wp-json\/wp\/v2\/factory?post=28820"},{"taxonomy":"free-shipment","embeddable":true,"href":"https:\/\/factory.sale\/fi\/wp-json\/wp\/v2\/free-shipment?post=28820"},{"taxonomy":"product_brand","embeddable":true,"href":"https:\/\/factory.sale\/fi\/wp-json\/wp\/v2\/product_brand?post=28820"},{"taxonomy":"product_cat","embeddable":true,"href":"https:\/\/factory.sale\/fi\/wp-json\/wp\/v2\/product_cat?post=28820"},{"taxonomy":"product_tag","embeddable":true,"href":"https:\/\/factory.sale\/fi\/wp-json\/wp\/v2\/product_tag?post=28820"}],"curies":[{"name":"wp","href":"https:\/\/api.w.org\/{rel}","templated":true}]}}