{"id":28782,"date":"2023-06-07T08:56:37","date_gmt":"2023-06-07T10:05:07","guid":{"rendered":"https:\/\/factory.sale\/?post_type=product&#038;p=28782"},"modified":"2024-06-26T05:17:26","modified_gmt":"2024-06-26T05:17:26","slug":"e-pyora-oolter-torm-m","status":"publish","type":"product","link":"https:\/\/factory.sale\/fi\/tuote\/e-pyora-oolter-torm-m\/","title":{"rendered":"E-py\u00f6r\u00e4 Oolter Torm M"},"content":{"rendered":"<p><strong>SKU: EBOT210<\/strong><\/p>\n<p><strong><img loading=\"lazy\" decoding=\"async\" class=\"alignnone wp-image-28779\" src=\"https:\/\/factory.sale\/wp-content\/uploads\/2023\/06\/torm-4-300x98.png\" alt=\"\" width=\"994\" height=\"325\" srcset=\"https:\/\/factory.sale\/wp-content\/uploads\/2023\/06\/torm-4-300x98.png 300w, https:\/\/factory.sale\/wp-content\/uploads\/2023\/06\/torm-4-1024x334.png 1024w, https:\/\/factory.sale\/wp-content\/uploads\/2023\/06\/torm-4-150x49.png 150w, https:\/\/factory.sale\/wp-content\/uploads\/2023\/06\/torm-4-1536x501.png 1536w, https:\/\/factory.sale\/wp-content\/uploads\/2023\/06\/torm-4-2048x668.png 2048w, https:\/\/factory.sale\/wp-content\/uploads\/2023\/06\/torm-4-600x196.png 600w\" sizes=\"auto, (max-width: 994px) 100vw, 994px\" \/><\/strong><\/p>\n<p><strong>MIK\u00c4 ON TORM?<\/strong><\/p>\n<p>T\u00e4m\u00e4 py\u00f6r\u00e4 ei ole rauhalliseen kruisailuun tai maantiepy\u00f6r\u00e4ilyn treeneihin, vaan aktiiviseen kaupunginajoon molemmille sukupuolille.<\/p>\n<p><strong>Torm on ihmiselle, joka haluaa:<\/strong><\/p>\n<ul>\n<li>olla aktiivinen ja t\u00e4ynn\u00e4 energiaa<\/li>\n<li>puhtaan muotoilun ja mukavan ajoasennon<\/li>\n<li>tehd\u00e4 palveluksen ymp\u00e4rist\u00f6lle.<\/li>\n<\/ul>\n<p>&nbsp;<\/p>\n<p><strong>TYYLIK\u00c4S JA MUKAVA<\/strong><\/p>\n<p>Py\u00f6r\u00e4 n\u00e4ytt\u00e4\u00e4 perinteiselt\u00e4 fixipy\u00f6r\u00e4lt\u00e4, jonka minimalistisen ja tyylikk\u00e4\u00e4n muotoilun huomaa heti. Ei uskoisi, ett\u00e4 se onkin varustettu myrskynvoimaisella avustusj\u00e4rjestelm\u00e4ll\u00e4, sill\u00e4 akku ja takamoottori on piilotettu n\u00e4tisti rungon sis\u00e4\u00e4n.<\/p>\n<p><strong>Torm on saatavilla mattamustana ja valkoisena.<\/strong><\/p>\n<p>&nbsp;<\/p>\n<p><strong>VALITSE NOPEUS JA POLJINAVUSTUKSEN TASO<\/strong><\/p>\n<p>Ajokokemus on erinomainen kiitos nerokkaan runkogeometrian ja herk\u00e4n v\u00e4\u00e4nt\u00f6momentin tunnistavan poljinavun. Poljinapu auttaa sinua saavuttamaan 25 km\/h nopeuden.<\/p>\n<p>Jos haluat py\u00f6r\u00e4ill\u00e4 maastossa tai mets\u00e4ss\u00e4, Tormiin voi laittaa my\u00f6s leve\u00e4mm\u00e4t renkaat.<\/p>\n<p>&nbsp;<\/p>\n<p><strong>TARPEEKSI KANTAMAA KAUPUNKIAJOILLE<\/strong><\/p>\n<p>Torm tukee sinua poljinavustuksella 45-80 km matkan, riippuen monista tekij\u00f6ist\u00e4, kuten avustustasosta (0-5), maastosta, tuulesta, l\u00e4mp\u00f6tilasta, ajotyylist\u00e4, nopeudesta jne. Panasonic-akku, jota Teslakin k\u00e4ytt\u00e4\u00e4, riitt\u00e4\u00e4 yleens\u00e4 p\u00e4ivitt\u00e4iseen ty\u00f6matkailuun aivan mainiosti.<\/p>\n<p>&nbsp;<\/p>\n<p>&nbsp;<\/p>\n<p><strong>TEHOKKAAT LEVYJARRUT<\/strong><\/p>\n<p>Levyjarrut mahdollistavat tarkemman jarrutuksen, mik\u00e4 tekee py\u00f6r\u00e4n lukkiutumisesta v\u00e4hemm\u00e4n todenn\u00e4k\u00f6ist\u00e4. Jarrutuksen hallitseminen on tavallista helpompaa.<\/p>\n<p>&nbsp;<\/p>\n<p>&nbsp;<\/p>\n<p><strong>TEKNISET TIEDOT:<\/strong><\/p>\n<ul>\n<li>Enimm\u00e4isnopeus poljinavustuksella: 25 km\/h<\/li>\n<li>Kantama: 45-80 km*<\/li>\n<li>Py\u00f6r\u00e4ilij\u00e4n enimm\u00e4ispaino: 120 kg<\/li>\n<li>Runko: Alumiiniseos 6061<\/li>\n<li>Jarrut: Edess\u00e4 ja takana levyjarrut<\/li>\n<li>Rataspakka: 9 vaihdetta, 11-32T<\/li>\n<li>Moottori: Direct drive rear hub motor, 250 W<\/li>\n<li>Renkaat: Wanda 28\u2019 \/ 700C x 32<\/li>\n<li>Akku: Panasonic, 7Ah, 36 V DC<\/li>\n<li>Laturi: output 42 \/2A, input 100-240V<\/li>\n<li>Latausaika: 3.5 h<\/li>\n<li>Suositeltava ik\u00e4: 14+<\/li>\n<li>Tuotteen nettopaino: 18 kg<\/li>\n<li>Runkokoot: M \/ L<\/li>\n<li>Py\u00f6r\u00e4n koko sopii k\u00e4ytt\u00e4j\u00e4n pituuteen: M: 160 \u2013 180 cm, L: 175-190 cm<\/li>\n<li>Poljinavustus: V\u00e4\u00e4nt\u00f6momentin tunnistava PAS 5:ll\u00e4<\/li>\n<li>Vaihteita: 9<\/li>\n<\/ul>\n<p>&nbsp;<\/p>\n<p>*Kantama-arvio perustuu kokeisiin, jossa oli kokonaispaino 75 kg (mukaan lukien py\u00f6r\u00e4), tasainen tie, l\u00e4mp\u00f6tila 23 \u00b0C, tuuli 2-3 m\/s. Todellisuudessa kantama riippuu py\u00f6r\u00e4ilij\u00e4n painosta, ajotyylist\u00e4, tuulesta, l\u00e4mp\u00f6tilasta, maastosta, nopeudesta, poljinavustuksen tasosta ja py\u00f6r\u00e4ilij\u00e4n polkemisesta.<\/p>\n<p>&nbsp;<\/p>\n<p><a href=\"https:\/\/factory.sale\/wp-content\/uploads\/2023\/06\/Oolter-v1.0-210x210-ENG.pdf\" target=\"_blank\" rel=\"noopener\">MANUAALINEN<\/a><\/p>\n","protected":false},"excerpt":{"rendered":"<p>T\u00e4m\u00e4 py\u00f6r\u00e4 ei ole rauhalliseen kruisailuun tai maantiepy\u00f6r\u00e4ilyn treeneihin, vaan aktiiviseen kaupunginajoon molemmille sukupuolille.<\/p>\n<p><strong>Torm on ihmiselle, joka haluaa:<\/strong><\/p>\n<ul>\n<li>olla aktiivinen ja t\u00e4ynn\u00e4 energiaa<\/li>\n<li>puhtaan muotoilun ja mukavan ajoasennon<\/li>\n<li>tehd\u00e4 palveluksen ymp\u00e4rist\u00f6lle.<\/li>\n<\/ul>\n","protected":false},"featured_media":28769,"comment_status":"open","ping_status":"closed","template":"","meta":{"_acf_changed":false},"factory":[],"free-shipment":[],"product_brand":[],"product_cat":[2503,1311],"product_tag":[],"class_list":{"0":"post-28782","1":"product","2":"type-product","3":"status-publish","4":"has-post-thumbnail","6":"product_cat-e-pyora","7":"product_cat-viihde-elektroniikka","9":"first","10":"instock","11":"sale","12":"taxable","13":"shipping-taxable","14":"purchasable","15":"product-type-simple"},"acf":[],"_links":{"self":[{"href":"https:\/\/factory.sale\/fi\/wp-json\/wp\/v2\/product\/28782","targetHints":{"allow":["GET"]}}],"collection":[{"href":"https:\/\/factory.sale\/fi\/wp-json\/wp\/v2\/product"}],"about":[{"href":"https:\/\/factory.sale\/fi\/wp-json\/wp\/v2\/types\/product"}],"replies":[{"embeddable":true,"href":"https:\/\/factory.sale\/fi\/wp-json\/wp\/v2\/comments?post=28782"}],"wp:featuredmedia":[{"embeddable":true,"href":"https:\/\/factory.sale\/fi\/wp-json\/wp\/v2\/media\/28769"}],"wp:attachment":[{"href":"https:\/\/factory.sale\/fi\/wp-json\/wp\/v2\/media?parent=28782"}],"wp:term":[{"taxonomy":"factory","embeddable":true,"href":"https:\/\/factory.sale\/fi\/wp-json\/wp\/v2\/factory?post=28782"},{"taxonomy":"free-shipment","embeddable":true,"href":"https:\/\/factory.sale\/fi\/wp-json\/wp\/v2\/free-shipment?post=28782"},{"taxonomy":"product_brand","embeddable":true,"href":"https:\/\/factory.sale\/fi\/wp-json\/wp\/v2\/product_brand?post=28782"},{"taxonomy":"product_cat","embeddable":true,"href":"https:\/\/factory.sale\/fi\/wp-json\/wp\/v2\/product_cat?post=28782"},{"taxonomy":"product_tag","embeddable":true,"href":"https:\/\/factory.sale\/fi\/wp-json\/wp\/v2\/product_tag?post=28782"}],"curies":[{"name":"wp","href":"https:\/\/api.w.org\/{rel}","templated":true}]}}