{"id":28762,"date":"2023-06-07T08:34:30","date_gmt":"2023-06-07T08:53:14","guid":{"rendered":"https:\/\/factory.sale\/?post_type=product&#038;p=28762"},"modified":"2024-06-25T13:59:37","modified_gmt":"2024-06-25T13:59:37","slug":"e-pyora-oolter-etta-qr-stem-s","status":"publish","type":"product","link":"https:\/\/factory.sale\/fi\/tuote\/e-pyora-oolter-etta-qr-stem-s\/","title":{"rendered":"E-py\u00f6r\u00e4 Oolter Etta QR Stem S"},"content":{"rendered":"<p><strong>SKU: EBOT330<\/strong><\/p>\n<p>&nbsp;<\/p>\n<p><strong>MIK\u00c4 ON ETTA &#8211; NAISTEN PY\u00d6R\u00c4?<\/strong><\/p>\n<p>Etta on suunniteltu mukaviin kaupunkiajoihin. N\u00e4tti, mutta mukava py\u00f6r\u00e4 naisille.<\/p>\n<p><strong><img loading=\"lazy\" decoding=\"async\" class=\"alignnone wp-image-28730\" src=\"https:\/\/factory.sale\/wp-content\/uploads\/2023\/06\/etta-2-300x98.png\" alt=\"\" width=\"1007\" height=\"329\" srcset=\"https:\/\/factory.sale\/wp-content\/uploads\/2023\/06\/etta-2-300x98.png 300w, https:\/\/factory.sale\/wp-content\/uploads\/2023\/06\/etta-2-1024x335.png 1024w, https:\/\/factory.sale\/wp-content\/uploads\/2023\/06\/etta-2-150x49.png 150w, https:\/\/factory.sale\/wp-content\/uploads\/2023\/06\/etta-2-1536x502.png 1536w, https:\/\/factory.sale\/wp-content\/uploads\/2023\/06\/etta-2-2048x670.png 2048w, https:\/\/factory.sale\/wp-content\/uploads\/2023\/06\/etta-2-600x196.png 600w\" sizes=\"auto, (max-width: 1007px) 100vw, 1007px\" \/><\/strong><\/p>\n<p>&nbsp;<\/p>\n<p><strong>Etta:<\/strong><\/p>\n<ul>\n<li>l\u00e4htee liikkeelle helposti<\/li>\n<li>auttaa py\u00f6r\u00e4ilem\u00e4\u00e4n ilman vaivaa tai hike\u00e4<\/li>\n<li>tekee palveluksen ymp\u00e4rist\u00f6lle<\/li>\n<\/ul>\n<p><strong>TYYLIK\u00c4S JA MUKAVA<\/strong><\/p>\n<p>Oolterin s\u00e4hk\u00f6py\u00f6r\u00e4t ovat kevyit\u00e4 ja n\u00e4ytt\u00e4v\u00e4t tavallisilta py\u00f6rilt\u00e4. Py\u00f6r\u00e4 on saatavilla kiilt\u00e4v\u00e4n punaisella tai valkoisella rungolla. Voit valita rungon my\u00f6s n\u00e4till\u00e4 ornamentilla. Kaikki vaihtoehdot n\u00e4ytt\u00e4v\u00e4t hyvin tyylikk\u00e4ilt\u00e4.<\/p>\n<p>Runkokoot S ja M soveltuvat 160-185 cm pituisille. Yhdist\u00e4 t\u00e4m\u00e4 s\u00e4\u00e4dett\u00e4v\u00e4\u00e4n istuimeen, s\u00e4\u00e4dett\u00e4v\u00e4\u00e4n ohjainkannattimeen ja mahdollisimman mukava ajoasento on taattu.<\/p>\n<p>&nbsp;<\/p>\n<p><strong>KIINTE\u00c4 TAI S\u00c4\u00c4DETT\u00c4V\u00c4 OHJAINKANNATIN<\/strong><\/p>\n<p>Voit valita joko kiinte\u00e4n tai s\u00e4\u00e4dett\u00e4v\u00e4n ohjainkannattimen. Mukava ajoasento taattu!<\/p>\n<p>&nbsp;<\/p>\n<p><strong>VALITSE NOPEUS JA POLJINAVUSTUKSEN TASO<\/strong><\/p>\n<p>Ajokokemus on erinomainen kiitos nerokkaan runkogeometrian \u2013 p\u00e4\u00e4set py\u00f6r\u00e4ilem\u00e4\u00e4n selk\u00e4 pystyss\u00e4 jopa mekko tai hame p\u00e4\u00e4ll\u00e4.<\/p>\n<p>Poljinapu auttaa sinua saavuttamaan 25 km\/h nopeuden, mink\u00e4 huomaa viimeist\u00e4\u00e4n silloin, kun muut py\u00f6r\u00e4ilij\u00e4t j\u00e4\u00e4v\u00e4t taaksesi yl\u00e4m\u00e4ess\u00e4, vastatuulessa tai paikalta l\u00e4htiess\u00e4.<\/p>\n<p>&nbsp;<\/p>\n<p><strong>TARPEEKSI KANTAMAA KAUPUNKIAJOILLE<\/strong><\/p>\n<p>Eke tukee sinua poljinavustuksella 45-80 km matkan, riippuen monista tekij\u00f6ist\u00e4, kuten avustustasosta (0-5), maastosta, tuulesta, l\u00e4mp\u00f6tilasta, ajotyylist\u00e4, nopeudesta jne.<\/p>\n<p>Panasonic-akku, jota Teslakin k\u00e4ytt\u00e4\u00e4, riitt\u00e4\u00e4 yleens\u00e4 p\u00e4ivitt\u00e4iseen ty\u00f6matkailuun aivan mainiosti.<\/p>\n<p>&nbsp;<\/p>\n<p><strong>TEHOKKAAT LEVYJARRUT<\/strong><\/p>\n<p>Levyjarrut mahdollistavat tarkemman jarrutuksen, mik\u00e4 tekee py\u00f6r\u00e4n lukkiutumisesta v\u00e4hemm\u00e4n todenn\u00e4k\u00f6ist\u00e4. Jarrutuksen hallitseminen on tavallista helpompaa, eik\u00e4 edes voimakkaalla sateella ole k\u00e4yt\u00e4nn\u00f6ss\u00e4 mit\u00e4\u00e4n vaikutusta pys\u00e4htymiskykyyn.<\/p>\n<p><strong><img loading=\"lazy\" decoding=\"async\" class=\"alignnone wp-image-28733\" src=\"https:\/\/factory.sale\/wp-content\/uploads\/2023\/06\/etta-1-300x103.png\" alt=\"\" width=\"1054\" height=\"362\" srcset=\"https:\/\/factory.sale\/wp-content\/uploads\/2023\/06\/etta-1-300x103.png 300w, https:\/\/factory.sale\/wp-content\/uploads\/2023\/06\/etta-1-1024x351.png 1024w, https:\/\/factory.sale\/wp-content\/uploads\/2023\/06\/etta-1-150x51.png 150w, https:\/\/factory.sale\/wp-content\/uploads\/2023\/06\/etta-1-1536x527.png 1536w, https:\/\/factory.sale\/wp-content\/uploads\/2023\/06\/etta-1-2048x703.png 2048w, https:\/\/factory.sale\/wp-content\/uploads\/2023\/06\/etta-1-600x206.png 600w\" sizes=\"auto, (max-width: 1054px) 100vw, 1054px\" \/><\/strong><\/p>\n<p>&nbsp;<\/p>\n<p>&nbsp;<\/p>\n<p><strong>V\u00e4rit saatavilla:<\/strong><\/p>\n<ul>\n<li>Chili red<\/li>\n<\/ul>\n<p><img loading=\"lazy\" decoding=\"async\" class=\"alignnone wp-image-28734\" src=\"https:\/\/factory.sale\/wp-content\/uploads\/2023\/06\/red-300x261.png\" alt=\"\" width=\"430\" height=\"374\" srcset=\"https:\/\/factory.sale\/wp-content\/uploads\/2023\/06\/red-300x261.png 300w, https:\/\/factory.sale\/wp-content\/uploads\/2023\/06\/red-1024x891.png 1024w, https:\/\/factory.sale\/wp-content\/uploads\/2023\/06\/red-150x131.png 150w, https:\/\/factory.sale\/wp-content\/uploads\/2023\/06\/red-600x522.png 600w, https:\/\/factory.sale\/wp-content\/uploads\/2023\/06\/red.png 1140w\" sizes=\"auto, (max-width: 430px) 100vw, 430px\" \/><\/p>\n<ul>\n<li>Chili red art<\/li>\n<\/ul>\n<p><img loading=\"lazy\" decoding=\"async\" class=\"alignnone wp-image-28737\" src=\"https:\/\/factory.sale\/wp-content\/uploads\/2023\/06\/red-art-300x245.png\" alt=\"\" width=\"430\" height=\"351\" srcset=\"https:\/\/factory.sale\/wp-content\/uploads\/2023\/06\/red-art-300x245.png 300w, https:\/\/factory.sale\/wp-content\/uploads\/2023\/06\/red-art-1024x837.png 1024w, https:\/\/factory.sale\/wp-content\/uploads\/2023\/06\/red-art-150x123.png 150w, https:\/\/factory.sale\/wp-content\/uploads\/2023\/06\/red-art-600x490.png 600w, https:\/\/factory.sale\/wp-content\/uploads\/2023\/06\/red-art.png 1136w\" sizes=\"auto, (max-width: 430px) 100vw, 430px\" \/><\/p>\n<p>&nbsp;<\/p>\n<p>&nbsp;<\/p>\n<ul>\n<li>Daisy white<\/li>\n<\/ul>\n<p>&nbsp;<\/p>\n<p><img loading=\"lazy\" decoding=\"async\" class=\"alignnone wp-image-28743\" src=\"https:\/\/factory.sale\/wp-content\/uploads\/2023\/06\/daisy-white-300x245.png\" alt=\"\" width=\"453\" height=\"370\" srcset=\"https:\/\/factory.sale\/wp-content\/uploads\/2023\/06\/daisy-white-300x245.png 300w, https:\/\/factory.sale\/wp-content\/uploads\/2023\/06\/daisy-white-1024x835.png 1024w, https:\/\/factory.sale\/wp-content\/uploads\/2023\/06\/daisy-white-150x122.png 150w, https:\/\/factory.sale\/wp-content\/uploads\/2023\/06\/daisy-white-600x489.png 600w, https:\/\/factory.sale\/wp-content\/uploads\/2023\/06\/daisy-white.png 1138w\" sizes=\"auto, (max-width: 453px) 100vw, 453px\" \/><\/p>\n<ul>\n<li>Daisy white art<\/li>\n<\/ul>\n<p>&nbsp;<\/p>\n<p><img loading=\"lazy\" decoding=\"async\" class=\"alignnone wp-image-28746\" src=\"https:\/\/factory.sale\/wp-content\/uploads\/2023\/06\/daisy-white-art-300x237.png\" alt=\"\" width=\"451\" height=\"356\" srcset=\"https:\/\/factory.sale\/wp-content\/uploads\/2023\/06\/daisy-white-art-300x237.png 300w, https:\/\/factory.sale\/wp-content\/uploads\/2023\/06\/daisy-white-art-1024x810.png 1024w, https:\/\/factory.sale\/wp-content\/uploads\/2023\/06\/daisy-white-art-150x119.png 150w, https:\/\/factory.sale\/wp-content\/uploads\/2023\/06\/daisy-white-art-600x475.png 600w, https:\/\/factory.sale\/wp-content\/uploads\/2023\/06\/daisy-white-art.png 1140w\" sizes=\"auto, (max-width: 451px) 100vw, 451px\" \/><\/p>\n<p>&nbsp;<\/p>\n<p>&nbsp;<\/p>\n<p><strong>TEKNISET TIEDOT:<\/strong><\/p>\n<ul>\n<li>Enimm\u00e4isnopeus poljinavustuksella: 25 km\/h<\/li>\n<li>Kantama: 45-80 km*<\/li>\n<li>Py\u00f6r\u00e4ilij\u00e4n enimm\u00e4ispaino: 120 kg<\/li>\n<li>Runko: Alumiiniseos 6061<\/li>\n<li>Jarrut: Edess\u00e4 ja takana levyjarrut<\/li>\n<li>Rataspakka: Shimano, 7 vaihdetta<\/li>\n<li>Moottori: Direct drive rear hub motor, 250 W<\/li>\n<li>Renkaat: Wanda 28\u2019 \/ 700C x 35 with reflective strip<\/li>\n<li>Akku: Panasonic, 7Ah, 36 V DC<\/li>\n<li>Laturi: output 42 \/2A, input 100-240V<\/li>\n<li>Latausaika: 3.5 h<\/li>\n<li>Suositeltava ik\u00e4: 14+<\/li>\n<li>Tuotteen nettopaino: 22 kg<\/li>\n<li>Runkokoot: S \/ M<\/li>\n<li>Py\u00f6r\u00e4n koko sopii k\u00e4ytt\u00e4j\u00e4n pituuteen: S: 155 \u2013 170 cm, M: 165-180 cm<\/li>\n<li>Poljinavustus: V\u00e4\u00e4nt\u00f6momentin tunnistava PAS 5:ll\u00e4<\/li>\n<li>Vaihteita: 7<\/li>\n<\/ul>\n<p>&nbsp;<\/p>\n<p>&nbsp;<\/p>\n<p>*Kantama-arvio perustuu kokeisiin, jossa oli kokonaispaino 75 kg (mukaan lukien py\u00f6r\u00e4), tasainen tie, l\u00e4mp\u00f6tila 23 \u00b0C, tuuli 2-3 m\/s. Todellisuudessa kantama riippuu py\u00f6r\u00e4ilij\u00e4n painosta, ajotyylist\u00e4, tuulesta, l\u00e4mp\u00f6tilasta, maastosta, nopeudesta, poljinavustuksen tasosta ja py\u00f6r\u00e4ilij\u00e4n polkemisesta.<\/p>\n<p>&nbsp;<\/p>\n<p>&nbsp;<\/p>\n<p><a href=\"https:\/\/factory.sale\/wp-content\/uploads\/2023\/06\/Oolter-v1.0-210x210-ENG.pdf\" target=\"_blank\" rel=\"noopener\">MANUAALINEN<\/a><\/p>\n<p>&nbsp;<\/p>\n<div class=\"video-wrapper \"><iframe loading=\"lazy\" title=\"OOLTER Electric City Bike ETTA\" width=\"500\" height=\"281\" src=\"https:\/\/www.youtube.com\/embed\/ToAOSLRmW04?feature=oembed\" frameborder=\"0\" allow=\"accelerometer; autoplay; clipboard-write; encrypted-media; gyroscope; picture-in-picture; web-share\" referrerpolicy=\"strict-origin-when-cross-origin\" allowfullscreen><\/iframe><\/div>\n","protected":false},"excerpt":{"rendered":"<p>Etta on suunniteltu mukaviin kaupunkiajoihin. N\u00e4tti, mutta mukava py\u00f6r\u00e4 naisille.<\/p>\n<p><strong>Etta:<\/strong><\/p>\n<ul>\n<li>l\u00e4htee liikkeelle helposti<\/li>\n<li>auttaa py\u00f6r\u00e4ilem\u00e4\u00e4n ilman vaivaa tai hike\u00e4<\/li>\n<li>tekee palveluksen ymp\u00e4rist\u00f6lle<\/li>\n<\/ul>\n","protected":false},"featured_media":28751,"comment_status":"open","ping_status":"closed","template":"","meta":{"_acf_changed":false},"factory":[],"free-shipment":[],"product_brand":[],"product_cat":[2503,1311],"product_tag":[],"class_list":{"0":"post-28762","1":"product","2":"type-product","3":"status-publish","4":"has-post-thumbnail","6":"product_cat-e-pyora","7":"product_cat-viihde-elektroniikka","9":"first","10":"instock","11":"sale","12":"taxable","13":"shipping-taxable","14":"purchasable","15":"product-type-simple"},"acf":[],"_links":{"self":[{"href":"https:\/\/factory.sale\/fi\/wp-json\/wp\/v2\/product\/28762","targetHints":{"allow":["GET"]}}],"collection":[{"href":"https:\/\/factory.sale\/fi\/wp-json\/wp\/v2\/product"}],"about":[{"href":"https:\/\/factory.sale\/fi\/wp-json\/wp\/v2\/types\/product"}],"replies":[{"embeddable":true,"href":"https:\/\/factory.sale\/fi\/wp-json\/wp\/v2\/comments?post=28762"}],"wp:featuredmedia":[{"embeddable":true,"href":"https:\/\/factory.sale\/fi\/wp-json\/wp\/v2\/media\/28751"}],"wp:attachment":[{"href":"https:\/\/factory.sale\/fi\/wp-json\/wp\/v2\/media?parent=28762"}],"wp:term":[{"taxonomy":"factory","embeddable":true,"href":"https:\/\/factory.sale\/fi\/wp-json\/wp\/v2\/factory?post=28762"},{"taxonomy":"free-shipment","embeddable":true,"href":"https:\/\/factory.sale\/fi\/wp-json\/wp\/v2\/free-shipment?post=28762"},{"taxonomy":"product_brand","embeddable":true,"href":"https:\/\/factory.sale\/fi\/wp-json\/wp\/v2\/product_brand?post=28762"},{"taxonomy":"product_cat","embeddable":true,"href":"https:\/\/factory.sale\/fi\/wp-json\/wp\/v2\/product_cat?post=28762"},{"taxonomy":"product_tag","embeddable":true,"href":"https:\/\/factory.sale\/fi\/wp-json\/wp\/v2\/product_tag?post=28762"}],"curies":[{"name":"wp","href":"https:\/\/api.w.org\/{rel}","templated":true}]}}