{"id":28700,"date":"2023-06-06T08:22:22","date_gmt":"2023-06-06T09:35:59","guid":{"rendered":"https:\/\/factory.sale\/?post_type=product&#038;p=28700"},"modified":"2024-06-27T01:03:27","modified_gmt":"2024-06-27T01:03:27","slug":"e-polkupyora-oolter-eke-m","status":"publish","type":"product","link":"https:\/\/factory.sale\/fi\/tuote\/e-polkupyora-oolter-eke-m\/","title":{"rendered":"E-polkupy\u00f6r\u00e4 Oolter Eke M"},"content":{"rendered":"<p><strong>SKU: EBOT410<\/strong><\/p>\n<p>&nbsp;<\/p>\n<p><strong>MIK\u00c4 ON EKE &#8211; MIESTEN PY\u00d6R\u00c4?<\/strong><\/p>\n<p>Eke on yst\u00e4v\u00e4llinen kumppani jokap\u00e4iv\u00e4isiin kaupunkimatkoihin. Aloita p\u00e4iv\u00e4si Eke:ll\u00e4 ja hyv\u00e4 fiilis on taattu koko p\u00e4iv\u00e4ksi.<\/p>\n<p><strong><img loading=\"lazy\" decoding=\"async\" class=\"alignnone wp-image-28696\" src=\"https:\/\/factory.sale\/wp-content\/uploads\/2023\/06\/e-bike-300x99.png\" alt=\"\" width=\"1441\" height=\"475\" srcset=\"https:\/\/factory.sale\/wp-content\/uploads\/2023\/06\/e-bike-300x99.png 300w, https:\/\/factory.sale\/wp-content\/uploads\/2023\/06\/e-bike-1024x338.png 1024w, https:\/\/factory.sale\/wp-content\/uploads\/2023\/06\/e-bike-150x50.png 150w, https:\/\/factory.sale\/wp-content\/uploads\/2023\/06\/e-bike-2048x677.png 2048w, https:\/\/factory.sale\/wp-content\/uploads\/2023\/06\/e-bike-600x198.png 600w\" sizes=\"auto, (max-width: 1441px) 100vw, 1441px\" \/><\/strong><\/p>\n<p>&nbsp;<\/p>\n<p><strong>Kun ajat Ekell\u00e4:<\/strong><\/p>\n<ul>\n<li>pysy aktiivisena hikoilematta<\/li>\n<li>teet palveluksen ymp\u00e4rist\u00f6lle<\/li>\n<\/ul>\n<p>&nbsp;<\/p>\n<p>&nbsp;<\/p>\n<p><strong>TYYLIK\u00c4S JA MUKAVA<\/strong><\/p>\n<p>Oolterin s\u00e4hk\u00f6py\u00f6r\u00e4t ovat kevyit\u00e4 ja n\u00e4ytt\u00e4v\u00e4t tavallisilta py\u00f6rilt\u00e4. Py\u00f6r\u00e4 on saatavilla kiilt\u00e4v\u00e4n tummansinisell\u00e4 tai tummanharmaalla rungolla. Voit valita rungon my\u00f6s n\u00e4till\u00e4 ornamentilla. Runkokoot M ja L sopivat melkeinp\u00e4 kaikille py\u00f6r\u00e4ilij\u00f6ille v\u00e4lill\u00e4 160-190 cm. Yhdist\u00e4 t\u00e4m\u00e4 s\u00e4\u00e4dett\u00e4v\u00e4\u00e4n istuimeen, s\u00e4\u00e4dett\u00e4v\u00e4\u00e4n ohjainkannattimeen ja mahdollisimman mukava ajoasento on taattu.<\/p>\n<p>&nbsp;<\/p>\n<p>&nbsp;<\/p>\n<p><strong>KIINTE\u00c4 TAI S\u00c4\u00c4DETT\u00c4V\u00c4 OHJAINKANNATIN<\/strong><\/p>\n<p>Voit valita joko kiinte\u00e4n tai s\u00e4\u00e4dett\u00e4v\u00e4n ohjainkannattimen. Mukava ajoasento taattu!<\/p>\n<p>&nbsp;<\/p>\n<p>&nbsp;<\/p>\n<p><strong>VALITSE NOPEUS JA POLJINAVUSTUKSEN TASO<\/strong><\/p>\n<p>Ajokokemus on erinomainen kiitos nerokkaan runkogeometrian ja herk\u00e4n v\u00e4\u00e4nt\u00f6momentin tunnistavan poljinavun. Poljinapu auttaa sinua saavuttamaan 25 km\/h nopeuden, mink\u00e4 huomaa viimeist\u00e4\u00e4n silloin, kun muut py\u00f6r\u00e4ilij\u00e4t j\u00e4\u00e4v\u00e4t taaksesi yl\u00e4m\u00e4ess\u00e4, vastatuulessa tai paikalta l\u00e4htiess\u00e4.<\/p>\n<p>&nbsp;<\/p>\n<p>&nbsp;<\/p>\n<p><strong>TARPEEKSI KANTAMAA KAUPUNKIAJOILLE<\/strong><\/p>\n<p>Eke tukee sinua poljinavustuksella 45-80 km matkan, riippuen monista tekij\u00f6ist\u00e4, kuten avustustasosta (0-5), maastosta, tuulesta, l\u00e4mp\u00f6tilasta, ajotyylist\u00e4, nopeudesta jne. Panasonic-akku, jota Teslakin k\u00e4ytt\u00e4\u00e4, riitt\u00e4\u00e4 yleens\u00e4 p\u00e4ivitt\u00e4iseen ty\u00f6matkailuun aivan mainiosti.<\/p>\n<p>&nbsp;<\/p>\n<p><strong>TEHOKKAAT LEVYJARRUT<\/strong><\/p>\n<p>Levyjarrut mahdollistavat tarkemman jarrutuksen, mik\u00e4 tekee py\u00f6r\u00e4n lukkiutumisesta v\u00e4hemm\u00e4n todenn\u00e4k\u00f6ist\u00e4. Jarrutuksen hallitseminen on tavallista helpompaa.<\/p>\n<p>Voit jarruttaa yhdell\u00e4 sormella pys\u00e4hty\u00e4ksesi suurella nopeudella, eik\u00e4 edes voimakkaalla sateella ole k\u00e4yt\u00e4nn\u00f6ss\u00e4 mit\u00e4\u00e4n vaikutusta pys\u00e4htymiskykyyn \u2013 t\u00e4ydellinen s\u00e4hk\u00f6py\u00f6r\u00e4lle.<\/p>\n<p>&nbsp;<\/p>\n<p>&nbsp;<\/p>\n<p><strong>Saatavilla v\u00e4rej\u00e4:<\/strong><\/p>\n<p>&nbsp;<\/p>\n<ul>\n<li>Denim Blue<\/li>\n<\/ul>\n<p><strong><img loading=\"lazy\" decoding=\"async\" class=\"alignnone wp-image-28682\" src=\"https:\/\/factory.sale\/wp-content\/uploads\/2023\/06\/oolter-eke-man-300x240.png\" alt=\"\" width=\"489\" height=\"391\" srcset=\"https:\/\/factory.sale\/wp-content\/uploads\/2023\/06\/oolter-eke-man-300x240.png 300w, https:\/\/factory.sale\/wp-content\/uploads\/2023\/06\/oolter-eke-man-150x120.png 150w, https:\/\/factory.sale\/wp-content\/uploads\/2023\/06\/oolter-eke-man-600x480.png 600w, https:\/\/factory.sale\/wp-content\/uploads\/2023\/06\/oolter-eke-man.png 750w\" sizes=\"auto, (max-width: 489px) 100vw, 489px\" \/><\/strong><\/p>\n<ul>\n<li>Denim Blue Art<\/li>\n<\/ul>\n<p><img loading=\"lazy\" decoding=\"async\" class=\"alignnone wp-image-28685\" src=\"https:\/\/factory.sale\/wp-content\/uploads\/2023\/06\/denim-blue-art-300x262.png\" alt=\"\" width=\"493\" height=\"431\" srcset=\"https:\/\/factory.sale\/wp-content\/uploads\/2023\/06\/denim-blue-art-300x262.png 300w, https:\/\/factory.sale\/wp-content\/uploads\/2023\/06\/denim-blue-art-150x131.png 150w, https:\/\/factory.sale\/wp-content\/uploads\/2023\/06\/denim-blue-art-600x524.png 600w, https:\/\/factory.sale\/wp-content\/uploads\/2023\/06\/denim-blue-art.png 974w\" sizes=\"auto, (max-width: 493px) 100vw, 493px\" \/><\/p>\n<ul>\n<li>Olive Black<\/li>\n<\/ul>\n<p><img loading=\"lazy\" decoding=\"async\" class=\"alignnone wp-image-28688\" src=\"https:\/\/factory.sale\/wp-content\/uploads\/2023\/06\/olive-black-300x253.png\" alt=\"\" width=\"488\" height=\"412\" srcset=\"https:\/\/factory.sale\/wp-content\/uploads\/2023\/06\/olive-black-300x253.png 300w, https:\/\/factory.sale\/wp-content\/uploads\/2023\/06\/olive-black-150x126.png 150w, https:\/\/factory.sale\/wp-content\/uploads\/2023\/06\/olive-black-600x506.png 600w, https:\/\/factory.sale\/wp-content\/uploads\/2023\/06\/olive-black.png 1016w\" sizes=\"auto, (max-width: 488px) 100vw, 488px\" \/><\/p>\n<ul>\n<li>Olive Black Art<\/li>\n<\/ul>\n<p>&nbsp;<\/p>\n<p><img loading=\"lazy\" decoding=\"async\" class=\"alignnone wp-image-28691\" src=\"https:\/\/factory.sale\/wp-content\/uploads\/2023\/06\/Olive-black-art-300x233.png\" alt=\"\" width=\"487\" height=\"379\" srcset=\"https:\/\/factory.sale\/wp-content\/uploads\/2023\/06\/Olive-black-art-300x233.png 300w, https:\/\/factory.sale\/wp-content\/uploads\/2023\/06\/Olive-black-art-1024x796.png 1024w, https:\/\/factory.sale\/wp-content\/uploads\/2023\/06\/Olive-black-art-150x117.png 150w, https:\/\/factory.sale\/wp-content\/uploads\/2023\/06\/Olive-black-art-600x467.png 600w, https:\/\/factory.sale\/wp-content\/uploads\/2023\/06\/Olive-black-art.png 1116w\" sizes=\"auto, (max-width: 487px) 100vw, 487px\" \/><\/p>\n<p>&nbsp;<\/p>\n<p>&nbsp;<\/p>\n<p>&nbsp;<\/p>\n<p>&nbsp;<\/p>\n<p><strong>Tekniset tiedot:\u00a0<\/strong><\/p>\n<ul>\n<li>Enimm\u00e4isnopeus poljinavustuksella: 25 km\/h<\/li>\n<li>Kantama: 45-80 km*<\/li>\n<li>Py\u00f6r\u00e4ilij\u00e4n enimm\u00e4ispaino: 120 kg<\/li>\n<li>Runko: Alumiiniseos 6061<\/li>\n<li>Jarrut: Edess\u00e4 ja takana levyjarrut<\/li>\n<li>Rataspakka: Shimano, 7 vaihdetta<\/li>\n<li>Moottori: Direct drive rear hub motor, 250 W<\/li>\n<li>Renkaat: Wanda 28\u2019 \/ 700C x 35 with reflective strip<\/li>\n<li>Akku: Panasonic, 7Ah, 36 V DC<\/li>\n<li>Laturi: output 42 \/2A, input 100-240V<\/li>\n<li>Latausaika: 3.5 h<\/li>\n<li>Suositeltava ik\u00e4: 14+<\/li>\n<li>Tuotteen nettopaino: 22 kg<\/li>\n<li>Runkokoot: M \/ L<\/li>\n<li>Py\u00f6r\u00e4n koko sopii k\u00e4ytt\u00e4j\u00e4n pituuteen: M: 160 \u2013 180 cm, L: 175-190 cm<\/li>\n<li>Poljinavustus: V\u00e4\u00e4nt\u00f6momentin tunnistava PAS 5:ll\u00e4<\/li>\n<li>Vaihteita: 7<\/li>\n<\/ul>\n<p>&nbsp;<\/p>\n<p><em>*Kantama-arvio perustuu kokeisiin, jossa oli kokonaispaino 75 kg (mukaan lukien py\u00f6r\u00e4), tasainen tie, l\u00e4mp\u00f6tila 23 \u00b0C, tuuli 2-3 m\/s. Todellisuudessa kantama riippuu py\u00f6r\u00e4ilij\u00e4n painosta, ajotyylist\u00e4, tuulesta, l\u00e4mp\u00f6tilasta, maastosta, nopeudesta, poljinavustuksen tasosta ja py\u00f6r\u00e4ilij\u00e4n polkemisesta.<\/em><\/p>\n<p>&nbsp;<\/p>\n<p><a href=\"https:\/\/factory.sale\/wp-content\/uploads\/2023\/06\/Oolter-v1.0-210x210-ENG.pdf\" target=\"_blank\" rel=\"noopener\">MANUAALINEN<\/a><\/p>\n<p>&nbsp;<\/p>\n<div class=\"video-wrapper \"><iframe loading=\"lazy\" title=\"OOLTER Electric City Bike ETTA\" width=\"500\" height=\"281\" src=\"https:\/\/www.youtube.com\/embed\/ToAOSLRmW04?feature=oembed\" frameborder=\"0\" allow=\"accelerometer; autoplay; clipboard-write; encrypted-media; gyroscope; picture-in-picture; web-share\" referrerpolicy=\"strict-origin-when-cross-origin\" allowfullscreen><\/iframe><\/div>\n","protected":false},"excerpt":{"rendered":"<p><strong>MIK\u00c4 ON EKE &#8211; MIESTEN PY\u00d6R\u00c4?<\/strong><\/p>\n<p>Eke on yst\u00e4v\u00e4llinen kumppani jokap\u00e4iv\u00e4isiin kaupunkimatkoihin. Aloita p\u00e4iv\u00e4si Eke:ll\u00e4 ja hyv\u00e4 fiilis on taattu koko p\u00e4iv\u00e4ksi.<\/p>\n<p>&nbsp;<\/p>\n<p><strong>Kun ajat Ekell\u00e4:<\/strong><\/p>\n<ul>\n<li>pysy aktiivisena hikoilematta<\/li>\n<li>teet palveluksen ymp\u00e4rist\u00f6lle<\/li>\n<\/ul>\n<p>&nbsp;<\/p>\n","protected":false},"featured_media":28684,"comment_status":"open","ping_status":"closed","template":"","meta":{"_acf_changed":false},"factory":[],"free-shipment":[],"product_brand":[],"product_cat":[2503,1311],"product_tag":[],"class_list":{"0":"post-28700","1":"product","2":"type-product","3":"status-publish","4":"has-post-thumbnail","6":"product_cat-e-pyora","7":"product_cat-viihde-elektroniikka","9":"first","10":"instock","11":"sale","12":"taxable","13":"shipping-taxable","14":"purchasable","15":"product-type-simple"},"acf":[],"_links":{"self":[{"href":"https:\/\/factory.sale\/fi\/wp-json\/wp\/v2\/product\/28700","targetHints":{"allow":["GET"]}}],"collection":[{"href":"https:\/\/factory.sale\/fi\/wp-json\/wp\/v2\/product"}],"about":[{"href":"https:\/\/factory.sale\/fi\/wp-json\/wp\/v2\/types\/product"}],"replies":[{"embeddable":true,"href":"https:\/\/factory.sale\/fi\/wp-json\/wp\/v2\/comments?post=28700"}],"wp:featuredmedia":[{"embeddable":true,"href":"https:\/\/factory.sale\/fi\/wp-json\/wp\/v2\/media\/28684"}],"wp:attachment":[{"href":"https:\/\/factory.sale\/fi\/wp-json\/wp\/v2\/media?parent=28700"}],"wp:term":[{"taxonomy":"factory","embeddable":true,"href":"https:\/\/factory.sale\/fi\/wp-json\/wp\/v2\/factory?post=28700"},{"taxonomy":"free-shipment","embeddable":true,"href":"https:\/\/factory.sale\/fi\/wp-json\/wp\/v2\/free-shipment?post=28700"},{"taxonomy":"product_brand","embeddable":true,"href":"https:\/\/factory.sale\/fi\/wp-json\/wp\/v2\/product_brand?post=28700"},{"taxonomy":"product_cat","embeddable":true,"href":"https:\/\/factory.sale\/fi\/wp-json\/wp\/v2\/product_cat?post=28700"},{"taxonomy":"product_tag","embeddable":true,"href":"https:\/\/factory.sale\/fi\/wp-json\/wp\/v2\/product_tag?post=28700"}],"curies":[{"name":"wp","href":"https:\/\/api.w.org\/{rel}","templated":true}]}}