{"id":28669,"date":"2023-06-06T07:18:50","date_gmt":"2023-06-06T07:28:59","guid":{"rendered":"https:\/\/factory.sale\/?post_type=product&#038;p=28669"},"modified":"2024-06-28T12:46:01","modified_gmt":"2024-06-28T12:46:01","slug":"ergofinland-getupboard-rack-teline-6lle-gymballe","status":"publish","type":"product","link":"https:\/\/factory.sale\/fi\/tuote\/ergofinland-getupboard-rack-teline-6lle-gymballe\/","title":{"rendered":"ErgoFinland GetUpBoard-rack teline, 6:lle Gymba:lle"},"content":{"rendered":"<p><strong>Tuotekoodi: 3434BR<\/strong><br \/>\n<strong>EAN: 6430054931557<\/strong><\/p>\n<p>&nbsp;<\/p>\n<p><strong>100% Suomi tuote<\/strong><\/p>\n<p>GetUpBoard-rack telineess\u00e4 s\u00e4ilyt\u00e4t k\u00e4tev\u00e4sti 6 Gymba aktivointilautaa. Telineest\u00e4 on helppo ottaa Gymba k\u00e4ytt\u00f6\u00f6n ja p\u00e4iv\u00e4n p\u00e4\u00e4tteeksi laittaa takaisin telineeseen. Konttoreissa eritt\u00e4in selke\u00e4, siisti ja helppo ratkaisu s\u00e4ilytt\u00e4\u00e4 aktivointilaudat k\u00e4den ulottuvilla. Teline on valmistettu suomalaisesta koivuvanerista, se on laminoitu toiselta puolelta harmaaksi ja toiselta valkoiseksi. Teline on heti k\u00e4ytt\u00f6valmis ja toimitetaan valmiiksi koottuna.<\/p>\n<p>&nbsp;<\/p>\n<p><strong>Tekniset tiedot:<\/strong><\/p>\n<ul>\n<li>Leveys: 21,5 -35 cm<\/li>\n<li>Syvyys: 42 cm<\/li>\n<li>Korkeus: 31 cm<\/li>\n<li>Materiaali: Laminoitu koivuvaneri<\/li>\n<li>Paino: 2,1 kg<\/li>\n<li>Takuu: 5 vuotta<\/li>\n<li>V\u00e4ri: valko\/harmaa<\/li>\n<\/ul>\n","protected":false},"excerpt":{"rendered":"<p>GetUpBoard-rack telineess\u00e4 s\u00e4ilyt\u00e4t k\u00e4tev\u00e4sti 6 Gymba aktivointilautaa. Telineest\u00e4 on helppo ottaa Gymba k\u00e4ytt\u00f6\u00f6n ja p\u00e4iv\u00e4n p\u00e4\u00e4tteeksi laittaa takaisin telineeseen. Konttoreissa eritt\u00e4in selke\u00e4, siisti ja helppo ratkaisu s\u00e4ilytt\u00e4\u00e4 aktivointilaudat k\u00e4den ulottuvilla. Teline on valmistettu suomalaisesta koivuvanerista, se on laminoitu toiselta puolelta harmaaksi ja toiselta valkoiseksi. Teline on heti k\u00e4ytt\u00f6valmis ja toimitetaan valmiiksi koottuna.<\/p>\n","protected":false},"featured_media":28666,"comment_status":"open","ping_status":"closed","template":"","meta":{"_acf_changed":false},"factory":[],"free-shipment":[],"product_brand":[],"product_cat":[2491,1319],"product_tag":[],"class_list":{"0":"post-28669","1":"product","2":"type-product","3":"status-publish","4":"has-post-thumbnail","6":"product_cat-ergonomia","7":"product_cat-huonekalut","9":"first","10":"instock","11":"sale","12":"taxable","13":"shipping-taxable","14":"purchasable","15":"product-type-simple"},"acf":[],"_links":{"self":[{"href":"https:\/\/factory.sale\/fi\/wp-json\/wp\/v2\/product\/28669","targetHints":{"allow":["GET"]}}],"collection":[{"href":"https:\/\/factory.sale\/fi\/wp-json\/wp\/v2\/product"}],"about":[{"href":"https:\/\/factory.sale\/fi\/wp-json\/wp\/v2\/types\/product"}],"replies":[{"embeddable":true,"href":"https:\/\/factory.sale\/fi\/wp-json\/wp\/v2\/comments?post=28669"}],"wp:featuredmedia":[{"embeddable":true,"href":"https:\/\/factory.sale\/fi\/wp-json\/wp\/v2\/media\/28666"}],"wp:attachment":[{"href":"https:\/\/factory.sale\/fi\/wp-json\/wp\/v2\/media?parent=28669"}],"wp:term":[{"taxonomy":"factory","embeddable":true,"href":"https:\/\/factory.sale\/fi\/wp-json\/wp\/v2\/factory?post=28669"},{"taxonomy":"free-shipment","embeddable":true,"href":"https:\/\/factory.sale\/fi\/wp-json\/wp\/v2\/free-shipment?post=28669"},{"taxonomy":"product_brand","embeddable":true,"href":"https:\/\/factory.sale\/fi\/wp-json\/wp\/v2\/product_brand?post=28669"},{"taxonomy":"product_cat","embeddable":true,"href":"https:\/\/factory.sale\/fi\/wp-json\/wp\/v2\/product_cat?post=28669"},{"taxonomy":"product_tag","embeddable":true,"href":"https:\/\/factory.sale\/fi\/wp-json\/wp\/v2\/product_tag?post=28669"}],"curies":[{"name":"wp","href":"https:\/\/api.w.org\/{rel}","templated":true}]}}