{"id":28579,"date":"2023-06-05T19:35:43","date_gmt":"2023-06-05T19:44:51","guid":{"rendered":"https:\/\/factory.sale\/?post_type=product&#038;p=28579"},"modified":"2024-12-09T21:30:58","modified_gmt":"2024-12-09T18:30:58","slug":"gymba-elastinen-aktivointilauta-pink-blush","status":"publish","type":"product","link":"https:\/\/factory.sale\/fi\/tuote\/gymba-elastinen-aktivointilauta-pink-blush\/","title":{"rendered":"Gymba Elastinen aktivointilauta, pink blush"},"content":{"rendered":"<p><strong>Tuotekoodi: 3434R<\/strong><br \/>\n<strong>EAN:\u00a06430054931403<\/strong><\/p>\n<p>&nbsp;<\/p>\n<p>Gymba on uusi terve\u00e4mpi tapa ty\u00f6skennell\u00e4. Seisominen aktivointilaudalla pit\u00e4\u00e4 sinut liikkeess\u00e4. Saat jatkuvaa liikuntaa omassa ty\u00f6pisteess\u00e4si, aineenvaihduntasi sek\u00e4 verenkiertosi aktivoituu. Kulutat kaloreita paljon enemm\u00e4n kuin istuessasi tai seistess\u00e4si paikoillaan. Keskittymiskykysi paranee ja olet entist\u00e4 motivoituneempi ja virke\u00e4mpi. Gymba on elastinen ja on t\u00e4ysin valmistettu ja kehitetty Suomessa. Patentoitu elastisuus mahdollistaa monipuolisemman liikkeen.<\/p>\n<p>Gymba aktivointilauta on suunniteltu auttamaan sinua seisomaan oikein. Gymban k\u00e4ytt\u00f6 on helppoa. Laitat laudan vain jalkojesi alle ja siin\u00e4 kaikki. Lauta auttaa sinua tasapainottamaan seisomistasi ja mukautuu oman painosi mukaan. Aseta Gymba aktivointilauta seisovaan ty\u00f6pisteeseesi jalkojesi alle ja tee ty\u00f6t\u00e4 ihan normaalisti. Lauta auttaa sinua seisomaan oikein ja et rasita jalkojasi tai selk\u00e4\u00e4si yht\u00e4\u00e4n liikaa. Jos mahdollista seiso puolet ty\u00f6ajastasi Gymba laudan p\u00e4\u00e4ll\u00e4. Kivut h\u00e4vi\u00e4v\u00e4t, kuntosi paranee, syv\u00e4t lihakset saavat huomaamatta liikuntaa ja koko kehosi tila paranee. Huomaat t\u00e4m\u00e4n jo muutaman p\u00e4iv\u00e4n k\u00e4yt\u00f6n j\u00e4lkeen. T\u00e4m\u00e4n todistavat kliiniset kokeet ja Gymba laudan laaja testausjoukko.<\/p>\n<p>&nbsp;<\/p>\n<p><strong>Gymba hierontapallot<\/strong><\/p>\n<p>Gymban mukana tulee hierontapallot, jotka lievitt\u00e4v\u00e4t lihaskipua ja j\u00e4ykkyytt\u00e4 jaloissa. Pallot tehostavat verenkiertoa, lievitt\u00e4v\u00e4t stressi\u00e4 ja j\u00e4nnitys tiloja. On suositeltavaa aloittaa Gymba-hierontapallojen k\u00e4ytt\u00f6 lyhyemmiss\u00e4 jaksoissa ja lis\u00e4t\u00e4 k\u00e4ytt\u00f6\u00e4 asteittain tuntemusten mukaan. Kaksi kovuutta, koska jokainen kehonosa reagoi erilaisiin kovuuksiin erilailla.<\/p>\n<p>Gymba aktivointilauta on suunniteltu auttamaan sinua seisomaan oikein. Gymban k\u00e4ytt\u00f6 on helppoa. Laitat laudan vain jalkojesi alle ja siin\u00e4 kaikki. Lauta auttaa sinua tasapainottamaan seisomistasi ja mukautuu oman painosi mukaan. Aseta Gymba aktivointilauta seisovaan ty\u00f6pisteeseesi jalkojesi alle ja tee ty\u00f6t\u00e4 ihan normaalisti. Lauta auttaa sinua seisomaan oikein ja et rasita jalkojasi tai selk\u00e4\u00e4si yht\u00e4\u00e4n liikaa. Jos mahdollista seiso puolet ty\u00f6ajastasi Gymba laudan p\u00e4\u00e4ll\u00e4. Kivut h\u00e4vi\u00e4v\u00e4t, kuntosi paranee, syv\u00e4t lihakset saavat huomaamatta liikuntaa ja koko kehosi tila paranee. Huomaat t\u00e4m\u00e4n jo muutaman p\u00e4iv\u00e4n k\u00e4yt\u00f6n j\u00e4lkeen. T\u00e4m\u00e4n todistavat kliiniset kokeet ja Gymba laudan laaja testausjoukko.<\/p>\n<p>&nbsp;<\/p>\n<p><strong>Gymba hierontapallot<\/strong><\/p>\n<p>Gymban mukana tulee hierontapallot, jotka lievitt\u00e4v\u00e4t lihaskipua ja j\u00e4ykkyytt\u00e4 jaloissa. Pallot tehostavat verenkiertoa, lievitt\u00e4v\u00e4t stressi\u00e4 ja j\u00e4nnitys tiloja. On suositeltavaa aloittaa Gymba-hierontapallojen k\u00e4ytt\u00f6 lyhyemmiss\u00e4 jaksoissa ja lis\u00e4t\u00e4 k\u00e4ytt\u00f6\u00e4 asteittain tuntemusten mukaan. Kaksi kovuutta, koska jokainen kehonosa reagoi erilaisiin kovuuksiin erilailla.<\/p>\n<p>&nbsp;<\/p>\n<p><strong><img loading=\"lazy\" decoding=\"async\" class=\"alignnone size-medium wp-image-28558\" src=\"https:\/\/factory.sale\/wp-content\/uploads\/2023\/06\/massage-balls-300x215.png\" alt=\"\" width=\"300\" height=\"215\" srcset=\"https:\/\/factory.sale\/wp-content\/uploads\/2023\/06\/massage-balls-300x215.png 300w, https:\/\/factory.sale\/wp-content\/uploads\/2023\/06\/massage-balls-150x108.png 150w, https:\/\/factory.sale\/wp-content\/uploads\/2023\/06\/massage-balls-600x431.png 600w, https:\/\/factory.sale\/wp-content\/uploads\/2023\/06\/massage-balls.png 638w\" sizes=\"auto, (max-width: 300px) 100vw, 300px\" \/><\/strong><\/p>\n<p>&nbsp;<\/p>\n<p>&nbsp;<\/p>\n<p><strong>Hy\u00f6tyj\u00e4 Gymban k\u00e4ytt\u00e4j\u00e4lle:<\/strong><\/p>\n<ul>\n<li>madaltaa kynnyst\u00e4 siirrytt\u00e4ess\u00e4 istumaty\u00f6st\u00e4 terveellisemp\u00e4\u00e4n seisomaty\u00f6h\u00f6n<\/li>\n<li>aktiivisen ja monipuolisen liikkeen ansiosta sairauspoissaolot v\u00e4henev\u00e4t<\/li>\n<li>aktivoi koko kehoa, erityisesti sel\u00e4n ja vatsan alueen syvi\u00e4 lihaksia<\/li>\n<li>parantaa sek\u00e4 ryhti\u00e4, tasapainoa ett\u00e4 reagointinopeutta<\/li>\n<li>vilkastuttaa verenkiertoa ja auttaa painon hallintaa<\/li>\n<li>ennaltaehk\u00e4isee tuki- ja liikuntaelinvaivoja<\/li>\n<li>aktivoi rasva-aineenvaihduntaa ja v\u00e4hent\u00e4\u00e4 n\u00e4in syd\u00e4n- ja verisuonisairausten riski\u00e4<\/li>\n<li>lis\u00e4\u00e4 ty\u00f6viihtyvyytt\u00e4, auttaa keskittym\u00e4\u00e4n ja v\u00e4hent\u00e4\u00e4 n\u00e4in my\u00f6s ty\u00f6per\u00e4isi\u00e4 poissaoloja<\/li>\n<\/ul>\n<p>&nbsp;<\/p>\n<p><strong>Tekniset tiedot<\/strong><\/p>\n<ul>\n<li>Leveys: 46,5 cm<\/li>\n<li>Syvyys: 30,5 cm<\/li>\n<li>Korkeus: 5,5 cm<\/li>\n<li>Materiali: luonnonkuitukomposiitti<\/li>\n<li>Paino: 1,5 kg<\/li>\n<li>Painoraja: kest\u00e4vyystesti takaa 300 kg asti<\/li>\n<li>Takuu 5 vuotta (runko)<\/li>\n<\/ul>\n<p>&nbsp;<\/p>\n<p>&nbsp;<\/p>\n<div class=\"video-wrapper \"><iframe loading=\"lazy\" title=\"Join the Gymba community\" width=\"500\" height=\"281\" src=\"https:\/\/www.youtube.com\/embed\/MitPpR54mxo?feature=oembed\" frameborder=\"0\" allow=\"accelerometer; autoplay; clipboard-write; encrypted-media; gyroscope; picture-in-picture; web-share\" referrerpolicy=\"strict-origin-when-cross-origin\" allowfullscreen><\/iframe><\/div>\n<div class=\"video-wrapper \"><iframe loading=\"lazy\" title=\"Gymballa kohti unelmia\" width=\"500\" height=\"281\" src=\"https:\/\/www.youtube.com\/embed\/_o7Odg-AVPA?feature=oembed\" frameborder=\"0\" allow=\"accelerometer; autoplay; clipboard-write; encrypted-media; gyroscope; picture-in-picture; web-share\" referrerpolicy=\"strict-origin-when-cross-origin\" allowfullscreen><\/iframe><\/div>\n","protected":false},"excerpt":{"rendered":"<p>Gymba on uusi terve\u00e4mpi tapa ty\u00f6skennell\u00e4. Seisominen aktivointilaudalla pit\u00e4\u00e4 sinut liikkeess\u00e4. Saat jatkuvaa liikuntaa omassa ty\u00f6pisteess\u00e4si, aineenvaihduntasi sek\u00e4 verenkiertosi aktivoituu. Kulutat kaloreita paljon enemm\u00e4n kuin istuessasi tai seistess\u00e4si paikoillaan. Keskittymiskykysi paranee ja olet entist\u00e4 motivoituneempi ja virke\u00e4mpi. Gymba on elastinen ja on t\u00e4ysin valmistettu ja kehitetty Suomessa. Patentoitu elastisuus mahdollistaa monipuolisemman liikkeen.<\/p>\n","protected":false},"featured_media":95864,"comment_status":"open","ping_status":"closed","template":"","meta":{"_acf_changed":false},"factory":[],"free-shipment":[],"product_brand":[],"product_cat":[2491,1319],"product_tag":[],"class_list":{"0":"post-28579","1":"product","2":"type-product","3":"status-publish","4":"has-post-thumbnail","6":"product_cat-ergonomia","7":"product_cat-huonekalut","9":"first","10":"instock","11":"sale","12":"taxable","13":"shipping-taxable","14":"purchasable","15":"product-type-simple"},"acf":[],"_links":{"self":[{"href":"https:\/\/factory.sale\/fi\/wp-json\/wp\/v2\/product\/28579","targetHints":{"allow":["GET"]}}],"collection":[{"href":"https:\/\/factory.sale\/fi\/wp-json\/wp\/v2\/product"}],"about":[{"href":"https:\/\/factory.sale\/fi\/wp-json\/wp\/v2\/types\/product"}],"replies":[{"embeddable":true,"href":"https:\/\/factory.sale\/fi\/wp-json\/wp\/v2\/comments?post=28579"}],"wp:featuredmedia":[{"embeddable":true,"href":"https:\/\/factory.sale\/fi\/wp-json\/wp\/v2\/media\/95864"}],"wp:attachment":[{"href":"https:\/\/factory.sale\/fi\/wp-json\/wp\/v2\/media?parent=28579"}],"wp:term":[{"taxonomy":"factory","embeddable":true,"href":"https:\/\/factory.sale\/fi\/wp-json\/wp\/v2\/factory?post=28579"},{"taxonomy":"free-shipment","embeddable":true,"href":"https:\/\/factory.sale\/fi\/wp-json\/wp\/v2\/free-shipment?post=28579"},{"taxonomy":"product_brand","embeddable":true,"href":"https:\/\/factory.sale\/fi\/wp-json\/wp\/v2\/product_brand?post=28579"},{"taxonomy":"product_cat","embeddable":true,"href":"https:\/\/factory.sale\/fi\/wp-json\/wp\/v2\/product_cat?post=28579"},{"taxonomy":"product_tag","embeddable":true,"href":"https:\/\/factory.sale\/fi\/wp-json\/wp\/v2\/product_tag?post=28579"}],"curies":[{"name":"wp","href":"https:\/\/api.w.org\/{rel}","templated":true}]}}