{"id":28458,"date":"2023-05-25T20:27:27","date_gmt":"2023-05-25T20:37:29","guid":{"rendered":"https:\/\/factory.sale\/?post_type=product&#038;p=28458"},"modified":"2024-06-25T11:21:00","modified_gmt":"2024-06-25T11:21:00","slug":"roskakori-k00400","status":"publish","type":"product","link":"https:\/\/factory.sale\/fi\/tuote\/roskakori-k00400\/","title":{"rendered":"Roskakori K004,00"},"content":{"rendered":"<p>Tukevat ja kauniit roskakorit sopivat ihanteellisesti puistoon tai kaupunkikuvan keskelle k\u00e4yt\u00e4nn\u00f6n teht\u00e4vien suorittamiseen.<br \/>\nLaadukas ja s\u00e4\u00e4nkest\u00e4v\u00e4. Ne kest\u00e4v\u00e4t kaikki s\u00e4\u00e4olosuhteet.<\/p>\n<p>&nbsp;<\/p>\n<p><strong>Tuotetiedot:<\/strong><\/p>\n<ul>\n<li>K004,00<\/li>\n<li>Roskakori<\/li>\n<li>Materiaali: ruostumaton ter\u00e4s<\/li>\n<\/ul>\n<p>&nbsp;<\/p>\n<p>&nbsp;<\/p>\n<p><strong>Mitat:<\/strong><\/p>\n<p><img loading=\"lazy\" decoding=\"async\" class=\"alignnone wp-image-28454\" src=\"https:\/\/factory.sale\/wp-content\/uploads\/2023\/05\/litter-bin-2-300x115.png\" alt=\"\" width=\"561\" height=\"215\" srcset=\"https:\/\/factory.sale\/wp-content\/uploads\/2023\/05\/litter-bin-2-300x115.png 300w, https:\/\/factory.sale\/wp-content\/uploads\/2023\/05\/litter-bin-2-1024x394.png 1024w, https:\/\/factory.sale\/wp-content\/uploads\/2023\/05\/litter-bin-2-150x58.png 150w, https:\/\/factory.sale\/wp-content\/uploads\/2023\/05\/litter-bin-2-600x231.png 600w, https:\/\/factory.sale\/wp-content\/uploads\/2023\/05\/litter-bin-2.png 1420w\" sizes=\"auto, (max-width: 561px) 100vw, 561px\" \/><\/p>\n","protected":false},"excerpt":{"rendered":"<p>Tukevat ja kauniit roskakorit sopivat ihanteellisesti puistoon tai kaupunkikuvan keskelle k\u00e4yt\u00e4nn\u00f6n teht\u00e4vien suorittamiseen.<br \/>\nLaadukas ja s\u00e4\u00e4nkest\u00e4v\u00e4. Ne kest\u00e4v\u00e4t kaikki s\u00e4\u00e4olosuhteet.<\/p>\n","protected":false},"featured_media":28484,"comment_status":"open","ping_status":"closed","template":"","meta":{"_acf_changed":false},"factory":[],"free-shipment":[],"product_brand":[],"product_cat":[1338,1336],"product_tag":[],"class_list":{"0":"post-28458","1":"product","2":"type-product","3":"status-publish","4":"has-post-thumbnail","6":"product_cat-jateastiat","7":"product_cat-kaupunkihuonekalut","9":"first","10":"instock","11":"sale","12":"taxable","13":"shipping-taxable","14":"purchasable","15":"product-type-simple"},"acf":[],"_links":{"self":[{"href":"https:\/\/factory.sale\/fi\/wp-json\/wp\/v2\/product\/28458","targetHints":{"allow":["GET"]}}],"collection":[{"href":"https:\/\/factory.sale\/fi\/wp-json\/wp\/v2\/product"}],"about":[{"href":"https:\/\/factory.sale\/fi\/wp-json\/wp\/v2\/types\/product"}],"replies":[{"embeddable":true,"href":"https:\/\/factory.sale\/fi\/wp-json\/wp\/v2\/comments?post=28458"}],"wp:featuredmedia":[{"embeddable":true,"href":"https:\/\/factory.sale\/fi\/wp-json\/wp\/v2\/media\/28484"}],"wp:attachment":[{"href":"https:\/\/factory.sale\/fi\/wp-json\/wp\/v2\/media?parent=28458"}],"wp:term":[{"taxonomy":"factory","embeddable":true,"href":"https:\/\/factory.sale\/fi\/wp-json\/wp\/v2\/factory?post=28458"},{"taxonomy":"free-shipment","embeddable":true,"href":"https:\/\/factory.sale\/fi\/wp-json\/wp\/v2\/free-shipment?post=28458"},{"taxonomy":"product_brand","embeddable":true,"href":"https:\/\/factory.sale\/fi\/wp-json\/wp\/v2\/product_brand?post=28458"},{"taxonomy":"product_cat","embeddable":true,"href":"https:\/\/factory.sale\/fi\/wp-json\/wp\/v2\/product_cat?post=28458"},{"taxonomy":"product_tag","embeddable":true,"href":"https:\/\/factory.sale\/fi\/wp-json\/wp\/v2\/product_tag?post=28458"}],"curies":[{"name":"wp","href":"https:\/\/api.w.org\/{rel}","templated":true}]}}