{"id":28448,"date":"2023-05-25T20:17:52","date_gmt":"2023-05-25T20:25:30","guid":{"rendered":"https:\/\/factory.sale\/?post_type=product&#038;p=28448"},"modified":"2024-06-26T12:54:53","modified_gmt":"2024-06-26T12:54:53","slug":"roskakori-intel","status":"publish","type":"product","link":"https:\/\/factory.sale\/fi\/tuote\/roskakori-intel\/","title":{"rendered":"Roskakori Intel"},"content":{"rendered":"<p>Tukevat ja kauniit roskakorit sopivat ihanteellisesti puistoon tai kaupunkikuvan keskelle k\u00e4yt\u00e4nn\u00f6n teht\u00e4vien suorittamiseen.<br \/>\nLaadukas ja s\u00e4\u00e4nkest\u00e4v\u00e4. Ne kest\u00e4v\u00e4t kaikki s\u00e4\u00e4olosuhteet.<\/p>\n<p>&nbsp;<\/p>\n<p><strong>Tuotetiedot:<\/strong><\/p>\n<ul>\n<li>KIT 103,00<\/li>\n<li>INTELin roskakori<\/li>\n<li>Materiaali: ruostumaton ter\u00e4s<\/li>\n<\/ul>\n<p>&nbsp;<\/p>\n<p><strong>Mitat:<\/strong><\/p>\n<p><img loading=\"lazy\" decoding=\"async\" class=\"alignnone wp-image-28445\" src=\"https:\/\/factory.sale\/wp-content\/uploads\/2023\/05\/litter-bin-285x300.png\" alt=\"\" width=\"328\" height=\"345\" srcset=\"https:\/\/factory.sale\/wp-content\/uploads\/2023\/05\/litter-bin-285x300.png 285w, https:\/\/factory.sale\/wp-content\/uploads\/2023\/05\/litter-bin-142x150.png 142w, https:\/\/factory.sale\/wp-content\/uploads\/2023\/05\/litter-bin-600x633.png 600w, https:\/\/factory.sale\/wp-content\/uploads\/2023\/05\/litter-bin.png 812w\" sizes=\"auto, (max-width: 328px) 100vw, 328px\" \/><\/p>\n","protected":false},"excerpt":{"rendered":"<p>Tukevat ja kauniit roskakorit sopivat ihanteellisesti puistoon tai kaupunkikuvan keskelle k\u00e4yt\u00e4nn\u00f6n teht\u00e4vien suorittamiseen.<br \/>\nLaadukas ja s\u00e4\u00e4nkest\u00e4v\u00e4. Ne kest\u00e4v\u00e4t kaikki s\u00e4\u00e4olosuhteet.<\/p>\n","protected":false},"featured_media":28487,"comment_status":"open","ping_status":"closed","template":"","meta":{"_acf_changed":false},"factory":[],"free-shipment":[],"product_brand":[],"product_cat":[1115,1099],"product_tag":[],"class_list":{"0":"post-28448","1":"product","2":"type-product","3":"status-publish","4":"has-post-thumbnail","6":"product_cat-waste-bins-2","7":"product_cat-urban-furniture","9":"first","10":"instock","11":"sale","12":"taxable","13":"shipping-taxable","14":"purchasable","15":"product-type-simple"},"acf":[],"_links":{"self":[{"href":"https:\/\/factory.sale\/fi\/wp-json\/wp\/v2\/product\/28448","targetHints":{"allow":["GET"]}}],"collection":[{"href":"https:\/\/factory.sale\/fi\/wp-json\/wp\/v2\/product"}],"about":[{"href":"https:\/\/factory.sale\/fi\/wp-json\/wp\/v2\/types\/product"}],"replies":[{"embeddable":true,"href":"https:\/\/factory.sale\/fi\/wp-json\/wp\/v2\/comments?post=28448"}],"wp:featuredmedia":[{"embeddable":true,"href":"https:\/\/factory.sale\/fi\/wp-json\/wp\/v2\/media\/28487"}],"wp:attachment":[{"href":"https:\/\/factory.sale\/fi\/wp-json\/wp\/v2\/media?parent=28448"}],"wp:term":[{"taxonomy":"factory","embeddable":true,"href":"https:\/\/factory.sale\/fi\/wp-json\/wp\/v2\/factory?post=28448"},{"taxonomy":"free-shipment","embeddable":true,"href":"https:\/\/factory.sale\/fi\/wp-json\/wp\/v2\/free-shipment?post=28448"},{"taxonomy":"product_brand","embeddable":true,"href":"https:\/\/factory.sale\/fi\/wp-json\/wp\/v2\/product_brand?post=28448"},{"taxonomy":"product_cat","embeddable":true,"href":"https:\/\/factory.sale\/fi\/wp-json\/wp\/v2\/product_cat?post=28448"},{"taxonomy":"product_tag","embeddable":true,"href":"https:\/\/factory.sale\/fi\/wp-json\/wp\/v2\/product_tag?post=28448"}],"curies":[{"name":"wp","href":"https:\/\/api.w.org\/{rel}","templated":true}]}}