{"id":28439,"date":"2023-05-25T19:59:46","date_gmt":"2023-05-25T20:16:08","guid":{"rendered":"https:\/\/factory.sale\/?post_type=product&#038;p=28439"},"modified":"2024-06-26T14:23:31","modified_gmt":"2024-06-26T14:23:31","slug":"roskakori-inoxx","status":"publish","type":"product","link":"https:\/\/factory.sale\/fi\/tuote\/roskakori-inoxx\/","title":{"rendered":"Roskakori Inoxx"},"content":{"rendered":"<p>Tukevat ja kauniit roskakorit sopivat ihanteellisesti puistoon tai kaupunkikuvan keskelle k\u00e4yt\u00e4nn\u00f6n teht\u00e4vien suorittamiseen.<br \/>\nLaadukas ja s\u00e4\u00e4nkest\u00e4v\u00e4. Kest\u00e4\u00e4 kaikki s\u00e4\u00e4olosuhteet.<\/p>\n<p>&nbsp;<\/p>\n<p><strong>Tuotetiedot:<\/strong><\/p>\n<ul>\n<li>040,00 KIN<\/li>\n<li>INOXX roskakori<\/li>\n<li>Materiaali: ruostumaton ter\u00e4s<\/li>\n<li>Mitat: 1050 x 300 x 430<\/li>\n<\/ul>\n","protected":false},"excerpt":{"rendered":"<p>Tukevat ja kauniit roskakorit sopivat ihanteellisesti puistoon tai kaupunkikuvan keskelle k\u00e4yt\u00e4nn\u00f6n teht\u00e4vien suorittamiseen.<br \/>\nLaadukas ja s\u00e4\u00e4nkest\u00e4v\u00e4. Kest\u00e4\u00e4 kaikki s\u00e4\u00e4olosuhteet.<\/p>\n","protected":false},"featured_media":28481,"comment_status":"open","ping_status":"closed","template":"","meta":{"_acf_changed":false},"factory":[],"free-shipment":[],"product_brand":[],"product_cat":[1336,1337],"product_tag":[4464],"class_list":{"0":"post-28439","1":"product","2":"type-product","3":"status-publish","4":"has-post-thumbnail","6":"product_cat-kaupunkihuonekalut","7":"product_cat-penkit","8":"product_tag-urban-furniture-fi","10":"first","11":"instock","12":"sale","13":"taxable","14":"shipping-taxable","15":"purchasable","16":"product-type-simple"},"acf":[],"_links":{"self":[{"href":"https:\/\/factory.sale\/fi\/wp-json\/wp\/v2\/product\/28439","targetHints":{"allow":["GET"]}}],"collection":[{"href":"https:\/\/factory.sale\/fi\/wp-json\/wp\/v2\/product"}],"about":[{"href":"https:\/\/factory.sale\/fi\/wp-json\/wp\/v2\/types\/product"}],"replies":[{"embeddable":true,"href":"https:\/\/factory.sale\/fi\/wp-json\/wp\/v2\/comments?post=28439"}],"wp:featuredmedia":[{"embeddable":true,"href":"https:\/\/factory.sale\/fi\/wp-json\/wp\/v2\/media\/28481"}],"wp:attachment":[{"href":"https:\/\/factory.sale\/fi\/wp-json\/wp\/v2\/media?parent=28439"}],"wp:term":[{"taxonomy":"factory","embeddable":true,"href":"https:\/\/factory.sale\/fi\/wp-json\/wp\/v2\/factory?post=28439"},{"taxonomy":"free-shipment","embeddable":true,"href":"https:\/\/factory.sale\/fi\/wp-json\/wp\/v2\/free-shipment?post=28439"},{"taxonomy":"product_brand","embeddable":true,"href":"https:\/\/factory.sale\/fi\/wp-json\/wp\/v2\/product_brand?post=28439"},{"taxonomy":"product_cat","embeddable":true,"href":"https:\/\/factory.sale\/fi\/wp-json\/wp\/v2\/product_cat?post=28439"},{"taxonomy":"product_tag","embeddable":true,"href":"https:\/\/factory.sale\/fi\/wp-json\/wp\/v2\/product_tag?post=28439"}],"curies":[{"name":"wp","href":"https:\/\/api.w.org\/{rel}","templated":true}]}}