{"id":28433,"date":"2023-05-25T19:42:19","date_gmt":"2023-05-25T19:57:53","guid":{"rendered":"https:\/\/factory.sale\/?post_type=product&#038;p=28433"},"modified":"2024-06-26T07:15:44","modified_gmt":"2024-06-26T07:15:44","slug":"piknikukomplekt-rall","status":"publish","type":"product","link":"https:\/\/factory.sale\/fi\/tuote\/piknikukomplekt-rall\/","title":{"rendered":"Pikniksetti Rall"},"content":{"rendered":"<p>Etsitk\u00f6 t\u00e4ydellist\u00e4 tapaa parantaa ulkoilmakokemustasi? \u00c4l\u00e4 etsi en\u00e4\u00e4 kauempaa! Penkki- ja p\u00f6yt\u00e4piknik-settimme on suunniteltu tarpeesi huomioon ottaen. Se on t\u00e4ydellinen ratkaisu ulkoilmatapaamisiin, piknikeihin ja rentoutumiseen.<\/p>\n<p>Penkki- ja p\u00f6yt\u00e4piknik-settimme yhdist\u00e4v\u00e4t toiminnallisuuden, kest\u00e4vyyden ja tyylin. Valmistettu laadukkaista materiaaleista, ne kest\u00e4v\u00e4t erilaiset s\u00e4\u00e4olosuhteet varmistaen pitk\u00e4aikaisen suorituskyvyn. Olipa kyseess\u00e4 aurinkoinen p\u00e4iv\u00e4 tai sateinen iltap\u00e4iv\u00e4, voit luottaa siihen, ett\u00e4 sarjamme tarjoaa mukavan oleskelu- ja ruokailutilan sinulle ja l\u00e4heisillesi.<\/p>\n<p>&nbsp;<\/p>\n<p>&nbsp;<\/p>\n<p><strong>Tuotetiedot:<\/strong><\/p>\n<ul>\n<li>Malli: TRA109.00<\/li>\n<li>RALL pikniksetti<\/li>\n<li>Materiaali: ruostumaton ter\u00e4s<\/li>\n<li>TRA109.00 mallissa on 150 cm leve\u00e4 RALL p\u00f6yt\u00e4 ja kaksi 150 cm leve\u00e4\u00e4 RALL penkki\u00e4 selk\u00e4nojalla.<\/li>\n<li>P\u00f6yt\u00e4 ja penkit on valmistettu ter\u00e4ksest\u00e4.<\/li>\n<\/ul>\n","protected":false},"excerpt":{"rendered":"<p>Etsitk\u00f6 t\u00e4ydellist\u00e4 tapaa parantaa ulkoilmakokemustasi? \u00c4l\u00e4 etsi en\u00e4\u00e4 kauempaa! Penkki- ja p\u00f6yt\u00e4piknik-settimme on suunniteltu tarpeesi huomioon ottaen. Se on t\u00e4ydellinen ratkaisu ulkoilmatapaamisiin, piknikeihin ja rentoutumiseen.<\/p>\n","protected":false},"featured_media":28490,"comment_status":"open","ping_status":"closed","template":"","meta":{"_acf_changed":false},"factory":[],"free-shipment":[],"product_brand":[],"product_cat":[1336,1337],"product_tag":[],"class_list":{"0":"post-28433","1":"product","2":"type-product","3":"status-publish","4":"has-post-thumbnail","6":"product_cat-kaupunkihuonekalut","7":"product_cat-penkit","9":"first","10":"instock","11":"sale","12":"taxable","13":"shipping-taxable","14":"purchasable","15":"product-type-simple"},"acf":[],"_links":{"self":[{"href":"https:\/\/factory.sale\/fi\/wp-json\/wp\/v2\/product\/28433","targetHints":{"allow":["GET"]}}],"collection":[{"href":"https:\/\/factory.sale\/fi\/wp-json\/wp\/v2\/product"}],"about":[{"href":"https:\/\/factory.sale\/fi\/wp-json\/wp\/v2\/types\/product"}],"replies":[{"embeddable":true,"href":"https:\/\/factory.sale\/fi\/wp-json\/wp\/v2\/comments?post=28433"}],"wp:featuredmedia":[{"embeddable":true,"href":"https:\/\/factory.sale\/fi\/wp-json\/wp\/v2\/media\/28490"}],"wp:attachment":[{"href":"https:\/\/factory.sale\/fi\/wp-json\/wp\/v2\/media?parent=28433"}],"wp:term":[{"taxonomy":"factory","embeddable":true,"href":"https:\/\/factory.sale\/fi\/wp-json\/wp\/v2\/factory?post=28433"},{"taxonomy":"free-shipment","embeddable":true,"href":"https:\/\/factory.sale\/fi\/wp-json\/wp\/v2\/free-shipment?post=28433"},{"taxonomy":"product_brand","embeddable":true,"href":"https:\/\/factory.sale\/fi\/wp-json\/wp\/v2\/product_brand?post=28433"},{"taxonomy":"product_cat","embeddable":true,"href":"https:\/\/factory.sale\/fi\/wp-json\/wp\/v2\/product_cat?post=28433"},{"taxonomy":"product_tag","embeddable":true,"href":"https:\/\/factory.sale\/fi\/wp-json\/wp\/v2\/product_tag?post=28433"}],"curies":[{"name":"wp","href":"https:\/\/api.w.org\/{rel}","templated":true}]}}