{"id":28367,"date":"2023-05-25T16:12:07","date_gmt":"2023-05-25T16:17:14","guid":{"rendered":"https:\/\/factory.sale\/?post_type=product&#038;p=28367"},"modified":"2024-06-27T18:30:31","modified_gmt":"2024-06-27T18:30:31","slug":"penkki-trapo-selkanojalla","status":"publish","type":"product","link":"https:\/\/factory.sale\/fi\/tuote\/penkki-trapo-selkanojalla\/","title":{"rendered":"Penkki Trapo selk\u00e4nojalla"},"content":{"rendered":"<p>Paranna kaupunkisi tai puistosi julkisia tiloja poikkeuksellisilla ulkopenkeill\u00e4mme. Suunniteltu sek\u00e4 mukavuus ett\u00e4 kest\u00e4vyys mieless\u00e4, penkkimme tarjoavat kutsuvan ja toiminnallisen istumisratkaisun niin asukkaille kuin vierailijoillekin. Valmistettu korkealaatuisista materiaaleista, n\u00e4m\u00e4 penkit on rakennettu kest\u00e4m\u00e4\u00e4n ulkoilman haasteita samalla s\u00e4ilytt\u00e4en kauneutensa ja eheytens\u00e4. Olipa kyseess\u00e4 rauhallinen puisto tai vilkas kaupungin keskusta, penkkimme tarjoavat t\u00e4ydellisen paikan rentoutumiseen, sosiaaliseen kanssak\u00e4ymiseen ja ymp\u00e4rist\u00f6n nauttimiseen. Kehit\u00e4 julkisten tilojen vetovoimaa ja mukavuutta luotettavilla ja tyylikk\u00e4ill\u00e4 ulkopenkeill\u00e4mme. Tutustu kokoelmaamme t\u00e4n\u00e4\u00e4n ja luo kutsuvia ulkoalueita, jotka j\u00e4tt\u00e4v\u00e4t pysyv\u00e4n vaikutuksen.<\/p>\n<p>&nbsp;<\/p>\n<p><strong>Tuotetiedot:<\/strong><\/p>\n<ul>\n<li>LTR 018.05<\/li>\n<li>TRAPO-penkki selk\u00e4nojalla<\/li>\n<li>Materiaali: ruostumaton ter\u00e4s + tuhka<\/li>\n<li>Mitat: 1800 \u0445 830 \u0445 630<\/li>\n<\/ul>\n","protected":false},"excerpt":{"rendered":"<p>Paranna kaupunkisi tai puistosi julkisia tiloja poikkeuksellisilla ulkopenkeill\u00e4mme. Suunniteltu sek\u00e4 mukavuus ett\u00e4 kest\u00e4vyys mieless\u00e4, penkkimme tarjoavat kutsuvan ja toiminnallisen istumisratkaisun niin asukkaille kuin vierailijoillekin. Valmistettu korkealaatuisista materiaaleista, n\u00e4m\u00e4 penkit on rakennettu kest\u00e4m\u00e4\u00e4n ulkoilman haasteita samalla s\u00e4ilytt\u00e4en kauneutensa ja eheytens\u00e4.<\/p>\n","protected":false},"featured_media":28521,"comment_status":"open","ping_status":"closed","template":"","meta":{"_acf_changed":false},"factory":[],"free-shipment":[],"product_brand":[],"product_cat":[1336,1337],"product_tag":[4462,4479,4464],"class_list":{"0":"post-28367","1":"product","2":"type-product","3":"status-publish","4":"has-post-thumbnail","6":"product_cat-kaupunkihuonekalut","7":"product_cat-penkit","8":"product_tag-bench-fi","9":"product_tag-benches-fi","10":"product_tag-urban-furniture-fi","12":"first","13":"instock","14":"sale","15":"taxable","16":"shipping-taxable","17":"purchasable","18":"product-type-simple"},"acf":[],"_links":{"self":[{"href":"https:\/\/factory.sale\/fi\/wp-json\/wp\/v2\/product\/28367","targetHints":{"allow":["GET"]}}],"collection":[{"href":"https:\/\/factory.sale\/fi\/wp-json\/wp\/v2\/product"}],"about":[{"href":"https:\/\/factory.sale\/fi\/wp-json\/wp\/v2\/types\/product"}],"replies":[{"embeddable":true,"href":"https:\/\/factory.sale\/fi\/wp-json\/wp\/v2\/comments?post=28367"}],"wp:featuredmedia":[{"embeddable":true,"href":"https:\/\/factory.sale\/fi\/wp-json\/wp\/v2\/media\/28521"}],"wp:attachment":[{"href":"https:\/\/factory.sale\/fi\/wp-json\/wp\/v2\/media?parent=28367"}],"wp:term":[{"taxonomy":"factory","embeddable":true,"href":"https:\/\/factory.sale\/fi\/wp-json\/wp\/v2\/factory?post=28367"},{"taxonomy":"free-shipment","embeddable":true,"href":"https:\/\/factory.sale\/fi\/wp-json\/wp\/v2\/free-shipment?post=28367"},{"taxonomy":"product_brand","embeddable":true,"href":"https:\/\/factory.sale\/fi\/wp-json\/wp\/v2\/product_brand?post=28367"},{"taxonomy":"product_cat","embeddable":true,"href":"https:\/\/factory.sale\/fi\/wp-json\/wp\/v2\/product_cat?post=28367"},{"taxonomy":"product_tag","embeddable":true,"href":"https:\/\/factory.sale\/fi\/wp-json\/wp\/v2\/product_tag?post=28367"}],"curies":[{"name":"wp","href":"https:\/\/api.w.org\/{rel}","templated":true}]}}