{"id":28349,"date":"2023-05-25T01:59:35","date_gmt":"2023-05-25T15:52:10","guid":{"rendered":"https:\/\/factory.sale\/?post_type=product&#038;p=28349"},"modified":"2024-06-26T16:50:35","modified_gmt":"2024-06-26T16:50:35","slug":"penkki-trapo-selkanojalla-ja-kasinojilla-pitka-017-05-a","status":"publish","type":"product","link":"https:\/\/factory.sale\/fi\/tuote\/penkki-trapo-selkanojalla-ja-kasinojilla-pitka-017-05-a\/","title":{"rendered":"Penkki Trapo selk\u00e4nojalla ja k\u00e4sinojilla pitk\u00e4 017.05.a"},"content":{"rendered":"<p>Tehosta kaupunkisi tai puistosi julkisia tiloja ainutlaatuisilla ulkopenkeill\u00e4mme. Sek\u00e4 mukavuutta ett\u00e4 kest\u00e4vyytt\u00e4 ajatellen suunnitellut penkimme tarjoavat viihtyis\u00e4n ja toimivan istumaratkaisun niin asukkaille kuin vierailijoillekin. N\u00e4m\u00e4 korkealaatuisista materiaaleista valmistetut penkit on valmistettu kest\u00e4m\u00e4\u00e4n ulkoilman ankaruutta s\u00e4ilytt\u00e4en samalla kauneutensa ja eheytens\u00e4. Olipa kyseess\u00e4 rauhallinen puisto tai vilkas kaupungin keskusta, meid\u00e4n penkit tarjoavat t\u00e4ydellisen paikan rentoutua, seurustella ja nauttia ymp\u00e4rist\u00f6st\u00e4. Lis\u00e4\u00e4 julkisten tilojesi houkuttelevuutta ja mukavuutta luotettavilla ja tyylikk\u00e4ill\u00e4 ulkopenkeill\u00e4mme. Tutustu kokoelmaamme t\u00e4n\u00e4\u00e4n ja luo kutsuvia ulkoalueita, jotka j\u00e4tt\u00e4v\u00e4t pysyv\u00e4n vaikutelman.<\/p>\n<p>&nbsp;<\/p>\n<p><strong>Tuotetiedot:<\/strong><\/p>\n<ul>\n<li>LTR 017.05.a<\/li>\n<li>TRAPO-penkki selk\u00e4nojalla ja k\u00e4sinojilla<\/li>\n<li>Materiaali: ruostumaton ter\u00e4s + tuhka<\/li>\n<li>Mitat: 1800 \u0445 830 \u0445 630<\/li>\n<\/ul>\n","protected":false},"excerpt":{"rendered":"<p>Tehosta kaupunkisi tai puistosi julkisia tiloja ainutlaatuisilla ulkopenkeill\u00e4mme. Sek\u00e4 mukavuutta ett\u00e4 kest\u00e4vyytt\u00e4 ajatellen suunnitellut penkimme tarjoavat viihtyis\u00e4n ja toimivan istumaratkaisun niin asukkaille kuin vierailijoillekin. N\u00e4m\u00e4 korkealaatuisista materiaaleista valmistetut penkit on valmistettu kest\u00e4m\u00e4\u00e4n ulkoilman ankaruutta s\u00e4ilytt\u00e4en samalla kauneutensa ja eheytens\u00e4.<\/p>\n","protected":false},"featured_media":28530,"comment_status":"open","ping_status":"closed","template":"","meta":{"_acf_changed":false},"factory":[],"free-shipment":[],"product_brand":[],"product_cat":[1336,1337],"product_tag":[],"class_list":{"0":"post-28349","1":"product","2":"type-product","3":"status-publish","4":"has-post-thumbnail","6":"product_cat-kaupunkihuonekalut","7":"product_cat-penkit","9":"first","10":"instock","11":"sale","12":"taxable","13":"shipping-taxable","14":"purchasable","15":"product-type-simple"},"acf":[],"_links":{"self":[{"href":"https:\/\/factory.sale\/fi\/wp-json\/wp\/v2\/product\/28349","targetHints":{"allow":["GET"]}}],"collection":[{"href":"https:\/\/factory.sale\/fi\/wp-json\/wp\/v2\/product"}],"about":[{"href":"https:\/\/factory.sale\/fi\/wp-json\/wp\/v2\/types\/product"}],"replies":[{"embeddable":true,"href":"https:\/\/factory.sale\/fi\/wp-json\/wp\/v2\/comments?post=28349"}],"wp:featuredmedia":[{"embeddable":true,"href":"https:\/\/factory.sale\/fi\/wp-json\/wp\/v2\/media\/28530"}],"wp:attachment":[{"href":"https:\/\/factory.sale\/fi\/wp-json\/wp\/v2\/media?parent=28349"}],"wp:term":[{"taxonomy":"factory","embeddable":true,"href":"https:\/\/factory.sale\/fi\/wp-json\/wp\/v2\/factory?post=28349"},{"taxonomy":"free-shipment","embeddable":true,"href":"https:\/\/factory.sale\/fi\/wp-json\/wp\/v2\/free-shipment?post=28349"},{"taxonomy":"product_brand","embeddable":true,"href":"https:\/\/factory.sale\/fi\/wp-json\/wp\/v2\/product_brand?post=28349"},{"taxonomy":"product_cat","embeddable":true,"href":"https:\/\/factory.sale\/fi\/wp-json\/wp\/v2\/product_cat?post=28349"},{"taxonomy":"product_tag","embeddable":true,"href":"https:\/\/factory.sale\/fi\/wp-json\/wp\/v2\/product_tag?post=28349"}],"curies":[{"name":"wp","href":"https:\/\/api.w.org\/{rel}","templated":true}]}}