{"id":28322,"date":"2023-05-23T09:43:09","date_gmt":"2023-05-23T09:59:36","guid":{"rendered":"https:\/\/factory.sale\/?post_type=product&#038;p=28322"},"modified":"2025-03-26T00:30:30","modified_gmt":"2025-03-25T21:30:30","slug":"compound-s40-mastic-30kg","status":"publish","type":"product","link":"https:\/\/factory.sale\/fi\/tuote\/compound-s40-mastic-30kg\/","title":{"rendered":"Compound S40 Mastic 30kg"},"content":{"rendered":"<p><strong>Tuotekoodi: compmas30<\/strong><\/p>\n<p>&nbsp;<\/p>\n<p>Compound S 40 Mastic on eritt\u00e4in helppo ja nopeak\u00e4ytt\u00f6inen bitumimassa. Compound S 40 Mastic Kumibitumimassalla voidaan t\u00e4ytt\u00e4\u00e4 mm. kapeat raot ja halkeamat asfaltissa\/betonissa sek\u00e4 saumat betonilaattojen v\u00e4liss\u00e4. Compound S 40 bitumimassa antaa pinnalle t\u00e4ydellisen vesitiiviyden. Se sopii k\u00e4ytett\u00e4v\u00e4ksi my\u00f6s mm. kaivonkansien, r\u00e4nnien, vesikatteiden ja l\u00e4pivientien tiivist\u00e4miseen sek\u00e4 liimaamaan betoniset reunakivet asfalttiin ja betoniin.<\/p>\n<p>Compound S 40 Mastic bitumimassa on eritt\u00e4in helppo ja nopeak\u00e4ytt\u00f6inen bitumimassa. Compound S 40 Masticilla voidaan t\u00e4ytt\u00e4\u00e4 mm. kapeat raot ja halkeamat asfaltissa\/betonissa sek\u00e4 saumat betonilaattojen v\u00e4liss\u00e4. Kumibitumimassa antaa pinnalle t\u00e4ydellisen vesitiiviyden. Tuote sopii k\u00e4ytett\u00e4v\u00e4ksi my\u00f6s mm. kaivon kansien, r\u00e4nnien, vesikatteiden ja l\u00e4pivientien tiivist\u00e4miseen sek\u00e4 liimaamaan betoniset reunakivet asfalttiin ja betoniin. Bitumimassa asennetaan ilman l\u00e4mmityst\u00e4.<br \/>\nCompound S 40 bitumimassa sopii k\u00e4ytett\u00e4v\u00e4ksi silloinkin kun liimattava alusta on ep\u00e4tasainen. Compound S 40 Mastic t\u00e4ytt\u00e4\u00e4 pinnan ep\u00e4tasaisuudet paksun massamaisuutensa ansiosta.<\/p>\n<p>&nbsp;<\/p>\n<p><strong>Ominaisuudet :<\/strong><\/p>\n<ul>\n<li>T\u00e4ysin vesitiivis kumibitumimassa<\/li>\n<li>Erinomainen kiinnittyvyys bitumimateriaaleihin.<\/li>\n<li>Erinomainen kiinnittyvyys betoniin, asbestisementtiin, sinkkiin, metalleihin ja asfalttiin.<\/li>\n<li>Ehk\u00e4isee karstan ker\u00e4\u00e4ntymist\u00e4.<\/li>\n<li>Yksinkertainen k\u00e4ytt\u00e4\u00e4.<\/li>\n<li>Laimeiden happojen ja alkalien kest\u00e4v\u00e4.<\/li>\n<\/ul>\n<p>&nbsp;<\/p>\n<p><strong>Erityistuntomerkit :<\/strong><\/p>\n<ul>\n<li>V\u00e4ri: musta<\/li>\n<li>Tiheys \/ 20 \u00b0C: +\/- 1,37<\/li>\n<li>Kuivumisaika \u2013 RH 50 \u2013 60 %<\/li>\n<li>\u2013 kosketuskuiva: +\/- 24h<\/li>\n<li>\u2013 saavuttaa fyysiset ominaisuutensa:+\/- 5 viikkoa<\/li>\n<li>Leimahduspiste (liuotinh\u00f6yryjen):+\/- 24 \u00b0C<\/li>\n<li>L\u00e4mp\u00f6tilan kesto: -20 \u00b0C \u2013 +80 \u00b0C<\/li>\n<li>Ty\u00f6skentelyl\u00e4mp\u00f6tila: 5 \u00b0C \u2013 +40 \u00b0C<\/li>\n<li>Venym\u00e4n kesto (elongaatio) 20 \u00b0C: 200 %<\/li>\n<li>0\u00b0C:100 %<\/li>\n<li>-10\u00b0C:25 %<\/li>\n<li>Vertikaalinen valuma 60 \u00b0C: 0,5 %<\/li>\n<li><em>COMPOUND S40:ll\u00e4 ON COPRO-LUOKITUS<\/em><\/li>\n<\/ul>\n<p>&nbsp;<\/p>\n<p><strong>Esivalmistelu:<\/strong><\/p>\n<ul>\n<li>Varmista, ett\u00e4 saumattavan uran reunat ovat p\u00f6lytt\u00f6m\u00e4t ja rasvattomat . COMPOUND \u2013 MASTIC S 40 bitumimassa voidaan k\u00e4ytt\u00e4\u00e4 my\u00f6s v\u00e4h\u00e4n kosteille pinnoille.<\/li>\n<li>Tiivistysmassan k\u00e4ytt\u00e4ytymiseen vaikuttavat suuresti saumojen risteyskohdat. T\u00e4m\u00e4n takia on suositeltavaa varmistaa risteyskohdat huolellisesti, ottaen huomioon tiivistysaineen mahdollinen venym\u00e4 (elongaatio).<\/li>\n<li>Tiivistysmassa tarttumisen uran pohjaan voidaan ehk\u00e4ist\u00e4 k\u00e4ytt\u00e4m\u00e4ll\u00e4 sauman pohjalla esim. polyeteenivaahtonauhaa (Flexijoint).<\/li>\n<li>T\u00e4m\u00e4 pohjustussaumanauha auttaa my\u00f6s rajoittamaan sauman syvyytt\u00e4.<\/li>\n<li>Ty\u00f6skentelyl\u00e4mp\u00f6tila tulisi olla 5 \u00b0C ja 40 \u00b0C v\u00e4lill\u00e4.<\/li>\n<li>Primerin k\u00e4ytt\u00f6 ei ole v\u00e4ltt\u00e4m\u00e4t\u00f6nt\u00e4 perinteisille materiaaleille, kuten betonille, asbestisementille, sinkille tai metalleille.<\/li>\n<\/ul>\n<p>&nbsp;<\/p>\n<p><strong>K\u00e4ytt\u00f6:<\/strong><\/p>\n<ul>\n<li>Tiivist\u00e4 huolellisesti sauman reunat ja varo j\u00e4tt\u00e4m\u00e4st\u00e4 ilmaa sauman pohjalle.<\/li>\n<\/ul>\n<p>&nbsp;<\/p>\n<p>&nbsp;<\/p>\n<p><strong>Kulutus:<\/strong><\/p>\n<ul>\n<li>+\/- 1,2 kg kymmenelle metrille 10x10mm saumalla.<\/li>\n<li>Ty\u00f6kalujen ja roiskeiden puhdistus: V\u00e4litt\u00f6m\u00e4sti. Lakkabensiinill\u00e4.<\/li>\n<li>S\u00e4ilyvyys:: 2-3 vuotta avaamattomassa pakkauksessa.<\/li>\n<li>Pakkauskoko: 310 ml patruuna. Laatikot 25x310ml patruuna.<\/li>\n<\/ul>\n","protected":false},"excerpt":{"rendered":"<ul>\n<li>T\u00e4ysin vesitiivis kumibitumimassa<\/li>\n<li>Erinomainen kiinnittyvyys bitumimateriaaleihin.<\/li>\n<li>Erinomainen kiinnittyvyys betoniin, asbestisementtiin, sinkkiin, metalleihin ja asfalttiin.<\/li>\n<li>Ehk\u00e4isee karstan ker\u00e4\u00e4ntymist\u00e4.<\/li>\n<li>Yksinkertainen k\u00e4ytt\u00e4\u00e4.<\/li>\n<li>Laimeiden happojen ja alkalien kest\u00e4v\u00e4.<\/li>\n<\/ul>\n<p>&nbsp;<\/p>\n","protected":false},"featured_media":28328,"comment_status":"open","ping_status":"closed","template":"","meta":{"_acf_changed":false},"factory":[],"free-shipment":[],"product_brand":[],"product_cat":[2452,1321],"product_tag":[],"class_list":{"0":"post-28322","1":"product","2":"type-product","3":"status-publish","4":"has-post-thumbnail","6":"product_cat-paallystys","7":"product_cat-yleinen-rakentaminen","9":"first","10":"instock","11":"sale","12":"taxable","13":"shipping-taxable","14":"purchasable","15":"product-type-simple"},"acf":[],"_links":{"self":[{"href":"https:\/\/factory.sale\/fi\/wp-json\/wp\/v2\/product\/28322","targetHints":{"allow":["GET"]}}],"collection":[{"href":"https:\/\/factory.sale\/fi\/wp-json\/wp\/v2\/product"}],"about":[{"href":"https:\/\/factory.sale\/fi\/wp-json\/wp\/v2\/types\/product"}],"replies":[{"embeddable":true,"href":"https:\/\/factory.sale\/fi\/wp-json\/wp\/v2\/comments?post=28322"}],"wp:featuredmedia":[{"embeddable":true,"href":"https:\/\/factory.sale\/fi\/wp-json\/wp\/v2\/media\/28328"}],"wp:attachment":[{"href":"https:\/\/factory.sale\/fi\/wp-json\/wp\/v2\/media?parent=28322"}],"wp:term":[{"taxonomy":"factory","embeddable":true,"href":"https:\/\/factory.sale\/fi\/wp-json\/wp\/v2\/factory?post=28322"},{"taxonomy":"free-shipment","embeddable":true,"href":"https:\/\/factory.sale\/fi\/wp-json\/wp\/v2\/free-shipment?post=28322"},{"taxonomy":"product_brand","embeddable":true,"href":"https:\/\/factory.sale\/fi\/wp-json\/wp\/v2\/product_brand?post=28322"},{"taxonomy":"product_cat","embeddable":true,"href":"https:\/\/factory.sale\/fi\/wp-json\/wp\/v2\/product_cat?post=28322"},{"taxonomy":"product_tag","embeddable":true,"href":"https:\/\/factory.sale\/fi\/wp-json\/wp\/v2\/product_tag?post=28322"}],"curies":[{"name":"wp","href":"https:\/\/api.w.org\/{rel}","templated":true}]}}