{"id":28299,"date":"2023-05-23T08:43:02","date_gmt":"2023-05-23T09:03:27","guid":{"rendered":"https:\/\/factory.sale\/?post_type=product&#038;p=28299"},"modified":"2024-06-25T11:49:07","modified_gmt":"2024-06-25T11:49:07","slug":"iko-tinascoat-asfaltinpaikkausmassa-25-kg-purkki","status":"publish","type":"product","link":"https:\/\/factory.sale\/fi\/tuote\/iko-tinascoat-asfaltinpaikkausmassa-25-kg-purkki\/","title":{"rendered":"IKO TINASCOAT asfaltinpaikkausmassa &#8211; 25 kg purkki"},"content":{"rendered":"<p><strong>Tuotekoodi: ikotinpurk25<\/strong><\/p>\n<p>Tinascoat asfaltinpaikkausmassa on eritt\u00e4in laadukas, ilman l\u00e4mmityst\u00e4 asennettava asfaltinkorjausmassa erilaisten asfalttialueiden korjaukseen. Pienet paikkaukset asfaltissa ja betonissa hoituvat \u00e4\u00e4rett\u00f6m\u00e4n helposti ja nopeasti. Tinascoatilla tehty asfaltinpaikkaus on eritt\u00e4in kest\u00e4v\u00e4 ja pitk\u00e4ik\u00e4inen. Tinascoat asfaltinpaikkausmassa on valmis tuote k\u00e4ytett\u00e4v\u00e4ksi kaikissa s\u00e4\u00e4olosuhteissa. Tinascoat on yksi parhaista, ilman l\u00e4mmityst\u00e4 asennettava, bitumipohjainen paikkausmetelm\u00e4.<\/p>\n<p>&nbsp;<\/p>\n<p>Tinascoat-asfaltinpaikkausmassa sopii k\u00e4ytett\u00e4v\u00e4ksi sek\u00e4 asfaltti-betonireikien nopeaan korjaukseen. Tinascoat-asfaltinpaikkausmassaa voi k\u00e4ytt\u00e4\u00e4 ymp\u00e4ri vuoden kaikissa s\u00e4\u00e4olosuhteissa.<br \/>\nK\u00e4ytt\u00f6kohteita mm.: katu- ja piha-alueet, jalkak\u00e4yt\u00e4v\u00e4t, sillat ja pys\u00e4k\u00f6intialueet, kivetyksen ja asfaltin v\u00e4listen saumojen, asfaltin n\u00e4yteporausreikien, painumien yms. pysyv\u00e4\u00e4n korjaukseen.<br \/>\nTinascoat- asfaltinpaikkausmassa koostuu valikoidusta kiviaineesta sek\u00e4 lis\u00e4aineita sis\u00e4lt\u00e4v\u00e4st\u00e4 bitumista, jonka ansiosta asennettu materiaali pysyy lujasti rei\u00e4ss\u00e4. Tinascoatilla paikattu kohde on vahva sek\u00e4 kulutuksen- ja suolankest\u00e4v\u00e4. Materiaalin kerrosjoustavuus takaa asfalttipinnan kest\u00e4vyyden. Massa kest\u00e4\u00e4 kemikaaleja, mutta reagoi orgaanisten liuottimien kanssa. Massa ei tartu ajoneuvojen renkaisiin.<\/p>\n<p>&nbsp;<\/p>\n<ul>\n<li>Tinascoat asfaltinpaikkausmassan ainutlaatuinen sideainekoostumus muodostaa notkean ja helposti ty\u00f6stett\u00e4v\u00e4n massan, joka soveltuu erityisen hyvin tavallisten pintavaurioiden paikkaamisen lis\u00e4ksi my\u00f6s ajoliuskojen ja kynnysten korjaukseen ja asennukseen.<\/li>\n<li>Paikkattu kohde voidaan avata liikenteelle heti. Lopullinen kuivuminen tapahtuu lis\u00e4aineiden haihduttua. Asennuksessa ei tarvita mit\u00e4\u00e4n erikoisty\u00f6kaluja tai koneita.<\/li>\n<li>Asennuskerros 1 \u2013 5 cm (max 5 cm).<\/li>\n<li>Asennussyvyyden ollessa syvempi, suositellaan paikattavan tai korjattavan kohteen pohjalle esim. soraa.<\/li>\n<\/ul>\n<p>&nbsp;<\/p>\n<p>1. Praimeroi tarvittaessa paikattavan kohteen reunat (Tinascoat primer aerosol)<br \/>\n2. jos kyseess\u00e4 on painauma, praimeroi koko korjattava painauma-alue<br \/>\n3. Asenna tarvittaessa soraa paikattavan rei\u00e4n pohjalle<br \/>\n4. Annostele Tinascoat paikkausmassa<br \/>\n5. Tiivist\u00e4 hyvin t\u00e4ryl\u00e4tk\u00e4ll\u00e4, k\u00e4sit\u00e4ryttimell\u00e4 tai aja vaikka autolla tuoreen massan yli tiiviyden varmistamiseksi.<br \/>\n6. Paikkaus on valmis ja kohteen voi avata liikenteelle<\/p>\n<p>&nbsp;<\/p>\n<div class=\"video-wrapper \"><iframe loading=\"lazy\" title=\"RHV-tukku - asfaltinpaikkausta\" width=\"500\" height=\"281\" src=\"https:\/\/www.youtube.com\/embed\/8EL_I7Yo7Lk?feature=oembed\" frameborder=\"0\" allow=\"accelerometer; autoplay; clipboard-write; encrypted-media; gyroscope; picture-in-picture; web-share\" referrerpolicy=\"strict-origin-when-cross-origin\" allowfullscreen><\/iframe><\/div>\n","protected":false},"excerpt":{"rendered":"<p>Tinascoat asfaltinpaikkausmassa on eritt\u00e4in laadukas, ilman l\u00e4mmityst\u00e4 asennettava asfaltinkorjausmassa erilaisten asfalttialueiden korjaukseen. Pienet paikkaukset asfaltissa ja betonissa hoituvat \u00e4\u00e4rett\u00f6m\u00e4n helposti ja nopeasti. Tinascoatilla tehty asfaltinpaikkaus on eritt\u00e4in kest\u00e4v\u00e4 ja pitk\u00e4ik\u00e4inen. Tinascoat asfaltinpaikkausmassa on valmis tuote k\u00e4ytett\u00e4v\u00e4ksi kaikissa s\u00e4\u00e4olosuhteissa. Tinascoat on yksi parhaista, ilman l\u00e4mmityst\u00e4 asennettava, bitumipohjainen paikkausmetelm\u00e4.<\/p>\n","protected":false},"featured_media":28295,"comment_status":"open","ping_status":"closed","template":"","meta":{"_acf_changed":false},"factory":[],"free-shipment":[],"product_brand":[],"product_cat":[2452,1321],"product_tag":[],"class_list":{"0":"post-28299","1":"product","2":"type-product","3":"status-publish","4":"has-post-thumbnail","6":"product_cat-paallystys","7":"product_cat-yleinen-rakentaminen","9":"first","10":"instock","11":"sale","12":"taxable","13":"shipping-taxable","14":"purchasable","15":"product-type-simple"},"acf":[],"_links":{"self":[{"href":"https:\/\/factory.sale\/fi\/wp-json\/wp\/v2\/product\/28299","targetHints":{"allow":["GET"]}}],"collection":[{"href":"https:\/\/factory.sale\/fi\/wp-json\/wp\/v2\/product"}],"about":[{"href":"https:\/\/factory.sale\/fi\/wp-json\/wp\/v2\/types\/product"}],"replies":[{"embeddable":true,"href":"https:\/\/factory.sale\/fi\/wp-json\/wp\/v2\/comments?post=28299"}],"wp:featuredmedia":[{"embeddable":true,"href":"https:\/\/factory.sale\/fi\/wp-json\/wp\/v2\/media\/28295"}],"wp:attachment":[{"href":"https:\/\/factory.sale\/fi\/wp-json\/wp\/v2\/media?parent=28299"}],"wp:term":[{"taxonomy":"factory","embeddable":true,"href":"https:\/\/factory.sale\/fi\/wp-json\/wp\/v2\/factory?post=28299"},{"taxonomy":"free-shipment","embeddable":true,"href":"https:\/\/factory.sale\/fi\/wp-json\/wp\/v2\/free-shipment?post=28299"},{"taxonomy":"product_brand","embeddable":true,"href":"https:\/\/factory.sale\/fi\/wp-json\/wp\/v2\/product_brand?post=28299"},{"taxonomy":"product_cat","embeddable":true,"href":"https:\/\/factory.sale\/fi\/wp-json\/wp\/v2\/product_cat?post=28299"},{"taxonomy":"product_tag","embeddable":true,"href":"https:\/\/factory.sale\/fi\/wp-json\/wp\/v2\/product_tag?post=28299"}],"curies":[{"name":"wp","href":"https:\/\/api.w.org\/{rel}","templated":true}]}}