{"id":28241,"date":"2023-05-22T06:44:43","date_gmt":"2023-05-22T07:02:39","guid":{"rendered":"https:\/\/factory.sale\/?post_type=product&#038;p=28241"},"modified":"2024-06-27T17:13:15","modified_gmt":"2024-06-27T17:13:15","slug":"penkki-edge-selkanojalla","status":"publish","type":"product","link":"https:\/\/factory.sale\/fi\/tuote\/penkki-edge-selkanojalla\/","title":{"rendered":"Penkki Edge selk\u00e4nojalla"},"content":{"rendered":"<p>Muuta kaupunkimaisemaasi ulkopenkeill\u00e4mme. Nykyaikaista muotoilua ja kest\u00e4vyytt\u00e4 silm\u00e4ll\u00e4 pit\u00e4en valmistetut kaupunkihuonekalumme lis\u00e4\u00e4v\u00e4t eleganssia ja toimivuutta julkisiin puistoihin, kaupungin aukioihin ja muihin. Laadukkailla materiaaleilla ja s\u00e4\u00e4nkest\u00e4v\u00e4ll\u00e4 viimeistelyll\u00e4 penkit on rakennettu kest\u00e4m\u00e4\u00e4n ajan koetta. Mukautettavat vaihtoehdot varmistavat ainutlaatuisen istuinratkaisun, joka sopii tilaan. Luo kutsuvia ymp\u00e4rist\u00f6j\u00e4, joissa ihmiset voivat rentoutua, olla yhteydess\u00e4 ja arvostaa ymp\u00e4rist\u00f6\u00e4\u00e4n. Korosta ulkotilojasi penkeill\u00e4mme jo t\u00e4n\u00e4\u00e4n.<\/p>\n<p>&nbsp;<\/p>\n<p><strong>Tuotetiedot:<\/strong><\/p>\n<ul>\n<li>LED132.01<\/li>\n<li>EDGE-penkki selk\u00e4nojalla<\/li>\n<li>Pulverimaalattu ter\u00e4s + Tuhka<\/li>\n<li>Mitat: 1800 x 670 x 840<\/li>\n<\/ul>\n<p>&nbsp;<\/p>\n<p><em>Ota yhteytt\u00e4 jo t\u00e4n\u00e4\u00e4n keskustellaksesi projektistasi ja selvitt\u00e4\u00e4ksesi, kuinka kaupunkikalusteet voivat nostaa kaupunkimaisemasi uusiin korkeuksiin!<\/em><\/p>\n","protected":false},"excerpt":{"rendered":"<p>Muuta kaupunkimaisemaasi ulkopenkeill\u00e4mme. Nykyaikaista muotoilua ja kest\u00e4vyytt\u00e4 silm\u00e4ll\u00e4 pit\u00e4en valmistetut kaupunkihuonekalumme lis\u00e4\u00e4v\u00e4t eleganssia ja toimivuutta julkisiin puistoihin, kaupungin aukioihin ja muihin. Laadukkailla materiaaleilla ja s\u00e4\u00e4nkest\u00e4v\u00e4ll\u00e4 viimeistelyll\u00e4 penkit on rakennettu kest\u00e4m\u00e4\u00e4n ajan koetta. Mukautettavat vaihtoehdot varmistavat ainutlaatuisen istuinratkaisun, joka sopii tilaan. Luo kutsuvia ymp\u00e4rist\u00f6j\u00e4, joissa ihmiset voivat rentoutua, olla yhteydess\u00e4 ja arvostaa ymp\u00e4rist\u00f6\u00e4\u00e4n. Korosta ulkotilojasi penkeill\u00e4mme jo t\u00e4n\u00e4\u00e4n.<\/p>\n","protected":false},"featured_media":28238,"comment_status":"open","ping_status":"closed","template":"","meta":{"_acf_changed":false},"factory":[],"free-shipment":[],"product_brand":[],"product_cat":[1336,1337],"product_tag":[],"class_list":{"0":"post-28241","1":"product","2":"type-product","3":"status-publish","4":"has-post-thumbnail","6":"product_cat-kaupunkihuonekalut","7":"product_cat-penkit","9":"first","10":"instock","11":"sale","12":"taxable","13":"shipping-taxable","14":"purchasable","15":"product-type-simple"},"acf":[],"_links":{"self":[{"href":"https:\/\/factory.sale\/fi\/wp-json\/wp\/v2\/product\/28241","targetHints":{"allow":["GET"]}}],"collection":[{"href":"https:\/\/factory.sale\/fi\/wp-json\/wp\/v2\/product"}],"about":[{"href":"https:\/\/factory.sale\/fi\/wp-json\/wp\/v2\/types\/product"}],"replies":[{"embeddable":true,"href":"https:\/\/factory.sale\/fi\/wp-json\/wp\/v2\/comments?post=28241"}],"wp:featuredmedia":[{"embeddable":true,"href":"https:\/\/factory.sale\/fi\/wp-json\/wp\/v2\/media\/28238"}],"wp:attachment":[{"href":"https:\/\/factory.sale\/fi\/wp-json\/wp\/v2\/media?parent=28241"}],"wp:term":[{"taxonomy":"factory","embeddable":true,"href":"https:\/\/factory.sale\/fi\/wp-json\/wp\/v2\/factory?post=28241"},{"taxonomy":"free-shipment","embeddable":true,"href":"https:\/\/factory.sale\/fi\/wp-json\/wp\/v2\/free-shipment?post=28241"},{"taxonomy":"product_brand","embeddable":true,"href":"https:\/\/factory.sale\/fi\/wp-json\/wp\/v2\/product_brand?post=28241"},{"taxonomy":"product_cat","embeddable":true,"href":"https:\/\/factory.sale\/fi\/wp-json\/wp\/v2\/product_cat?post=28241"},{"taxonomy":"product_tag","embeddable":true,"href":"https:\/\/factory.sale\/fi\/wp-json\/wp\/v2\/product_tag?post=28241"}],"curies":[{"name":"wp","href":"https:\/\/api.w.org\/{rel}","templated":true}]}}