{"id":28232,"date":"2023-05-22T06:20:45","date_gmt":"2023-05-22T06:39:57","guid":{"rendered":"https:\/\/factory.sale\/?post_type=product&#038;p=28232"},"modified":"2024-06-28T01:17:45","modified_gmt":"2024-06-28T01:17:45","slug":"aurinkotuoli-edge","status":"publish","type":"product","link":"https:\/\/factory.sale\/fi\/tuote\/aurinkotuoli-edge\/","title":{"rendered":"Aurinkotuoli Edge"},"content":{"rendered":"<p>Korosta ymp\u00e4rist\u00f6\u00e4si modernilla kaupunkikalusteellamme. Kauniin muotoilun ja kest\u00e4vyyden ansiosta kaupunkikalusteemme lis\u00e4\u00e4v\u00e4t eleganssia ja toiminnallisuutta julkisiin puistoihin, kaupungin aukioihin ja muihin tiloihin. Laadukkaista materiaaleista ja s\u00e4\u00e4nkest\u00e4vist\u00e4 pinnoitteista valmistetut penkit on suunniteltu kest\u00e4m\u00e4\u00e4n pitk\u00e4\u00e4n. Mukautettavat vaihtoehdot varmistavat uniikin istumisratkaisun, joka sopii ymp\u00e4rist\u00f6\u00f6si. Luo kutsuva ymp\u00e4rist\u00f6, jossa ihmiset voivat rentoutua, kommunikoida ja nauttia ymp\u00e4rist\u00f6st\u00e4\u00e4n.<\/p>\n<p>&nbsp;<\/p>\n<p>&nbsp;<\/p>\n<p><strong>Tuotetiedot:<\/strong><\/p>\n<ul>\n<li>LED 134.00<\/li>\n<li>EDGE Aurinkotuoli<\/li>\n<li>Pulverimaalattu ter\u00e4s + Tuhka<\/li>\n<li>Mitat: 1615 x 800 x 600<\/li>\n<\/ul>\n<p>&nbsp;<\/p>\n<p>&nbsp;<\/p>\n<p><em>Ota yhteytt\u00e4 jo t\u00e4n\u00e4\u00e4n keskustellaksesi projektistasi ja selvitt\u00e4\u00e4ksesi, kuinka kaupunkikalusteet voivat nostaa kaupunkimaisemasi uusiin korkeuksiin!<\/em><\/p>\n","protected":false},"excerpt":{"rendered":"<p>Korosta ymp\u00e4rist\u00f6\u00e4si modernilla kaupunkikalusteellamme. Kauniin muotoilun ja kest\u00e4vyyden ansiosta kaupunkikalusteemme lis\u00e4\u00e4v\u00e4t eleganssia ja toiminnallisuutta julkisiin puistoihin, kaupungin aukioihin ja muihin tiloihin. Laadukkaista materiaaleista ja s\u00e4\u00e4nkest\u00e4vist\u00e4 pinnoitteista valmistetut penkit on suunniteltu kest\u00e4m\u00e4\u00e4n pitk\u00e4\u00e4n. Mukautettavat vaihtoehdot varmistavat uniikin istumisratkaisun, joka sopii ymp\u00e4rist\u00f6\u00f6si. Luo kutsuva ymp\u00e4rist\u00f6, jossa ihmiset voivat rentoutua, kommunikoida ja nauttia ymp\u00e4rist\u00f6st\u00e4\u00e4n.<\/p>\n","protected":false},"featured_media":28228,"comment_status":"open","ping_status":"closed","template":"","meta":{"_acf_changed":false},"factory":[],"free-shipment":[],"product_brand":[],"product_cat":[1336,1337],"product_tag":[],"class_list":{"0":"post-28232","1":"product","2":"type-product","3":"status-publish","4":"has-post-thumbnail","6":"product_cat-kaupunkihuonekalut","7":"product_cat-penkit","9":"first","10":"instock","11":"sale","12":"taxable","13":"shipping-taxable","14":"purchasable","15":"product-type-simple"},"acf":[],"_links":{"self":[{"href":"https:\/\/factory.sale\/fi\/wp-json\/wp\/v2\/product\/28232","targetHints":{"allow":["GET"]}}],"collection":[{"href":"https:\/\/factory.sale\/fi\/wp-json\/wp\/v2\/product"}],"about":[{"href":"https:\/\/factory.sale\/fi\/wp-json\/wp\/v2\/types\/product"}],"replies":[{"embeddable":true,"href":"https:\/\/factory.sale\/fi\/wp-json\/wp\/v2\/comments?post=28232"}],"wp:featuredmedia":[{"embeddable":true,"href":"https:\/\/factory.sale\/fi\/wp-json\/wp\/v2\/media\/28228"}],"wp:attachment":[{"href":"https:\/\/factory.sale\/fi\/wp-json\/wp\/v2\/media?parent=28232"}],"wp:term":[{"taxonomy":"factory","embeddable":true,"href":"https:\/\/factory.sale\/fi\/wp-json\/wp\/v2\/factory?post=28232"},{"taxonomy":"free-shipment","embeddable":true,"href":"https:\/\/factory.sale\/fi\/wp-json\/wp\/v2\/free-shipment?post=28232"},{"taxonomy":"product_brand","embeddable":true,"href":"https:\/\/factory.sale\/fi\/wp-json\/wp\/v2\/product_brand?post=28232"},{"taxonomy":"product_cat","embeddable":true,"href":"https:\/\/factory.sale\/fi\/wp-json\/wp\/v2\/product_cat?post=28232"},{"taxonomy":"product_tag","embeddable":true,"href":"https:\/\/factory.sale\/fi\/wp-json\/wp\/v2\/product_tag?post=28232"}],"curies":[{"name":"wp","href":"https:\/\/api.w.org\/{rel}","templated":true}]}}