{"id":28221,"date":"2023-05-21T21:04:52","date_gmt":"2023-05-21T21:26:47","guid":{"rendered":"https:\/\/factory.sale\/?post_type=product&#038;p=28221"},"modified":"2024-07-18T01:19:34","modified_gmt":"2024-07-17T22:19:34","slug":"urbaani-riippumatto-wave-ruukuilla","status":"publish","type":"product","link":"https:\/\/factory.sale\/fi\/tuote\/urbaani-riippumatto-wave-ruukuilla\/","title":{"rendered":"Urbaani riippumatto Wave ruukuilla"},"content":{"rendered":"<p>Muuta kaupunkimaisemaasi ulkopenkeill\u00e4mme. Nykyaikaista muotoilua ja kest\u00e4vyytt\u00e4 silm\u00e4ll\u00e4 pit\u00e4en valmistetut kaupunkihuonekalumme lis\u00e4\u00e4v\u00e4t eleganssia ja toimivuutta julkisiin puistoihin, kaupungin aukioihin ja muihin. Laadukkailla materiaaleilla ja s\u00e4\u00e4nkest\u00e4v\u00e4ll\u00e4 viimeistelyll\u00e4 penkit on rakennettu kest\u00e4m\u00e4\u00e4n ajan koetta. Mukautettavat vaihtoehdot varmistavat ainutlaatuisen istuinratkaisun, joka sopii tilaan. Luo kutsuvia ymp\u00e4rist\u00f6j\u00e4, joissa ihmiset voivat rentoutua, olla yhteydess\u00e4 ja arvostaa ymp\u00e4rist\u00f6\u00e4\u00e4n. Korosta ulkotilojasi penkeill\u00e4mme jo t\u00e4n\u00e4\u00e4n.<\/p>\n<p>&nbsp;<\/p>\n<p><strong>Tuotteen mitat:<\/strong><\/p>\n<ul>\n<li>LWA070.00<\/li>\n<li>WAVE kaupunkiriippumatto kasviruukuilla<\/li>\n<li>Pulverimaalattu ter\u00e4s + tuhka<\/li>\n<li>Mitat: 5245 x 1000 x 1000<\/li>\n<\/ul>\n<p>&nbsp;<\/p>\n<p>&nbsp;<\/p>\n<p><em>Ota meihin yhteytt\u00e4 laajaan projektistasi ja l\u00f6yd\u00e4siksesi kaupunkikalusteiden valikoimamme avulla parhaat ratkaisut ulkotiloihin!<\/em><\/p>\n","protected":false},"excerpt":{"rendered":"<p>Muuta kaupunkimaisemaasi ulkopenkeill\u00e4mme. Nykyaikaista muotoilua ja kest\u00e4vyytt\u00e4 silm\u00e4ll\u00e4 pit\u00e4en valmistetut kaupunkihuonekalumme lis\u00e4\u00e4v\u00e4t eleganssia ja toimivuutta julkisiin puistoihin, kaupungin aukioihin ja muihin. Laadukkailla materiaaleilla ja s\u00e4\u00e4nkest\u00e4v\u00e4ll\u00e4 viimeistelyll\u00e4 penkit on rakennettu kest\u00e4m\u00e4\u00e4n ajan koetta. Mukautettavat vaihtoehdot varmistavat ainutlaatuisen istuinratkaisun, joka sopii tilaan. Luo kutsuvia ymp\u00e4rist\u00f6j\u00e4, joissa ihmiset voivat rentoutua, olla yhteydess\u00e4 ja arvostaa ymp\u00e4rist\u00f6\u00e4\u00e4n. Korosta ulkotilojasi penkeill\u00e4mme jo t\u00e4n\u00e4\u00e4n.<\/p>\n","protected":false},"featured_media":28218,"comment_status":"open","ping_status":"closed","template":"","meta":{"_acf_changed":false},"factory":[],"free-shipment":[],"product_brand":[],"product_cat":[1336,1337],"product_tag":[],"class_list":{"0":"post-28221","1":"product","2":"type-product","3":"status-publish","4":"has-post-thumbnail","6":"product_cat-kaupunkihuonekalut","7":"product_cat-penkit","9":"first","10":"instock","11":"sale","12":"taxable","13":"shipping-taxable","14":"purchasable","15":"product-type-simple"},"acf":[],"_links":{"self":[{"href":"https:\/\/factory.sale\/fi\/wp-json\/wp\/v2\/product\/28221","targetHints":{"allow":["GET"]}}],"collection":[{"href":"https:\/\/factory.sale\/fi\/wp-json\/wp\/v2\/product"}],"about":[{"href":"https:\/\/factory.sale\/fi\/wp-json\/wp\/v2\/types\/product"}],"replies":[{"embeddable":true,"href":"https:\/\/factory.sale\/fi\/wp-json\/wp\/v2\/comments?post=28221"}],"wp:featuredmedia":[{"embeddable":true,"href":"https:\/\/factory.sale\/fi\/wp-json\/wp\/v2\/media\/28218"}],"wp:attachment":[{"href":"https:\/\/factory.sale\/fi\/wp-json\/wp\/v2\/media?parent=28221"}],"wp:term":[{"taxonomy":"factory","embeddable":true,"href":"https:\/\/factory.sale\/fi\/wp-json\/wp\/v2\/factory?post=28221"},{"taxonomy":"free-shipment","embeddable":true,"href":"https:\/\/factory.sale\/fi\/wp-json\/wp\/v2\/free-shipment?post=28221"},{"taxonomy":"product_brand","embeddable":true,"href":"https:\/\/factory.sale\/fi\/wp-json\/wp\/v2\/product_brand?post=28221"},{"taxonomy":"product_cat","embeddable":true,"href":"https:\/\/factory.sale\/fi\/wp-json\/wp\/v2\/product_cat?post=28221"},{"taxonomy":"product_tag","embeddable":true,"href":"https:\/\/factory.sale\/fi\/wp-json\/wp\/v2\/product_tag?post=28221"}],"curies":[{"name":"wp","href":"https:\/\/api.w.org\/{rel}","templated":true}]}}