{"id":28175,"date":"2023-05-18T20:24:14","date_gmt":"2023-05-19T07:26:47","guid":{"rendered":"https:\/\/factory.sale\/?post_type=product&#038;p=28175"},"modified":"2024-06-25T21:17:33","modified_gmt":"2024-06-25T21:17:33","slug":"panelo-strong-sip","status":"publish","type":"product","link":"https:\/\/factory.sale\/fi\/tuote\/panelo-strong-sip\/","title":{"rendered":"Panelo strong SIP"},"content":{"rendered":"<p>Puu-sandwich-paneelit ovat SIP-tyyppisi\u00e4 paneeleita, mutta merkitt\u00e4v\u00e4sti vahvempia ja laadukkaampia. PANELO STRONG SIP-paneelit koostuvat vahvasta puukehyksest\u00e4 ja PUR-eristeest\u00e4 ja ne on p\u00e4\u00e4llystetty molemmin puolin OSB-levyll\u00e4. Paneelin tekee erityisen vahvaksi ja energiatehokkaaksi ainutlaatuinen teknologia, joka sis\u00e4lt\u00e4\u00e4 paneeliin suljettuja huokosia sis\u00e4lt\u00e4v\u00e4\u00e4 vaahtoa. Paneelit kest\u00e4v\u00e4t pitk\u00e4aikaisen puristuskuorman jopa 10 tonnia metri\u00e4 kohden.<\/p>\n<p>&nbsp;<\/p>\n<p><img loading=\"lazy\" decoding=\"async\" class=\"alignnone wp-image-28177\" src=\"https:\/\/factory.sale\/wp-content\/uploads\/2023\/05\/soome-keel-1-300x288.jpeg\" alt=\"\" width=\"652\" height=\"626\" srcset=\"https:\/\/factory.sale\/wp-content\/uploads\/2023\/05\/soome-keel-1-300x288.jpeg 300w, https:\/\/factory.sale\/wp-content\/uploads\/2023\/05\/soome-keel-1-1024x982.jpeg 1024w, https:\/\/factory.sale\/wp-content\/uploads\/2023\/05\/soome-keel-1-150x144.jpeg 150w, https:\/\/factory.sale\/wp-content\/uploads\/2023\/05\/soome-keel-1-600x575.jpeg 600w, https:\/\/factory.sale\/wp-content\/uploads\/2023\/05\/soome-keel-1.jpeg 1404w\" sizes=\"auto, (max-width: 652px) 100vw, 652px\" \/><\/p>\n<p><img loading=\"lazy\" decoding=\"async\" class=\"alignnone wp-image-28180\" src=\"https:\/\/factory.sale\/wp-content\/uploads\/2023\/05\/soome-keel-2-300x163.jpeg\" alt=\"\" width=\"638\" height=\"347\" srcset=\"https:\/\/factory.sale\/wp-content\/uploads\/2023\/05\/soome-keel-2-300x163.jpeg 300w, https:\/\/factory.sale\/wp-content\/uploads\/2023\/05\/soome-keel-2-1024x555.jpeg 1024w, https:\/\/factory.sale\/wp-content\/uploads\/2023\/05\/soome-keel-2-150x81.jpeg 150w, https:\/\/factory.sale\/wp-content\/uploads\/2023\/05\/soome-keel-2-1536x833.jpeg 1536w, https:\/\/factory.sale\/wp-content\/uploads\/2023\/05\/soome-keel-2-600x325.jpeg 600w, https:\/\/factory.sale\/wp-content\/uploads\/2023\/05\/soome-keel-2.jpeg 1590w\" sizes=\"auto, (max-width: 638px) 100vw, 638px\" \/><\/p>\n<p>&nbsp;<\/p>\n<table style=\"height: 646px;\" width=\"826\">\n<tbody>\n<tr>\n<td rowspan=\"2\">Rakentaminen<\/td>\n<td rowspan=\"2\"><span style=\"font-weight: 400;\">Elementti(kihid mm)\u00a0<\/span><\/td>\n<td rowspan=\"2\"><span style=\"font-weight: 400;\">Paneelin paksuus (mm)<\/span><\/td>\n<td colspan=\"2\"><span style=\"font-weight: 400;\">Hinta\u00a0<\/span><\/td>\n<td rowspan=\"2\"><span style=\"font-weight: 400;\">Paino<\/span><\/p>\n<p><span style=\"font-weight: 400;\">(kg\/m\u00b2)\u00a0<\/span><\/td>\n<\/tr>\n<tr>\n<td><span style=\"font-weight: 400;\">EUR\/tk.\u00a0<\/span><\/td>\n<td><span style=\"font-weight: 400;\">EUR\/m\u00b2<\/span><\/td>\n<\/tr>\n<tr>\n<td><\/td>\n<td><span style=\"font-weight: 400;\">SIP-70-1250\u00a0<\/span><\/td>\n<td><span style=\"font-weight: 400;\">100\u00a0<\/span><\/td>\n<td><span style=\"font-weight: 400;\">148.68\u00a0<\/span><\/td>\n<td><span style=\"font-weight: 400;\">47.58\u00a0<\/span><\/td>\n<td><span style=\"font-weight: 400;\">26.0<\/span><\/td>\n<\/tr>\n<tr>\n<td><\/td>\n<td><span style=\"font-weight: 400;\">SIP-70-900\u00a0<\/span><\/td>\n<td><span style=\"font-weight: 400;\">100\u00a0<\/span><\/td>\n<td><span style=\"font-weight: 400;\">129.57\u00a0<\/span><\/td>\n<td><span style=\"font-weight: 400;\">57.59\u00a0<\/span><\/td>\n<td><span style=\"font-weight: 400;\">32.9<\/span><\/td>\n<\/tr>\n<tr>\n<td><\/td>\n<td><span style=\"font-weight: 400;\">SIP-70-600\u00a0<\/span><\/td>\n<td><span style=\"font-weight: 400;\">100\u00a0<\/span><\/td>\n<td><span style=\"font-weight: 400;\">74.81\u00a0<\/span><\/td>\n<td><span style=\"font-weight: 400;\">49.88\u00a0<\/span><\/td>\n<td><span style=\"font-weight: 400;\">28.1<\/span><\/td>\n<\/tr>\n<tr>\n<td><\/td>\n<td><span style=\"font-weight: 400;\">SIP-95-1250\u00a0<\/span><\/td>\n<td><span style=\"font-weight: 400;\">125\u00a0<\/span><\/td>\n<td><span style=\"font-weight: 400;\">171.34\u00a0<\/span><\/td>\n<td><span style=\"font-weight: 400;\">54.83\u00a0<\/span><\/td>\n<td><span style=\"font-weight: 400;\">28.2<\/span><\/td>\n<\/tr>\n<tr>\n<td><\/td>\n<td><span style=\"font-weight: 400;\">SIP-95-900\u00a0<\/span><\/td>\n<td><span style=\"font-weight: 400;\">125\u00a0<\/span><\/td>\n<td><span style=\"font-weight: 400;\">153.92\u00a0<\/span><\/td>\n<td><span style=\"font-weight: 400;\">68.41\u00a0<\/span><\/td>\n<td><span style=\"font-weight: 400;\">37.6<\/span><\/td>\n<\/tr>\n<tr>\n<td><\/td>\n<td><span style=\"font-weight: 400;\">SIP-95-600\u00a0<\/span><\/td>\n<td><span style=\"font-weight: 400;\">125\u00a0<\/span><\/td>\n<td><span style=\"font-weight: 400;\">86.92\u00a0<\/span><\/td>\n<td><span style=\"font-weight: 400;\">57.95\u00a0<\/span><\/td>\n<td><span style=\"font-weight: 400;\">31.1<\/span><\/td>\n<\/tr>\n<tr>\n<td><\/td>\n<td><span style=\"font-weight: 400;\">SIP-120-1250\u00a0<\/span><\/td>\n<td><span style=\"font-weight: 400;\">150\u00a0<\/span><\/td>\n<td><span style=\"font-weight: 400;\">194.00\u00a0<\/span><\/td>\n<td><span style=\"font-weight: 400;\">62.08\u00a0<\/span><\/td>\n<td><span style=\"font-weight: 400;\">30.4<\/span><\/td>\n<\/tr>\n<tr>\n<td><\/td>\n<td><span style=\"font-weight: 400;\">SIP-120-900\u00a0<\/span><\/td>\n<td><span style=\"font-weight: 400;\">150\u00a0<\/span><\/td>\n<td><span style=\"font-weight: 400;\">178.28\u00a0<\/span><\/td>\n<td><span style=\"font-weight: 400;\">79.23\u00a0<\/span><\/td>\n<td><span style=\"font-weight: 400;\">42.3<\/span><\/td>\n<\/tr>\n<tr>\n<td>Ulkoseinien paneelit<\/td>\n<td><span style=\"font-weight: 400;\">SIP-120-600\u00a0<\/span><\/td>\n<td><span style=\"font-weight: 400;\">150\u00a0<\/span><\/td>\n<td><span style=\"font-weight: 400;\">99.03\u00a0<\/span><\/td>\n<td><span style=\"font-weight: 400;\">66.02\u00a0<\/span><\/td>\n<td><span style=\"font-weight: 400;\">34.1<\/span><\/td>\n<\/tr>\n<tr>\n<td><\/td>\n<td><span style=\"font-weight: 400;\">SIP-145-1250\u00a0<\/span><\/td>\n<td><span style=\"font-weight: 400;\">175\u00a0<\/span><\/td>\n<td><span style=\"font-weight: 400;\">216.66\u00a0<\/span><\/td>\n<td><span style=\"font-weight: 400;\">69.33\u00a0<\/span><\/td>\n<td><span style=\"font-weight: 400;\">32.6<\/span><\/td>\n<\/tr>\n<tr>\n<td><\/td>\n<td><span style=\"font-weight: 400;\">SIP-145-900\u00a0<\/span><\/td>\n<td><span style=\"font-weight: 400;\">175\u00a0<\/span><\/td>\n<td><span style=\"font-weight: 400;\">202.63\u00a0<\/span><\/td>\n<td><span style=\"font-weight: 400;\">90.06\u00a0<\/span><\/td>\n<td><span style=\"font-weight: 400;\">47.0<\/span><\/td>\n<\/tr>\n<tr>\n<td><\/td>\n<td><span style=\"font-weight: 400;\">SIP-145-600\u00a0<\/span><\/td>\n<td><span style=\"font-weight: 400;\">175\u00a0<\/span><\/td>\n<td><span style=\"font-weight: 400;\">111.13\u00a0<\/span><\/td>\n<td><span style=\"font-weight: 400;\">74.09\u00a0<\/span><\/td>\n<td><span style=\"font-weight: 400;\">37.1<\/span><\/td>\n<\/tr>\n<tr>\n<td><\/td>\n<td><span style=\"font-weight: 400;\">SIP-170-1250\u00a0<\/span><\/td>\n<td><span style=\"font-weight: 400;\">200\u00a0<\/span><\/td>\n<td><span style=\"font-weight: 400;\">239.32\u00a0<\/span><\/td>\n<td><span style=\"font-weight: 400;\">76.58\u00a0<\/span><\/td>\n<td><span style=\"font-weight: 400;\">34.8<\/span><\/td>\n<\/tr>\n<tr>\n<td><\/td>\n<td><span style=\"font-weight: 400;\">SIP-170-900\u00a0<\/span><\/td>\n<td><span style=\"font-weight: 400;\">200\u00a0<\/span><\/td>\n<td><span style=\"font-weight: 400;\">226.99\u00a0<\/span><\/td>\n<td><span style=\"font-weight: 400;\">100.88\u00a0<\/span><\/td>\n<td><span style=\"font-weight: 400;\">51.6<\/span><\/td>\n<\/tr>\n<tr>\n<td><\/td>\n<td><span style=\"font-weight: 400;\">SIP-170-600\u00a0<\/span><\/td>\n<td><span style=\"font-weight: 400;\">200\u00a0<\/span><\/td>\n<td><span style=\"font-weight: 400;\">123.24\u00a0<\/span><\/td>\n<td><span style=\"font-weight: 400;\">82.16\u00a0<\/span><\/td>\n<td><span style=\"font-weight: 400;\">40.1<\/span><\/td>\n<\/tr>\n<tr>\n<td><\/td>\n<td><span style=\"font-weight: 400;\">SIP-195-1250\u00a0<\/span><\/td>\n<td><span style=\"font-weight: 400;\">225\u00a0<\/span><\/td>\n<td><span style=\"font-weight: 400;\">261.98\u00a0<\/span><\/td>\n<td><span style=\"font-weight: 400;\">83.83\u00a0<\/span><\/td>\n<td><span style=\"font-weight: 400;\">37.0<\/span><\/td>\n<\/tr>\n<tr>\n<td><\/td>\n<td><span style=\"font-weight: 400;\">SIP-195-900\u00a0<\/span><\/td>\n<td><span style=\"font-weight: 400;\">225\u00a0<\/span><\/td>\n<td><span style=\"font-weight: 400;\">251.34\u00a0<\/span><\/td>\n<td><span style=\"font-weight: 400;\">111.71\u00a0<\/span><\/td>\n<td><span style=\"font-weight: 400;\">56.3<\/span><\/td>\n<\/tr>\n<tr>\n<td><\/td>\n<td><span style=\"font-weight: 400;\">SIP-195-600\u00a0<\/span><\/td>\n<td><span style=\"font-weight: 400;\">225\u00a0<\/span><\/td>\n<td><span style=\"font-weight: 400;\">121.93\u00a0<\/span><\/td>\n<td><span style=\"font-weight: 400;\">81.29\u00a0<\/span><\/td>\n<td><span style=\"font-weight: 400;\">43.0<\/span><\/td>\n<\/tr>\n<\/tbody>\n<\/table>\n<p>&nbsp;<\/p>\n","protected":false},"excerpt":{"rendered":"<p><strong>KANTAVAT PUR-ERISTETYT SEIN\u00c4PANEELIT\u00a0PANELO STRONG SIP.<\/strong><\/p>\n<p>Puu-sandwich-paneelit ovat SIP-tyyppisi\u00e4 paneeleita, mutta merkitt\u00e4v\u00e4sti vahvempia ja laadukkaampia. PANELO STRONG SIP-paneelit koostuvat vahvasta puukehyksest\u00e4 ja PUR-eristeest\u00e4 ja ne on p\u00e4\u00e4llystetty molemmin puolin OSB-levyll\u00e4. Paneelin tekee erityisen vahvaksi ja energiatehokkaaksi ainutlaatuinen teknologia, joka sis\u00e4lt\u00e4\u00e4 paneeliin suljettuja huokosia sis\u00e4lt\u00e4v\u00e4\u00e4 vaahtoa. Paneelit kest\u00e4v\u00e4t pitk\u00e4aikaisen puristuskuorman jopa 10 tonnia metri\u00e4 kohden.<\/p>\n","protected":false},"featured_media":28163,"comment_status":"open","ping_status":"closed","template":"","meta":{"_acf_changed":false},"factory":[],"free-shipment":[],"product_brand":[],"product_cat":[1112,2476],"product_tag":[521],"class_list":{"0":"post-28175","1":"product","2":"type-product","3":"status-publish","4":"has-post-thumbnail","6":"product_cat-elementtitalot","7":"product_cat-sip-paneelit","8":"product_tag-panel-fi","10":"first","11":"instock","12":"sale","13":"taxable","14":"shipping-taxable","15":"purchasable","16":"product-type-simple"},"acf":[],"_links":{"self":[{"href":"https:\/\/factory.sale\/fi\/wp-json\/wp\/v2\/product\/28175","targetHints":{"allow":["GET"]}}],"collection":[{"href":"https:\/\/factory.sale\/fi\/wp-json\/wp\/v2\/product"}],"about":[{"href":"https:\/\/factory.sale\/fi\/wp-json\/wp\/v2\/types\/product"}],"replies":[{"embeddable":true,"href":"https:\/\/factory.sale\/fi\/wp-json\/wp\/v2\/comments?post=28175"}],"wp:featuredmedia":[{"embeddable":true,"href":"https:\/\/factory.sale\/fi\/wp-json\/wp\/v2\/media\/28163"}],"wp:attachment":[{"href":"https:\/\/factory.sale\/fi\/wp-json\/wp\/v2\/media?parent=28175"}],"wp:term":[{"taxonomy":"factory","embeddable":true,"href":"https:\/\/factory.sale\/fi\/wp-json\/wp\/v2\/factory?post=28175"},{"taxonomy":"free-shipment","embeddable":true,"href":"https:\/\/factory.sale\/fi\/wp-json\/wp\/v2\/free-shipment?post=28175"},{"taxonomy":"product_brand","embeddable":true,"href":"https:\/\/factory.sale\/fi\/wp-json\/wp\/v2\/product_brand?post=28175"},{"taxonomy":"product_cat","embeddable":true,"href":"https:\/\/factory.sale\/fi\/wp-json\/wp\/v2\/product_cat?post=28175"},{"taxonomy":"product_tag","embeddable":true,"href":"https:\/\/factory.sale\/fi\/wp-json\/wp\/v2\/product_tag?post=28175"}],"curies":[{"name":"wp","href":"https:\/\/api.w.org\/{rel}","templated":true}]}}