{"id":28126,"date":"2023-05-17T10:07:49","date_gmt":"2023-05-17T10:35:38","guid":{"rendered":"https:\/\/factory.sale\/?post_type=product&#038;p=28126"},"modified":"2024-06-26T13:18:28","modified_gmt":"2024-06-26T13:18:28","slug":"tulesaar-iso-penkkimoduuli-3000x400mm","status":"publish","type":"product","link":"https:\/\/factory.sale\/fi\/tuote\/tulesaar-iso-penkkimoduuli-3000x400mm\/","title":{"rendered":"Tulesaar iso penkkimoduuli (3000x400mm)"},"content":{"rendered":"<p>TULESAAR on virolainen br\u00e4ndi, joka on tunnettu laadukkaasta puutarhakalusteistaan. Ulkokalustesarjamme on suunniteltu korostamaan modernin puutarhan kauneutta. Ulkokaluste- ja grillisetti on upea lis\u00e4 jokaiseen ulkotilaan. Matalaprofiilinen ja elegantti ulkon\u00e4k\u00f6 huokuu modernia tyyli\u00e4. Tyylikk\u00e4\u00e4t p\u00e4hkin\u00e4n s\u00e4vyt lis\u00e4\u00e4v\u00e4t setille eleganttia ilmett\u00e4 ja samalla korostavat sen monimutkaisia yksityiskohtia.<\/p>\n<p>Mutta kyse ei ole vain ulkon\u00e4\u00f6st\u00e4 &#8211; TULESAARin ulkokalustesarjat on suunniteltu kest\u00e4m\u00e4\u00e4n. Kest\u00e4v\u00e4 jauhemaalattu rakenne takaa, ett\u00e4 kalusteet ovat k\u00e4yt\u00e4nn\u00f6llisi\u00e4 ja vaativat v\u00e4h\u00e4n huoltoa. N\u00e4in voit viett\u00e4\u00e4 enemm\u00e4n aikaa nauttien ulkotilastasi ja v\u00e4hemm\u00e4n aikaa huoltamiseen liittyvist\u00e4 huolista.<\/p>\n<p>&nbsp;<\/p>\n<p><strong>Iso penkkimoduuli:<\/strong><\/p>\n<ul>\n<li>Mitat: 3000 x 400 mm<\/li>\n<li>3 levy\u00e4<\/li>\n<li>8 jalkaa<\/li>\n<\/ul>\n","protected":false},"excerpt":{"rendered":"<p>TULESAAR on virolainen br\u00e4ndi, joka on tunnettu laadukkaasta puutarhakalusteistaan. Ulkokalustesarjamme on suunniteltu korostamaan modernin puutarhan kauneutta. Ulkokaluste- ja grillisetti on upea lis\u00e4 jokaiseen ulkotilaan. Matalaprofiilinen ja elegantti ulkon\u00e4k\u00f6 huokuu modernia tyyli\u00e4. Tyylikk\u00e4\u00e4t p\u00e4hkin\u00e4n s\u00e4vyt lis\u00e4\u00e4v\u00e4t setille eleganttia ilmett\u00e4 ja samalla korostavat sen monimutkaisia yksityiskohtia.<\/p>\n","protected":false},"featured_media":28123,"comment_status":"open","ping_status":"closed","template":"","meta":{"_acf_changed":false},"factory":[],"free-shipment":[],"product_brand":[],"product_cat":[997,4242],"product_tag":[1488],"class_list":{"0":"post-28126","1":"product","2":"type-product","3":"status-publish","4":"has-post-thumbnail","6":"product_cat-piha-puutarha-fi","7":"product_cat-puutarharakennukset","8":"product_tag-garden-fi","10":"first","11":"instock","12":"sale","13":"taxable","14":"shipping-taxable","15":"purchasable","16":"product-type-simple"},"acf":[],"_links":{"self":[{"href":"https:\/\/factory.sale\/fi\/wp-json\/wp\/v2\/product\/28126","targetHints":{"allow":["GET"]}}],"collection":[{"href":"https:\/\/factory.sale\/fi\/wp-json\/wp\/v2\/product"}],"about":[{"href":"https:\/\/factory.sale\/fi\/wp-json\/wp\/v2\/types\/product"}],"replies":[{"embeddable":true,"href":"https:\/\/factory.sale\/fi\/wp-json\/wp\/v2\/comments?post=28126"}],"wp:featuredmedia":[{"embeddable":true,"href":"https:\/\/factory.sale\/fi\/wp-json\/wp\/v2\/media\/28123"}],"wp:attachment":[{"href":"https:\/\/factory.sale\/fi\/wp-json\/wp\/v2\/media?parent=28126"}],"wp:term":[{"taxonomy":"factory","embeddable":true,"href":"https:\/\/factory.sale\/fi\/wp-json\/wp\/v2\/factory?post=28126"},{"taxonomy":"free-shipment","embeddable":true,"href":"https:\/\/factory.sale\/fi\/wp-json\/wp\/v2\/free-shipment?post=28126"},{"taxonomy":"product_brand","embeddable":true,"href":"https:\/\/factory.sale\/fi\/wp-json\/wp\/v2\/product_brand?post=28126"},{"taxonomy":"product_cat","embeddable":true,"href":"https:\/\/factory.sale\/fi\/wp-json\/wp\/v2\/product_cat?post=28126"},{"taxonomy":"product_tag","embeddable":true,"href":"https:\/\/factory.sale\/fi\/wp-json\/wp\/v2\/product_tag?post=28126"}],"curies":[{"name":"wp","href":"https:\/\/api.w.org\/{rel}","templated":true}]}}