{"id":27966,"date":"2023-05-14T20:54:08","date_gmt":"2023-05-15T06:47:39","guid":{"rendered":"https:\/\/factory.sale\/?post_type=product&#038;p=27966"},"modified":"2024-06-29T05:33:08","modified_gmt":"2024-06-29T05:33:08","slug":"sahkokiuas-loyly-loitsu-6kw-6-9-m%c2%b3","status":"publish","type":"product","link":"https:\/\/factory.sale\/fi\/tuote\/sahkokiuas-loyly-loitsu-6kw-6-9-m%c2%b3\/","title":{"rendered":"S\u00e4hk\u00f6kiuas L\u00f6yly Loitsu 6kW, 6-9 m\u00b3"},"content":{"rendered":"<p><img loading=\"lazy\" decoding=\"async\" class=\"alignnone wp-image-27956\" src=\"https:\/\/factory.sale\/wp-content\/uploads\/2023\/05\/made-in-finland-300x240.png\" alt=\"\" width=\"379\" height=\"303\" srcset=\"https:\/\/factory.sale\/wp-content\/uploads\/2023\/05\/made-in-finland-300x240.png 300w, https:\/\/factory.sale\/wp-content\/uploads\/2023\/05\/made-in-finland-150x120.png 150w, https:\/\/factory.sale\/wp-content\/uploads\/2023\/05\/made-in-finland-600x480.png 600w, https:\/\/factory.sale\/wp-content\/uploads\/2023\/05\/made-in-finland.png 750w\" sizes=\"auto, (max-width: 379px) 100vw, 379px\" \/><\/p>\n<p>L\u00f6ylyn ensimm\u00e4inen s\u00e4hk\u00f6kiuas Loitsu on markkinoiden pirist\u00e4vin tornikiuas. Sen suunnittelussa haluttiin vastata kahteen vaatimukseen: ulkon\u00e4\u00f6n pit\u00e4\u00e4 miellytt\u00e4\u00e4 vaativaakin esteettist\u00e4 silm\u00e4\u00e4 ja l\u00f6ylyjen on vastattava intohimoisimpien saunojien vaatimuksia.<\/p>\n<p>Suuren kivimassan ja suomalaisen Meyerin valmistamien laadukkaiden vastusten ansiosta kiukaan l\u00f6ylyt eiv\u00e4t juurikaan eroa puukiukaiden totutuista pehmeist\u00e4 ja pitk\u00e4kestoisista l\u00f6ylyist\u00e4.<\/p>\n<p>&nbsp;<\/p>\n<p><strong>Lis\u00e4tietoja kiukaasta<\/strong><\/p>\n<p>Vastusten muotoilu ja asennustapa mahdollistavat sen, ett\u00e4 kivet asettuvat niiden v\u00e4liin optimaalisesti. N\u00e4in vastukset eiv\u00e4t kuumenna toisiaan, vaan l\u00e4mmitt\u00e4v\u00e4t kiukaan kivi\u00e4 tehokkaasti. Tuloksena on pidempi k\u00e4ytt\u00f6ik\u00e4 vastuksille &#8211; ja mahtavat l\u00f6ylyt!<\/p>\n<p>Ulkovaipan nerokkaan suunnittelun ansiosta Loitsu on my\u00f6s turvallinen kiuas. Kiukaan kuumetessa ja l\u00f6yly\u00e4 heitett\u00e4ess\u00e4 l\u00e4mmin ilma nousee kiukaan sis\u00e4ll\u00e4 tehokkaasti yl\u00f6sp\u00e4in. Samalla korvausilmaa tulee sis\u00e4\u00e4n kiukaan avoimesta ulkoverkosta, mik\u00e4 j\u00e4\u00e4hdytt\u00e4\u00e4 kiukaan ulkokuorta tehokkaammin kuin mit\u00e4 uloimmat kivet pystyv\u00e4t l\u00e4mpenem\u00e4\u00e4n. Suositusl\u00e4mp\u00f6tiloissa saunoessa uloimpien kivien l\u00e4mp\u00f6tila ei nouse niin polttavan kuumaksi kuin vanhojen peltikiukaiden kuoret, mik\u00e4 tekee kiukaasta turvallisemman. Siksi Loitsu on hyv\u00e4 valinta esimerkiksi lapsiperheen uudeksi kiukaaksi.<\/p>\n<p>&nbsp;<\/p>\n<p>Kiukaan koko 300x300x1200cm<\/p>\n<p>Kiuaskivien m\u00e4\u00e4r\u00e4 120kg<\/p>\n<p><img loading=\"lazy\" decoding=\"async\" class=\"alignnone size-medium wp-image-40842\" src=\"https:\/\/factory.sale\/wp-content\/uploads\/2023\/05\/LoylySuomi_Loitsu-kiuas_Kayttoohje-pdf-300x300.png\" alt=\"\" width=\"300\" height=\"300\" srcset=\"https:\/\/factory.sale\/wp-content\/uploads\/2023\/05\/LoylySuomi_Loitsu-kiuas_Kayttoohje-pdf-300x300.png 300w, https:\/\/factory.sale\/wp-content\/uploads\/2023\/05\/LoylySuomi_Loitsu-kiuas_Kayttoohje-pdf-150x150.png 150w, https:\/\/factory.sale\/wp-content\/uploads\/2023\/05\/LoylySuomi_Loitsu-kiuas_Kayttoohje-pdf-75x75.png 75w, https:\/\/factory.sale\/wp-content\/uploads\/2023\/05\/LoylySuomi_Loitsu-kiuas_Kayttoohje-pdf-600x602.png 600w, https:\/\/factory.sale\/wp-content\/uploads\/2023\/05\/LoylySuomi_Loitsu-kiuas_Kayttoohje-pdf-100x100.png 100w, https:\/\/factory.sale\/wp-content\/uploads\/2023\/05\/LoylySuomi_Loitsu-kiuas_Kayttoohje-pdf.png 683w\" sizes=\"auto, (max-width: 300px) 100vw, 300px\" \/><\/p>\n<p><strong>V\u00e4rivaihtoehdot<\/strong><\/p>\n<ul>\n<li>Mustaverkkoinen<\/li>\n<li>RST-verkkoinen<\/li>\n<\/ul>\n<p>&nbsp;<\/p>\n<p><strong>Kiinte\u00e4ll\u00e4 ohjauskeskuksella (ei sis. ALV):<\/strong><\/p>\n<ul>\n<li>S\u00e4hk\u00f6kiuas L\u00f6yly Loitsu, 6kW, 6-9 m\u00b3, kiinte\u00e4 ohjaus, musta etuosa (LS6422KM) &#8211; 795 .-<\/li>\n<li>S\u00e4hk\u00f6kiuas L\u00f6yly Loitsu, 6kW, 6-9 m\u00b3, kiinte\u00e4 ohjaus, ensimm\u00e4inen (LS6422KR) &#8211; 795 .-<\/li>\n<\/ul>\n<p><strong>Ulkoisella ohjauskeskuksella (ei sis. ALV):<\/strong><\/p>\n<ul>\n<li>S\u00e4hk\u00f6kiuas L\u00f6yly Loitsu, 6kW, 6-9 m\u00b3, erillinen ohjaus, ensimm\u00e4inen musta (LS6422EM) &#8211; 960 .-<\/li>\n<li>S\u00e4hk\u00f6kiuas L\u00f6yly Loitsu, 6kW, 6-9 m\u00b3, erillinen ohjaus, ensimm\u00e4inen (LS6422ER) &#8211; 960.-<\/li>\n<\/ul>\n<p>&nbsp;<\/p>\n<p>&nbsp;<\/p>\n<p>&nbsp;<\/p>\n<p><a href=\"https:\/\/factory.sale\/wp-content\/uploads\/2023\/05\/LoylySuomi_Loitsu-kiuas_Kayttoohje.pdf\" target=\"_blank\" rel=\"noopener\">Ohjeet<\/a><\/p>\n","protected":false},"excerpt":{"rendered":"<p>L\u00f6ylyn ensimm\u00e4inen s\u00e4hk\u00f6kiuas Loitsu on markkinoiden pirist\u00e4vin tornikiuas. Sen suunnittelussa haluttiin vastata kahteen vaatimukseen: ulkon\u00e4\u00f6n pit\u00e4\u00e4 miellytt\u00e4\u00e4 vaativaakin esteettist\u00e4 silm\u00e4\u00e4 ja l\u00f6ylyjen on vastattava intohimoisimpien saunojien vaatimuksia.<\/p>\n<p><em><span style=\"font-weight: 400;\">Valmistettu Suomessa!<\/span><\/em><\/p>\n","protected":false},"featured_media":27955,"comment_status":"open","ping_status":"closed","template":"","meta":{"_acf_changed":false},"factory":[],"free-shipment":[],"product_brand":[],"product_cat":[2455,484],"product_tag":[2668,4987,2106],"class_list":{"0":"post-27966","1":"product","2":"type-product","3":"status-publish","4":"has-post-thumbnail","6":"product_cat-loyly-fi","7":"product_cat-saunan-kiukaat","8":"product_tag-bathroom-and-sauna-fi","9":"product_tag-sahkokiuas-fi","10":"product_tag-sauna-fi","12":"first","13":"instock","14":"sale","15":"taxable","16":"shipping-taxable","17":"purchasable","18":"product-type-simple"},"acf":[],"_links":{"self":[{"href":"https:\/\/factory.sale\/fi\/wp-json\/wp\/v2\/product\/27966","targetHints":{"allow":["GET"]}}],"collection":[{"href":"https:\/\/factory.sale\/fi\/wp-json\/wp\/v2\/product"}],"about":[{"href":"https:\/\/factory.sale\/fi\/wp-json\/wp\/v2\/types\/product"}],"replies":[{"embeddable":true,"href":"https:\/\/factory.sale\/fi\/wp-json\/wp\/v2\/comments?post=27966"}],"wp:featuredmedia":[{"embeddable":true,"href":"https:\/\/factory.sale\/fi\/wp-json\/wp\/v2\/media\/27955"}],"wp:attachment":[{"href":"https:\/\/factory.sale\/fi\/wp-json\/wp\/v2\/media?parent=27966"}],"wp:term":[{"taxonomy":"factory","embeddable":true,"href":"https:\/\/factory.sale\/fi\/wp-json\/wp\/v2\/factory?post=27966"},{"taxonomy":"free-shipment","embeddable":true,"href":"https:\/\/factory.sale\/fi\/wp-json\/wp\/v2\/free-shipment?post=27966"},{"taxonomy":"product_brand","embeddable":true,"href":"https:\/\/factory.sale\/fi\/wp-json\/wp\/v2\/product_brand?post=27966"},{"taxonomy":"product_cat","embeddable":true,"href":"https:\/\/factory.sale\/fi\/wp-json\/wp\/v2\/product_cat?post=27966"},{"taxonomy":"product_tag","embeddable":true,"href":"https:\/\/factory.sale\/fi\/wp-json\/wp\/v2\/product_tag?post=27966"}],"curies":[{"name":"wp","href":"https:\/\/api.w.org\/{rel}","templated":true}]}}